{"id":766861,"date":"2025-08-28T12:28:20","date_gmt":"2025-08-28T09:28:20","guid":{"rendered":"https:\/\/roveyayinevi.com.tr\/index.php\/urun\/dusun-ve-zengin-ol-2\/"},"modified":"2026-04-03T03:23:56","modified_gmt":"2026-04-03T00:23:56","slug":"dusun-ve-zengin-ol-2","status":"publish","type":"product","link":"https:\/\/roveyayinevi.com.tr\/index.php\/urun\/dusun-ve-zengin-ol-2\/","title":{"rendered":"D\u00fc\u015f\u00fcn ve Zengin Ol"},"content":{"rendered":"<p>Ger\u00e7ek zenginli\u011fin ve ba\u015far\u0131n\u0131n s\u0131rr\u0131n\u0131 ke\u015ffederek hayat\u0131n\u0131z\u0131 d\u00f6n\u00fc\u015ft\u00fcrmeye haz\u0131r m\u0131s\u0131n\u0131z? E\u011fer haz\u0131rsan\u0131z elinizdeki kitap e\u015fli\u011finde hayalinizdeki serveti biriktirmeye hemen ba\u015flayabilirsiniz!   Neden baz\u0131 insanlar varl\u0131kl\u0131 bir \u015fekilde hayatlar\u0131n\u0131 s\u00fcrd\u00fcr\u00fcrken baz\u0131lar\u0131 yoksulluk i\u00e7indedir? Napoleon Hill, bu sorunun cevab\u0131n\u0131 bulmaya 25 y\u0131l\u0131n\u0131 adad\u0131 ve bug\u00fcne kadar milyonlarca insana rehber olan D\u00fc\u015f\u00fcn ve Zengin Ol&#8217;u yazd\u0131. \u0130lk kez 1937&#8217;de yay\u0131mlanan ve 100 milyonun \u00fczerinde satan bu ba\u015fyap\u0131t Mitch Horowitz\u2019in takdimi ve notlar\u0131yla zenginle\u015ftirilerek yeni ve eksiksiz bir edisyon h\u00e2line getirildi.   Kendi potansiyelinizi ger\u00e7ekle\u015ftirmenizi sa\u011flayan zaman\u0131n\u0131n \u00f6tesindeki \u00f6\u011fretileriyle Napoleon Hill, D\u00fc\u015f\u00fcn ve Zengin Ol&#8217;da paha bi\u00e7ilmez bilgeli\u011fini sizlerle payla\u015f\u0131yor. Yaln\u0131zca ne yapman\u0131z gerekti\u011fini de\u011fil, nas\u0131l yapman\u0131z gerekti\u011fini de \u00f6\u011fretiyor. <\/p>\n","protected":false},"excerpt":{"rendered":"<p>Ger\u00e7ek zenginli\u011fin ve ba\u015far\u0131n\u0131n s\u0131rr\u0131n\u0131 ke\u015ffederek hayat\u0131n\u0131z\u0131 d\u00f6n\u00fc\u015ft\u00fcrmeye haz\u0131r m\u0131s\u0131n\u0131z? E\u011fer haz\u0131rsan\u0131z elinizdeki kitap e\u015fli\u011finde hayalinizdeki serveti biriktirmeye hemen ba\u015flayabilirsiniz! Neden baz\u0131 insanlar varl\u0131kl\u0131 bir \u015fekilde<span class=\"excerpt-hellip\"> [\u2026]<\/span><\/p>\n","protected":false},"featured_media":0,"template":"","meta":{"_monsterinsights_skip_tracking":false,"_monsterinsights_sitenote_active":false,"_monsterinsights_sitenote_note":"","_monsterinsights_sitenote_category":0},"product_brand":[],"product_cat":[12364,12376],"product_tag":[],"class_list":{"0":"post-766861","1":"product","2":"type-product","3":"status-publish","5":"product_cat-genel-konular","6":"product_cat-kisisel-gelisim","7":"pa_cilt-ciltsiz","8":"pa_tur-kitap","9":"pa_yayinevi-profil-kitap","10":"pa_yazar-napoleon-hill","12":"first","13":"instock","14":"sale","15":"shipping-taxable","16":"purchasable","17":"product-type-simple"},"_links":{"self":[{"href":"https:\/\/roveyayinevi.com.tr\/index.php\/wp-json\/wp\/v2\/product\/766861","targetHints":{"allow":["GET"]}}],"collection":[{"href":"https:\/\/roveyayinevi.com.tr\/index.php\/wp-json\/wp\/v2\/product"}],"about":[{"href":"https:\/\/roveyayinevi.com.tr\/index.php\/wp-json\/wp\/v2\/types\/product"}],"wp:attachment":[{"href":"https:\/\/roveyayinevi.com.tr\/index.php\/wp-json\/wp\/v2\/media?parent=766861"}],"wp:term":[{"taxonomy":"product_brand","embeddable":true,"href":"https:\/\/roveyayinevi.com.tr\/index.php\/wp-json\/wp\/v2\/product_brand?post=766861"},{"taxonomy":"product_cat","embeddable":true,"href":"https:\/\/roveyayinevi.com.tr\/index.php\/wp-json\/wp\/v2\/product_cat?post=766861"},{"taxonomy":"product_tag","embeddable":true,"href":"https:\/\/roveyayinevi.com.tr\/index.php\/wp-json\/wp\/v2\/product_tag?post=766861"}],"curies":[{"name":"wp","href":"https:\/\/api.w.org\/{rel}","templated":true}]}}