{"id":766853,"date":"2025-08-28T12:28:05","date_gmt":"2025-08-28T09:28:05","guid":{"rendered":"https:\/\/roveyayinevi.com.tr\/index.php\/urun\/iskenceci\/"},"modified":"2026-04-15T03:32:40","modified_gmt":"2026-04-15T00:32:40","slug":"iskenceci","status":"publish","type":"product","link":"https:\/\/roveyayinevi.com.tr\/index.php\/urun\/iskenceci\/","title":{"rendered":"\u0130\u015fkenceci"},"content":{"rendered":"<p>Alev Alatl\u0131&#8217;n\u0131n ikinci roman\u0131 \u0130\u015fkenceci, ilk yay\u0131mland\u0131\u011f\u0131 g\u00fcnden bug\u00fcne g\u00fcc\u00fcnden bir \u015fey kaybetmedi. T\u00fcrkiye Yazarlar Birli\u011fi, 1987 Roman \u00d6d\u00fcl\u00fc\u2019ne de\u011fer g\u00f6r\u00fclen roman, 12 Eyl\u00fcl 1980 \u0130htilali\u2019nin siyas\u00ee, sosyal ve ekonomik sonu\u00e7lar\u0131n\u0131n ortaya \u00e7\u0131kard\u0131\u011f\u0131 toplumsal d\u00f6n\u00fc\u015f\u00fcm\u00fc, i\u015fkence eden ve edilen \u00fczerinden hayal ve ger\u00e7eklik perdesinde tahlil ediyor. \u0130\u015fkence eden ve edilen\u2026 Zaman zaman ve yer yer de\u011fi\u015fiyor. Devlet, din, mikro k\u00fclt\u00fcr ve aile olarak s\u0131ralanabilecek i\u015fkenceci t\u00fcrleri okuyucunun dikkatiyle ortaya \u00e7\u0131k\u0131yor. T\u00fcrl\u00fc t\u00fcrl\u00fc insan hallerini resimleyen bu metin; ba\u015far\u0131s\u0131zl\u0131\u011f\u0131n i\u00e7indeki ba\u015far\u0131y\u0131, ac\u0131mas\u0131zl\u0131\u011f\u0131n i\u00e7indeki merhameti, umutsuzlu\u011fun i\u00e7indeki b\u00fcy\u00fck umudu harf harf i\u015fliyor. Alev Alatl\u0131&#8217;dan \u00e7ok okunmu\u015f, \u00e7ok tart\u0131\u015f\u0131lm\u0131\u015f ve bir o kadar da takdir edilmi\u015f bir roman. \u0130\u015fkenceci\u2026   \u201cT\u00fcrkiye\u2019de i\u015fkence g\u00f6ren ile i\u015fkenceci aras\u0131ndaki fark, Birinci \u015eube\u2019de tutukluyu polis memurundan ay\u0131ran, k\u00f6t\u00fc kontrplak kadar incedir. Mazlumla zalim her zaman yer de\u011fi\u015ftirebilirler. \u00c7\u00fcnk\u00fc bu \u00fclkenin insan\u0131 \u201cmezalim\u201de tepki g\u00f6stermeyecek kadar zalim olabilir.\u201d <\/p>\n","protected":false},"excerpt":{"rendered":"<p>Alev Alatl\u0131&#8217;n\u0131n ikinci roman\u0131 \u0130\u015fkenceci, ilk yay\u0131mland\u0131\u011f\u0131 g\u00fcnden bug\u00fcne g\u00fcc\u00fcnden bir \u015fey kaybetmedi. T\u00fcrkiye Yazarlar Birli\u011fi, 1987 Roman \u00d6d\u00fcl\u00fc\u2019ne de\u011fer g\u00f6r\u00fclen roman, 12 Eyl\u00fcl 1980 \u0130htilali\u2019nin<span class=\"excerpt-hellip\"> [\u2026]<\/span><\/p>\n","protected":false},"featured_media":0,"template":"","meta":{"_monsterinsights_skip_tracking":false,"_monsterinsights_sitenote_active":false,"_monsterinsights_sitenote_note":"","_monsterinsights_sitenote_category":0},"product_brand":[],"product_cat":[12291,12711],"product_tag":[],"class_list":{"0":"post-766853","1":"product","2":"type-product","3":"status-publish","5":"product_cat-edebiyat","6":"product_cat-roman-oyku","7":"pa_cilt-ciltsiz","8":"pa_tur-kitap","9":"pa_yayinevi-kapi-yayinlari","10":"pa_yazar-alev-alatli","12":"first","13":"instock","14":"sale","15":"shipping-taxable","16":"purchasable","17":"product-type-simple"},"_links":{"self":[{"href":"https:\/\/roveyayinevi.com.tr\/index.php\/wp-json\/wp\/v2\/product\/766853","targetHints":{"allow":["GET"]}}],"collection":[{"href":"https:\/\/roveyayinevi.com.tr\/index.php\/wp-json\/wp\/v2\/product"}],"about":[{"href":"https:\/\/roveyayinevi.com.tr\/index.php\/wp-json\/wp\/v2\/types\/product"}],"wp:attachment":[{"href":"https:\/\/roveyayinevi.com.tr\/index.php\/wp-json\/wp\/v2\/media?parent=766853"}],"wp:term":[{"taxonomy":"product_brand","embeddable":true,"href":"https:\/\/roveyayinevi.com.tr\/index.php\/wp-json\/wp\/v2\/product_brand?post=766853"},{"taxonomy":"product_cat","embeddable":true,"href":"https:\/\/roveyayinevi.com.tr\/index.php\/wp-json\/wp\/v2\/product_cat?post=766853"},{"taxonomy":"product_tag","embeddable":true,"href":"https:\/\/roveyayinevi.com.tr\/index.php\/wp-json\/wp\/v2\/product_tag?post=766853"}],"curies":[{"name":"wp","href":"https:\/\/api.w.org\/{rel}","templated":true}]}}