{"id":766851,"date":"2025-08-28T12:28:01","date_gmt":"2025-08-28T09:28:01","guid":{"rendered":"https:\/\/roveyayinevi.com.tr\/index.php\/urun\/kizil-gokler\/"},"modified":"2026-04-15T03:32:40","modified_gmt":"2026-04-15T00:32:40","slug":"kizil-gokler","status":"publish","type":"product","link":"https:\/\/roveyayinevi.com.tr\/index.php\/urun\/kizil-gokler\/","title":{"rendered":"K\u0131z\u0131l G\u00f6kler"},"content":{"rendered":"<p>Hi\u00e7bir \u015fey g\u00f6r\u00fcnd\u00fc\u011f\u00fc gibi de\u011fildi. Kendimi ejderhalar ve faelerle dolu fantastik bir \u00e2lemde bulmay\u0131 hi\u00e7 beklemiyordum ama bu konuda benim isteklerimin hi\u00e7bir \u00f6nemi yoktu. Ger\u00e7i burada tanr\u0131lar\u0131n ipleri bile kaderin elindeydi. Onlar da kendi d\u00fcnyalar\u0131 yok edildi\u011finde Risest\u2019e d\u00fc\u015fm\u00fc\u015fler&#8230; ya da \u00f6yle sanm\u0131\u015flard\u0131. Hepsi kand\u0131r\u0131lm\u0131\u015ft\u0131. Arad\u0131klar\u0131 hain hi\u00e7 beklemedikleri biriydi: D\u00fcnyalar\u0131n\u0131 istila etmeye ve her \u015feyi yak\u0131p y\u0131kmaya kararl\u0131 olan anneleri. Be\u015f ejderha karde\u015fin art\u0131k birlikte \u00e7al\u0131\u015fmaktan ve g\u00fc\u00e7lerini birle\u015ftirmekten ba\u015fka \u00e7areleri yoktu. Sadece birle\u015firlerse kazanabilirlerdi. K\u0131z\u0131la boyal\u0131 g\u00f6\u011f\u00fcn alt\u0131nda beni nelerin bekledi\u011fini bilmiyordum ancak arkada\u015flar\u0131m\u0131n ve ailemin bu sava\u015ftan sa\u011f \u00e7\u0131kmas\u0131n\u0131 sa\u011flamak i\u00e7in ne gerekiyorsa yapacakt\u0131m. Hayat\u0131m\u0131n en zor karar\u0131n\u0131 vermek zorunda kalsam bile. <\/p>\n","protected":false},"excerpt":{"rendered":"<p>Hi\u00e7bir \u015fey g\u00f6r\u00fcnd\u00fc\u011f\u00fc gibi de\u011fildi. Kendimi ejderhalar ve faelerle dolu fantastik bir \u00e2lemde bulmay\u0131 hi\u00e7 beklemiyordum ama bu konuda benim isteklerimin hi\u00e7bir \u00f6nemi yoktu. Ger\u00e7i burada<span class=\"excerpt-hellip\"> [\u2026]<\/span><\/p>\n","protected":false},"featured_media":0,"template":"","meta":{"_monsterinsights_skip_tracking":false,"_monsterinsights_sitenote_active":false,"_monsterinsights_sitenote_note":"","_monsterinsights_sitenote_category":0},"product_brand":[],"product_cat":[12291,12711],"product_tag":[],"class_list":{"0":"post-766851","1":"product","2":"type-product","3":"status-publish","5":"product_cat-edebiyat","6":"product_cat-roman-oyku","7":"pa_cilt-ciltsiz","8":"pa_tur-kitap","9":"pa_yayinevi-nox-yayinlari","10":"pa_yazar-jaymin-eve","12":"first","13":"instock","14":"sale","15":"shipping-taxable","16":"purchasable","17":"product-type-simple"},"_links":{"self":[{"href":"https:\/\/roveyayinevi.com.tr\/index.php\/wp-json\/wp\/v2\/product\/766851","targetHints":{"allow":["GET"]}}],"collection":[{"href":"https:\/\/roveyayinevi.com.tr\/index.php\/wp-json\/wp\/v2\/product"}],"about":[{"href":"https:\/\/roveyayinevi.com.tr\/index.php\/wp-json\/wp\/v2\/types\/product"}],"wp:attachment":[{"href":"https:\/\/roveyayinevi.com.tr\/index.php\/wp-json\/wp\/v2\/media?parent=766851"}],"wp:term":[{"taxonomy":"product_brand","embeddable":true,"href":"https:\/\/roveyayinevi.com.tr\/index.php\/wp-json\/wp\/v2\/product_brand?post=766851"},{"taxonomy":"product_cat","embeddable":true,"href":"https:\/\/roveyayinevi.com.tr\/index.php\/wp-json\/wp\/v2\/product_cat?post=766851"},{"taxonomy":"product_tag","embeddable":true,"href":"https:\/\/roveyayinevi.com.tr\/index.php\/wp-json\/wp\/v2\/product_tag?post=766851"}],"curies":[{"name":"wp","href":"https:\/\/api.w.org\/{rel}","templated":true}]}}