{"id":766846,"date":"2025-08-28T12:27:48","date_gmt":"2025-08-28T09:27:48","guid":{"rendered":"https:\/\/roveyayinevi.com.tr\/index.php\/urun\/evanin-yukselisi\/"},"modified":"2026-04-15T03:32:40","modified_gmt":"2026-04-15T00:32:40","slug":"evanin-yukselisi","status":"publish","type":"product","link":"https:\/\/roveyayinevi.com.tr\/index.php\/urun\/evanin-yukselisi\/","title":{"rendered":"Eva\u2019n\u0131n Y\u00fckseli\u015fi"},"content":{"rendered":"<p>Zorluklarla dolu bir ge\u00e7mi\u015fin ard\u0131ndan, Eva art\u0131k kararl\u0131l\u0131\u011f\u0131n\u0131 ve cesaretini kan\u0131tlam\u0131\u015f bir kad\u0131n. Hayat\u0131n ona sundu\u011fu t\u00fcm engellere ra\u011fmen, Eva bu sefer daha da g\u00fc\u00e7l\u00fc bir \u015fekilde geri d\u00f6n\u00fcyor. Kendi i\u00e7indeki g\u00fcc\u00fc ke\u015ffettikten sonra, \u015fimdi etraf\u0131ndaki d\u00fcnyay\u0131 de\u011fi\u015ftirme arzusu ile yan\u0131yor. Eva\u2019n\u0131n ba\u015far\u0131 yolculu\u011funda att\u0131\u011f\u0131 yeni ad\u0131mlar, kar\u015f\u0131la\u015ft\u0131\u011f\u0131 yeni m\u00fccadeleler ve kazand\u0131\u011f\u0131 zaferler, ayn\u0131 zamanda ba\u015fkalar\u0131na ilham vererek toplumsal de\u011fi\u015fim i\u00e7in de ger\u00e7ekle\u015fiyor. Y\u00fckselirken, a\u015fk, dostluk ve dayan\u0131\u015fman\u0131n ger\u00e7ek anlam\u0131n\u0131 ke\u015ffedecek, pes etmeyen bir ruhun, inan\u00e7 ve azimle nas\u0131l zafer kazanabilece\u011fini okuyacaks\u0131n\u0131z. Eva ile hayallerinizin pe\u015finden ko\u015fman\u0131n, karanl\u0131kta parlayan bir \u0131\u015f\u0131k olman\u0131n \u00f6nemini bir kez daha hat\u0131rlayacaks\u0131n\u0131z. Cesaretinizi toplay\u0131n; \u00e7\u00fcnk\u00fc bu yolculukta her ad\u0131m, sizi daha da y\u00fckse\u011fe ta\u015f\u0131yacak! <\/p>\n","protected":false},"excerpt":{"rendered":"<p>Zorluklarla dolu bir ge\u00e7mi\u015fin ard\u0131ndan, Eva art\u0131k kararl\u0131l\u0131\u011f\u0131n\u0131 ve cesaretini kan\u0131tlam\u0131\u015f bir kad\u0131n. Hayat\u0131n ona sundu\u011fu t\u00fcm engellere ra\u011fmen, Eva bu sefer daha da g\u00fc\u00e7l\u00fc bir<span class=\"excerpt-hellip\"> [\u2026]<\/span><\/p>\n","protected":false},"featured_media":0,"template":"","meta":{"_monsterinsights_skip_tracking":false,"_monsterinsights_sitenote_active":false,"_monsterinsights_sitenote_note":"","_monsterinsights_sitenote_category":0},"product_brand":[],"product_cat":[12291,12711],"product_tag":[],"class_list":{"0":"post-766846","1":"product","2":"type-product","3":"status-publish","5":"product_cat-edebiyat","6":"product_cat-roman-oyku","7":"pa_cilt-ciltsiz","8":"pa_tur-kitap","9":"pa_yayinevi-servet-yayinevi","10":"pa_yazar-m-ali-targac","12":"first","13":"instock","14":"sale","15":"shipping-taxable","16":"purchasable","17":"product-type-simple"},"_links":{"self":[{"href":"https:\/\/roveyayinevi.com.tr\/index.php\/wp-json\/wp\/v2\/product\/766846","targetHints":{"allow":["GET"]}}],"collection":[{"href":"https:\/\/roveyayinevi.com.tr\/index.php\/wp-json\/wp\/v2\/product"}],"about":[{"href":"https:\/\/roveyayinevi.com.tr\/index.php\/wp-json\/wp\/v2\/types\/product"}],"wp:attachment":[{"href":"https:\/\/roveyayinevi.com.tr\/index.php\/wp-json\/wp\/v2\/media?parent=766846"}],"wp:term":[{"taxonomy":"product_brand","embeddable":true,"href":"https:\/\/roveyayinevi.com.tr\/index.php\/wp-json\/wp\/v2\/product_brand?post=766846"},{"taxonomy":"product_cat","embeddable":true,"href":"https:\/\/roveyayinevi.com.tr\/index.php\/wp-json\/wp\/v2\/product_cat?post=766846"},{"taxonomy":"product_tag","embeddable":true,"href":"https:\/\/roveyayinevi.com.tr\/index.php\/wp-json\/wp\/v2\/product_tag?post=766846"}],"curies":[{"name":"wp","href":"https:\/\/api.w.org\/{rel}","templated":true}]}}