{"id":766845,"date":"2025-08-28T12:27:45","date_gmt":"2025-08-28T09:27:45","guid":{"rendered":"https:\/\/roveyayinevi.com.tr\/index.php\/urun\/hukum-alan-cocuk\/"},"modified":"2025-09-30T20:25:45","modified_gmt":"2025-09-30T17:25:45","slug":"hukum-alan-cocuk","status":"publish","type":"product","link":"https:\/\/roveyayinevi.com.tr\/index.php\/urun\/hukum-alan-cocuk\/","title":{"rendered":"H\u00fck\u00fcm Alan \u00c7ocuk"},"content":{"rendered":"<p>Bir insan\u0131n karanl\u0131k sokaklardan hapishane duvarlar\u0131na uzanan yolculu\u011funda, i\u00e7sel d\u00f6n\u00fc\u015f\u00fcm\u00fcn\u00fc ve hayatla yeniden y\u00fczle\u015fmesini anlatan etkileyici bir hikaye. Zaman\u0131n ve \u00f6zg\u00fcrl\u00fc\u011f\u00fcn de\u011ferini \u00f6\u011frenen, dostluklar\u0131n ve ihaneti deneyimleyen, ac\u0131lar\u0131n i\u00e7inde insan olman\u0131n anlam\u0131n\u0131 arayan bir gencin \u00f6yk\u00fcs\u00fc&#8230; Hapishane duvarlar\u0131, sadece fiziksel bir k\u0131s\u0131tlama de\u011fil, i\u00e7sel bir ke\u015ffe \u00e7\u0131kan bir yolculuk i\u00e7in de bir mihenk ta\u015f\u0131d\u0131r. Her giri\u015f, her \u00e7\u0131k\u0131\u015f, farkl\u0131 bir pencere a\u00e7ar hayata. &#8220;H\u00fck\u00fcm Alan \u00c7ocuk&#8221;, su\u00e7, umut ve aff\u0131n i\u00e7 i\u00e7e ge\u00e7ti\u011fi, duygusal derinli\u011fiyle okuyucuyu sar\u0131p sarmalayan, insan ruhunun k\u0131r\u0131lganl\u0131\u011f\u0131n\u0131 ve yeniden do\u011fu\u015funu g\u00f6zler \u00f6n\u00fcne seren bir roman. <\/p>\n","protected":false},"excerpt":{"rendered":"<p>Bir insan\u0131n karanl\u0131k sokaklardan hapishane duvarlar\u0131na uzanan yolculu\u011funda, i\u00e7sel d\u00f6n\u00fc\u015f\u00fcm\u00fcn\u00fc ve hayatla yeniden y\u00fczle\u015fmesini anlatan etkileyici bir hikaye. Zaman\u0131n ve \u00f6zg\u00fcrl\u00fc\u011f\u00fcn de\u011ferini \u00f6\u011frenen, dostluklar\u0131n ve ihaneti<span class=\"excerpt-hellip\"> [\u2026]<\/span><\/p>\n","protected":false},"featured_media":0,"template":"","meta":{"_monsterinsights_skip_tracking":false,"_monsterinsights_sitenote_active":false,"_monsterinsights_sitenote_note":"","_monsterinsights_sitenote_category":0},"product_brand":[],"product_cat":[12291,12711],"product_tag":[],"class_list":{"0":"post-766845","1":"product","2":"type-product","3":"status-publish","5":"product_cat-edebiyat","6":"product_cat-roman-oyku","7":"pa_cilt-ciltsiz","8":"pa_tur-kitap","9":"pa_yayinevi-servet-yayinevi","10":"pa_yazar-adnan-baydas","12":"first","13":"instock","14":"sale","15":"shipping-taxable","16":"purchasable","17":"product-type-simple"},"_links":{"self":[{"href":"https:\/\/roveyayinevi.com.tr\/index.php\/wp-json\/wp\/v2\/product\/766845","targetHints":{"allow":["GET"]}}],"collection":[{"href":"https:\/\/roveyayinevi.com.tr\/index.php\/wp-json\/wp\/v2\/product"}],"about":[{"href":"https:\/\/roveyayinevi.com.tr\/index.php\/wp-json\/wp\/v2\/types\/product"}],"wp:attachment":[{"href":"https:\/\/roveyayinevi.com.tr\/index.php\/wp-json\/wp\/v2\/media?parent=766845"}],"wp:term":[{"taxonomy":"product_brand","embeddable":true,"href":"https:\/\/roveyayinevi.com.tr\/index.php\/wp-json\/wp\/v2\/product_brand?post=766845"},{"taxonomy":"product_cat","embeddable":true,"href":"https:\/\/roveyayinevi.com.tr\/index.php\/wp-json\/wp\/v2\/product_cat?post=766845"},{"taxonomy":"product_tag","embeddable":true,"href":"https:\/\/roveyayinevi.com.tr\/index.php\/wp-json\/wp\/v2\/product_tag?post=766845"}],"curies":[{"name":"wp","href":"https:\/\/api.w.org\/{rel}","templated":true}]}}