{"id":766841,"date":"2025-08-28T12:27:38","date_gmt":"2025-08-28T09:27:38","guid":{"rendered":"https:\/\/roveyayinevi.com.tr\/index.php\/urun\/kim-bilir\/"},"modified":"2026-04-15T03:32:39","modified_gmt":"2026-04-15T00:32:39","slug":"kim-bilir","status":"publish","type":"product","link":"https:\/\/roveyayinevi.com.tr\/index.php\/urun\/kim-bilir\/","title":{"rendered":"Kim Bilir"},"content":{"rendered":"<p>BA\u015eINA NE GEL\u0130RSE GELS\u0130N \u0130\u015e\u0130NE D\u00d6N VE EL\u0130NDEN GELEN\u0130N EN \u0130Y\u0130S\u0130N\u0130 YAP!   De\u011fi\u015fme g\u00fcc\u00fcn\u00fcz\u00fc asla hafife almay\u0131n. \u0130nsanlar\u0131n as\u0131l sihri ve gizemi, ne kadar bunalt\u0131c\u0131 olursa olsun her durumla ba\u015f edebilme, uyumlanma ve de\u011fi\u015febilme kapasitesi ile cesaretindedir. A\u00e7\u0131k g\u00f6r\u00fc\u015fl\u00fc olmaya ve de\u011fi\u015fime uyum sa\u011flamaya istekli olmak, ya\u015fama mizah katmak, hatalardan ders \u00e7\u0131karmak, zihni, bedeni ve d\u00fc\u015f\u00fcnceleri kontrol edebilmek, ne\u015feyle hayat\u0131 ad\u0131mlayabilmek iyi hissetmenin k\u00fc\u00e7\u00fck s\u0131rlar\u0131. Galler\u2019de ba\u015flayan ve T\u00fcrkiye\u2019de ge\u00e7en s\u0131ra d\u0131\u015f\u0131 bir hayat\u0131n kahraman\u0131 Joan Kim Erkan\u2019\u0131n nazik ve sevgi dolu sat\u0131rlar\u0131 samimi bir inan\u00e7la yola devam etme konusunda size ilham verecek. Bu kitap kendini a\u015f\u0131r\u0131 bask\u0131 alt\u0131nda hisseden, s\u00fcrekli kayg\u0131lar\u0131yla m\u00fccadele etmek zorunda kalan ve gelece\u011fe endi\u015feyle bakanlara asl\u0131nda olabilecekleri en iyi halde olduklar\u0131n\u0131 hat\u0131rlatacak. E\u015fsiz deneyimlerin melodisi sizi sararak ba\u015fka d\u00fcnyalara ta\u015f\u0131yacak, her an her birimizi \u00e7evreleyen o e\u015fsiz sevinci kucaklaman\u0131z\u0131 sa\u011flayacak. <\/p>\n","protected":false},"excerpt":{"rendered":"<p>BA\u015eINA NE GEL\u0130RSE GELS\u0130N \u0130\u015e\u0130NE D\u00d6N VE EL\u0130NDEN GELEN\u0130N EN \u0130Y\u0130S\u0130N\u0130 YAP! De\u011fi\u015fme g\u00fcc\u00fcn\u00fcz\u00fc asla hafife almay\u0131n. \u0130nsanlar\u0131n as\u0131l sihri ve gizemi, ne kadar bunalt\u0131c\u0131 olursa<span class=\"excerpt-hellip\"> [\u2026]<\/span><\/p>\n","protected":false},"featured_media":0,"template":"","meta":{"_monsterinsights_skip_tracking":false,"_monsterinsights_sitenote_active":false,"_monsterinsights_sitenote_note":"","_monsterinsights_sitenote_category":0},"product_brand":[],"product_cat":[18545,12291],"product_tag":[],"class_list":{"0":"post-766841","1":"product","2":"type-product","3":"status-publish","5":"product_cat-anlati","6":"product_cat-edebiyat","7":"pa_cilt-ciltsiz","8":"pa_tur-kitap","9":"pa_yayinevi-destek-yayinlari","10":"pa_yazar-joan-kim-erkan","12":"first","13":"instock","14":"sale","15":"shipping-taxable","16":"purchasable","17":"product-type-simple"},"_links":{"self":[{"href":"https:\/\/roveyayinevi.com.tr\/index.php\/wp-json\/wp\/v2\/product\/766841","targetHints":{"allow":["GET"]}}],"collection":[{"href":"https:\/\/roveyayinevi.com.tr\/index.php\/wp-json\/wp\/v2\/product"}],"about":[{"href":"https:\/\/roveyayinevi.com.tr\/index.php\/wp-json\/wp\/v2\/types\/product"}],"wp:attachment":[{"href":"https:\/\/roveyayinevi.com.tr\/index.php\/wp-json\/wp\/v2\/media?parent=766841"}],"wp:term":[{"taxonomy":"product_brand","embeddable":true,"href":"https:\/\/roveyayinevi.com.tr\/index.php\/wp-json\/wp\/v2\/product_brand?post=766841"},{"taxonomy":"product_cat","embeddable":true,"href":"https:\/\/roveyayinevi.com.tr\/index.php\/wp-json\/wp\/v2\/product_cat?post=766841"},{"taxonomy":"product_tag","embeddable":true,"href":"https:\/\/roveyayinevi.com.tr\/index.php\/wp-json\/wp\/v2\/product_tag?post=766841"}],"curies":[{"name":"wp","href":"https:\/\/api.w.org\/{rel}","templated":true}]}}