{"id":766839,"date":"2025-08-28T12:27:34","date_gmt":"2025-08-28T09:27:34","guid":{"rendered":"https:\/\/roveyayinevi.com.tr\/index.php\/urun\/kilic-olarak-yeniden-dogdum-2\/"},"modified":"2026-04-15T03:32:39","modified_gmt":"2026-04-15T00:32:39","slug":"kilic-olarak-yeniden-dogdum-2","status":"publish","type":"product","link":"https:\/\/roveyayinevi.com.tr\/index.php\/urun\/kilic-olarak-yeniden-dogdum-2\/","title":{"rendered":"K\u0131l\u0131\u00e7 Olarak Yeniden Do\u011fdum 2"},"content":{"rendered":"<p>USTA, YANIMDA OLDU\u011eUN S\u00dcRECE HER YERDE E\u011eLENEB\u0130L\u0130R VE G\u00dc\u00c7LENEB\u0130L\u0130R\u0130M!   ULUSAL KILICIN ETRAFINDA D\u00d6NEN ENTR\u0130KALAR&#8230; KILICIN \u00c7ALINMASINI D\u0130LEYEN K\u0130M OLAB\u0130L\u0130R? GER\u00c7EK ORTAYA \u00c7IKTI\u011eINDA S\u0130N\u0130RDEN DEL\u0130YE D\u00d6NEN PRENSES AMANDA! \u201cKILI\u00c7 OLARAK YEN\u0130DEN DO\u011eDUM\u201d YAN SER\u0130S\u0130N\u0130N \u0130LK KISMI BU C\u0130LTLE DORUK NOKTASINA ULA\u015eIYOR! <\/p>\n","protected":false},"excerpt":{"rendered":"<p>USTA, YANIMDA OLDU\u011eUN S\u00dcRECE HER YERDE E\u011eLENEB\u0130L\u0130R VE G\u00dc\u00c7LENEB\u0130L\u0130R\u0130M! ULUSAL KILICIN ETRAFINDA D\u00d6NEN ENTR\u0130KALAR&#8230; KILICIN \u00c7ALINMASINI D\u0130LEYEN K\u0130M OLAB\u0130L\u0130R? GER\u00c7EK ORTAYA \u00c7IKTI\u011eINDA S\u0130N\u0130RDEN DEL\u0130YE D\u00d6NEN PRENSES<span class=\"excerpt-hellip\"> [\u2026]<\/span><\/p>\n","protected":false},"featured_media":0,"template":"","meta":{"_monsterinsights_skip_tracking":false,"_monsterinsights_sitenote_active":false,"_monsterinsights_sitenote_note":"","_monsterinsights_sitenote_category":0},"product_brand":[],"product_cat":[12416,12291],"product_tag":[],"class_list":{"0":"post-766839","1":"product","2":"type-product","3":"status-publish","5":"product_cat-cizgi-roman","6":"product_cat-edebiyat","7":"pa_cilt-ciltsiz","8":"pa_tur-kitap","9":"pa_yayinevi-athica-yayinlari","10":"pa_yazar-tanaka-yuu","12":"first","13":"instock","14":"sale","15":"shipping-taxable","16":"purchasable","17":"product-type-simple"},"_links":{"self":[{"href":"https:\/\/roveyayinevi.com.tr\/index.php\/wp-json\/wp\/v2\/product\/766839","targetHints":{"allow":["GET"]}}],"collection":[{"href":"https:\/\/roveyayinevi.com.tr\/index.php\/wp-json\/wp\/v2\/product"}],"about":[{"href":"https:\/\/roveyayinevi.com.tr\/index.php\/wp-json\/wp\/v2\/types\/product"}],"wp:attachment":[{"href":"https:\/\/roveyayinevi.com.tr\/index.php\/wp-json\/wp\/v2\/media?parent=766839"}],"wp:term":[{"taxonomy":"product_brand","embeddable":true,"href":"https:\/\/roveyayinevi.com.tr\/index.php\/wp-json\/wp\/v2\/product_brand?post=766839"},{"taxonomy":"product_cat","embeddable":true,"href":"https:\/\/roveyayinevi.com.tr\/index.php\/wp-json\/wp\/v2\/product_cat?post=766839"},{"taxonomy":"product_tag","embeddable":true,"href":"https:\/\/roveyayinevi.com.tr\/index.php\/wp-json\/wp\/v2\/product_tag?post=766839"}],"curies":[{"name":"wp","href":"https:\/\/api.w.org\/{rel}","templated":true}]}}