{"id":766836,"date":"2025-08-28T12:27:29","date_gmt":"2025-08-28T09:27:29","guid":{"rendered":"https:\/\/roveyayinevi.com.tr\/index.php\/urun\/erotizmin-tarihi\/"},"modified":"2026-04-15T03:32:39","modified_gmt":"2026-04-15T00:32:39","slug":"erotizmin-tarihi","status":"publish","type":"product","link":"https:\/\/roveyayinevi.com.tr\/index.php\/urun\/erotizmin-tarihi\/","title":{"rendered":"Erotizmin Tarihi"},"content":{"rendered":"<p>Fransa&#8217;n\u0131n en ayk\u0131r\u0131 d\u00fc\u015f\u00fcn ve yaz\u0131n insanlar\u0131ndan Georges Bataille, Erotizmin Tarihi&#8217;nde, insan cinselli\u011finin antropolojik esaslar\u0131n\u0131n yan\u0131 s\u0131ra k\u00fclt\u00fcrel ve uygarl\u0131k tarihine i\u00e7kin niteliklerinin bir incelemesini sunuyor. \u0130nsan\u0131 hayvandan ay\u0131ran bir kavram olarak, cinsellik kar\u015f\u0131s\u0131nda duyulan derin deh\u015fet \u015feklinde tan\u0131mlad\u0131\u011f\u0131 erotizmi, L\u00e9vi Strauss, Sigmund Freud ve Marcel Mauss&#8217;la tart\u0131\u015farak derinle\u015ftiren Bataille, yasaklar, deh\u015fet, tiksinti ve \u00e7\u00fcr\u00fcme gibi may\u0131nl\u0131 arazilerde kendine \u00f6zg\u00fc bir bi\u00e7imde \u00e7arp\u0131\u015farak ilerliyor.Mahrem d\u00fcnyan\u0131n ger\u00e7ek d\u00fcnyaya, \u00f6l\u00e7\u00fcs\u00fczl\u00fc\u011f\u00fcn \u00f6l\u00e7\u00fcl\u00fcl\u00fc\u011fe, sarho\u015flu\u011fun akl\u0131 ba\u015f\u0131ndal\u0131\u011fa kar\u015f\u0131 duruldu\u011fu; bizi k\u00f6lele\u015ftiren yarar\u0131n ve \u00e7al\u0131\u015fman\u0131n egemenli\u011fine itiraz edilerek, \u00e2n\u0131n ve yarars\u0131zl\u0131\u011f\u0131n egemen oldu\u011fu tek edim olarak tan\u0131mlanan erotizm \u00fczerinden enerjilerin israf ihtimalini yeniden ke\u015ffetme \u00e7abas\u0131d\u0131r Erotizmin Tarihi.<\/p>\n","protected":false},"excerpt":{"rendered":"<p>Fransa&#8217;n\u0131n en ayk\u0131r\u0131 d\u00fc\u015f\u00fcn ve yaz\u0131n insanlar\u0131ndan Georges Bataille, Erotizmin Tarihi&#8217;nde, insan cinselli\u011finin antropolojik esaslar\u0131n\u0131n yan\u0131 s\u0131ra k\u00fclt\u00fcrel ve uygarl\u0131k tarihine i\u00e7kin niteliklerinin bir incelemesini sunuyor.<span class=\"excerpt-hellip\"> [\u2026]<\/span><\/p>\n","protected":false},"featured_media":0,"template":"","meta":{"_monsterinsights_skip_tracking":false,"_monsterinsights_sitenote_active":false,"_monsterinsights_sitenote_note":"","_monsterinsights_sitenote_category":0},"product_brand":[],"product_cat":[15499,13488],"product_tag":[],"class_list":{"0":"post-766836","1":"product","2":"type-product","3":"status-publish","5":"product_cat-antropoloji","6":"product_cat-toplum-ve-insan","7":"pa_cilt-ciltsiz","8":"pa_tur-kitap","9":"pa_yayinevi-sel-yayincilik","10":"pa_yazar-georges-bataille","12":"first","13":"instock","14":"sale","15":"shipping-taxable","16":"purchasable","17":"product-type-simple"},"_links":{"self":[{"href":"https:\/\/roveyayinevi.com.tr\/index.php\/wp-json\/wp\/v2\/product\/766836","targetHints":{"allow":["GET"]}}],"collection":[{"href":"https:\/\/roveyayinevi.com.tr\/index.php\/wp-json\/wp\/v2\/product"}],"about":[{"href":"https:\/\/roveyayinevi.com.tr\/index.php\/wp-json\/wp\/v2\/types\/product"}],"wp:attachment":[{"href":"https:\/\/roveyayinevi.com.tr\/index.php\/wp-json\/wp\/v2\/media?parent=766836"}],"wp:term":[{"taxonomy":"product_brand","embeddable":true,"href":"https:\/\/roveyayinevi.com.tr\/index.php\/wp-json\/wp\/v2\/product_brand?post=766836"},{"taxonomy":"product_cat","embeddable":true,"href":"https:\/\/roveyayinevi.com.tr\/index.php\/wp-json\/wp\/v2\/product_cat?post=766836"},{"taxonomy":"product_tag","embeddable":true,"href":"https:\/\/roveyayinevi.com.tr\/index.php\/wp-json\/wp\/v2\/product_tag?post=766836"}],"curies":[{"name":"wp","href":"https:\/\/api.w.org\/{rel}","templated":true}]}}