{"id":766835,"date":"2025-08-28T12:27:27","date_gmt":"2025-08-28T09:27:27","guid":{"rendered":"https:\/\/roveyayinevi.com.tr\/index.php\/urun\/celladin-guzel-kizi\/"},"modified":"2026-04-15T03:32:39","modified_gmt":"2026-04-15T00:32:39","slug":"celladin-guzel-kizi","status":"publish","type":"product","link":"https:\/\/roveyayinevi.com.tr\/index.php\/urun\/celladin-guzel-kizi\/","title":{"rendered":"Cellad\u0131n G\u00fczel K\u0131z\u0131"},"content":{"rendered":"<p>\u0130ngiliz edebiyat\u0131n\u0131n \u00e7\u0131\u011f\u0131r a\u00e7an, esinleyici kalemi ve en prestijli edebiyat \u00f6d\u00fcllerinden James Tait Black Memorial&#8217;a lay\u0131k g\u00f6r\u00fclen Angela Carter&#8217;\u0131n 30 y\u0131l\u0131 a\u015fk\u0131n hik\u00e2ye anlat\u0131c\u0131l\u0131\u011f\u0131n\u0131n d\u00f6rt ba\u015f\u0131 mamur bir yans\u0131mas\u0131: Cellad\u0131n G\u00fczel K\u0131z\u0131.Carter, kad\u0131n kahramanlar\u0131n\u0131 kenar mahallelerde, balta girmemi\u015f ormanlarda ya da \u015fehrin i\u015flek caddelerinde mitler, mistisizm, fanteziler ve bir tutam erotizmle \u00e7evreleyerek grotesk tablolar \u00e7iziyor. Engin okyanuslar\u0131, k\u0131\u015f g\u00fcne\u015fini, puslu da\u011flar\u0131 seyre dal\u0131yor, g\u00f6z\u00fcn\u00fc kan b\u00fcr\u00fcm\u00fc\u015f avc\u0131lar ve onlar\u0131n intikam yemini etmi\u015f avlar\u0131yla pusuya yat\u0131yor.A\u015fkla, \u00f6l\u00fcmle ve kanla m\u00fch\u00fcrlenmi\u015f hik\u00e2yeler bunlar&#8230; Okuru bir labirente d\u00fc\u015fm\u00fc\u015f\u00e7esine zahiri ger\u00e7ekli\u011fine hapseden, kimseyi teskin etmek ya da mutlu sonlara inand\u0131rmakla derdi olmayan, yo\u011fun ve \u00e7arp\u0131c\u0131 sat\u0131rlar\u0131yla Angela Carter, do\u011fa\u00fcst\u00fc olanla hakikatin aras\u0131nda kudretli bir k\u00f6pr\u00fc in\u015fa ediyor.<\/p>\n","protected":false},"excerpt":{"rendered":"<p>\u0130ngiliz edebiyat\u0131n\u0131n \u00e7\u0131\u011f\u0131r a\u00e7an, esinleyici kalemi ve en prestijli edebiyat \u00f6d\u00fcllerinden James Tait Black Memorial&#8217;a lay\u0131k g\u00f6r\u00fclen Angela Carter&#8217;\u0131n 30 y\u0131l\u0131 a\u015fk\u0131n hik\u00e2ye anlat\u0131c\u0131l\u0131\u011f\u0131n\u0131n d\u00f6rt ba\u015f\u0131<span class=\"excerpt-hellip\"> [\u2026]<\/span><\/p>\n","protected":false},"featured_media":0,"template":"","meta":{"_monsterinsights_skip_tracking":false,"_monsterinsights_sitenote_active":false,"_monsterinsights_sitenote_note":"","_monsterinsights_sitenote_category":0},"product_brand":[],"product_cat":[12291,18202],"product_tag":[],"class_list":{"0":"post-766835","1":"product","2":"type-product","3":"status-publish","5":"product_cat-edebiyat","6":"product_cat-hikaye","7":"pa_cilt-ciltsiz","8":"pa_tur-kitap","9":"pa_yayinevi-sel-yayincilik","10":"pa_yazar-angela-carter","12":"first","13":"instock","14":"sale","15":"shipping-taxable","16":"purchasable","17":"product-type-simple"},"_links":{"self":[{"href":"https:\/\/roveyayinevi.com.tr\/index.php\/wp-json\/wp\/v2\/product\/766835","targetHints":{"allow":["GET"]}}],"collection":[{"href":"https:\/\/roveyayinevi.com.tr\/index.php\/wp-json\/wp\/v2\/product"}],"about":[{"href":"https:\/\/roveyayinevi.com.tr\/index.php\/wp-json\/wp\/v2\/types\/product"}],"wp:attachment":[{"href":"https:\/\/roveyayinevi.com.tr\/index.php\/wp-json\/wp\/v2\/media?parent=766835"}],"wp:term":[{"taxonomy":"product_brand","embeddable":true,"href":"https:\/\/roveyayinevi.com.tr\/index.php\/wp-json\/wp\/v2\/product_brand?post=766835"},{"taxonomy":"product_cat","embeddable":true,"href":"https:\/\/roveyayinevi.com.tr\/index.php\/wp-json\/wp\/v2\/product_cat?post=766835"},{"taxonomy":"product_tag","embeddable":true,"href":"https:\/\/roveyayinevi.com.tr\/index.php\/wp-json\/wp\/v2\/product_tag?post=766835"}],"curies":[{"name":"wp","href":"https:\/\/api.w.org\/{rel}","templated":true}]}}