{"id":766834,"date":"2025-08-28T12:27:25","date_gmt":"2025-08-28T09:27:25","guid":{"rendered":"https:\/\/roveyayinevi.com.tr\/index.php\/urun\/en-icten-dileklerimle\/"},"modified":"2026-04-15T03:32:39","modified_gmt":"2026-04-15T00:32:39","slug":"en-icten-dileklerimle","status":"publish","type":"product","link":"https:\/\/roveyayinevi.com.tr\/index.php\/urun\/en-icten-dileklerimle\/","title":{"rendered":"En \u0130\u00e7ten Dileklerimle"},"content":{"rendered":"<p>Dr. Briana Ortiz\u2019in hayat\u0131 tam anlam\u0131yla \u00e7\u0131kmaza girmi\u015f durumda. Bo\u015fanmak \u00fczerinde oldu\u011fu yetmezmi\u015f gibi karde\u015fi b\u00f6brek nakli i\u00e7in zamanla yar\u0131\u015f\u0131yor ve o \u00e7ok istedi\u011fi terfiye gelecek olursak\u2026 Eh, o da muhtemelen Briana\u2019n\u0131n \u201cba\u015f belas\u0131\u201d listesinde \u00e7oktan \u00fcst s\u0131ralara yerle\u015fen yeni erkek doktora gidecek gibi g\u00f6r\u00fcn\u00fcyor. Tam her \u015feyden nefret etmeye yemin etmi\u015fken Dr. Jacob Maddox t\u00fcm oyunu tersine \u00e7eviriyor&#8230; Hem de Briana\u2019ya bir mektup g\u00f6ndererek. \u00dcstelik bu, ger\u00e7ekten de harika bir mektup. Onun asl\u0131nda \u015feytan olmad\u0131\u011f\u0131n\u0131 kan\u0131tlayan t\u00fcrden. Dahas\u0131 ilk izlenimlerde berbat bir i\u015f \u00e7\u0131karan Jacob, son derece esprili ve beklenmedik bir \u015fekilde sempatik biri olabilir. Ama Jacob, Briana\u2019ya verilebilecek en b\u00fcy\u00fck hediyeyi \u2013erkek karde\u015fi i\u00e7in bir b\u00f6brek\u2013 vermeye karar verdi\u011finde, Briana bu sessiz ve \u00e7ekici yeni doktora nas\u0131l kar\u015f\u0131 koyabilece\u011fini merak etmeye ba\u015flar. \u00d6zellikle de Jacob, reddedemeyece\u011fi bir iyilik istedi\u011finde\u2026  \u201c\u0130kinci \u015fanslar ve hayat\u0131n\u0131n a\u015fk\u0131n\u0131 bulman\u0131n \u00fczerine m\u00fckemmel bir roman.\u201d\u2013Emily Henry \u201cAbby Jimenez\u2019in kelimeleri peri tozu gibi\u2026Hayat\u0131ma ne\u015fe ve s\u0131cakl\u0131k serpiyor.\u201d\u2013Ali Hazelwood<\/p>\n","protected":false},"excerpt":{"rendered":"<p>Dr. Briana Ortiz\u2019in hayat\u0131 tam anlam\u0131yla \u00e7\u0131kmaza girmi\u015f durumda. Bo\u015fanmak \u00fczerinde oldu\u011fu yetmezmi\u015f gibi karde\u015fi b\u00f6brek nakli i\u00e7in zamanla yar\u0131\u015f\u0131yor ve o \u00e7ok istedi\u011fi terfiye gelecek<span class=\"excerpt-hellip\"> [\u2026]<\/span><\/p>\n","protected":false},"featured_media":0,"template":"","meta":{"_monsterinsights_skip_tracking":false,"_monsterinsights_sitenote_active":false,"_monsterinsights_sitenote_note":"","_monsterinsights_sitenote_category":0},"product_brand":[],"product_cat":[12291,12711],"product_tag":[],"class_list":{"0":"post-766834","1":"product","2":"type-product","3":"status-publish","5":"product_cat-edebiyat","6":"product_cat-roman-oyku","7":"pa_cilt-ciltsiz","8":"pa_tur-kitap","9":"pa_yayinevi-epsilon-yayinlari","10":"pa_yazar-abby-jimenez","12":"first","13":"instock","14":"sale","15":"shipping-taxable","16":"purchasable","17":"product-type-simple"},"_links":{"self":[{"href":"https:\/\/roveyayinevi.com.tr\/index.php\/wp-json\/wp\/v2\/product\/766834","targetHints":{"allow":["GET"]}}],"collection":[{"href":"https:\/\/roveyayinevi.com.tr\/index.php\/wp-json\/wp\/v2\/product"}],"about":[{"href":"https:\/\/roveyayinevi.com.tr\/index.php\/wp-json\/wp\/v2\/types\/product"}],"wp:attachment":[{"href":"https:\/\/roveyayinevi.com.tr\/index.php\/wp-json\/wp\/v2\/media?parent=766834"}],"wp:term":[{"taxonomy":"product_brand","embeddable":true,"href":"https:\/\/roveyayinevi.com.tr\/index.php\/wp-json\/wp\/v2\/product_brand?post=766834"},{"taxonomy":"product_cat","embeddable":true,"href":"https:\/\/roveyayinevi.com.tr\/index.php\/wp-json\/wp\/v2\/product_cat?post=766834"},{"taxonomy":"product_tag","embeddable":true,"href":"https:\/\/roveyayinevi.com.tr\/index.php\/wp-json\/wp\/v2\/product_tag?post=766834"}],"curies":[{"name":"wp","href":"https:\/\/api.w.org\/{rel}","templated":true}]}}