{"id":766831,"date":"2025-08-28T12:27:19","date_gmt":"2025-08-28T09:27:19","guid":{"rendered":"https:\/\/roveyayinevi.com.tr\/index.php\/urun\/kasabbasizade-ve-risale-i-itikadiyye-eserinin-tahlil-ve-degerlendirmesi\/"},"modified":"2026-04-15T03:32:39","modified_gmt":"2026-04-15T00:32:39","slug":"kasabbasizade-ve-risale-i-itikadiyye-eserinin-tahlil-ve-degerlendirmesi","status":"publish","type":"product","link":"https:\/\/roveyayinevi.com.tr\/index.php\/urun\/kasabbasizade-ve-risale-i-itikadiyye-eserinin-tahlil-ve-degerlendirmesi\/","title":{"rendered":"Kasabba\u015f\u0131zade ve Risale-\u0130 \u0130\u2018Tikadiyye Eserinin Tahlil ve De\u011ferlendirmesi"},"content":{"rendered":"<p>Risale-i \u0130&#8217;tikadiyye, \u0130slam d\u00fcnyas\u0131n\u0131n en k\u00f6kl\u00fc ve sa\u011flam akaid ekol\u00fc olan Ehl-i S\u00fcnnet inanc\u0131n\u0131 ele almaktad\u0131r. E\u015f&#8217;ar\u0131lik ve Matur\u0131d\u0131lik gibi iki b\u00fcy\u00fck akaid mezhebinin \u00f6\u011fretilerini harmanlayan bu risale, okuyucuyu \u0131man hakikatlerine s\u00fcr\u00fcklemekte ve geleneksel \u0130slam inanc\u0131n\u0131n sa\u011flam temellerini g\u00f6zler \u00f6n\u00fcne sermektedir. Ehl-i S\u00fcnnet ve-1 Cemaat inanc\u0131n\u0131n esaslar\u0131n\u0131 a\u00e7\u0131klayan \u00f6zelli\u011fiyle ise hem tarihsel hem de teolojik bir derinlik takdim etmektedir.  Risale-i \u0130&#8217;tikadiyye eserine dayal\u0131 yapt\u0131\u011f\u0131m\u0131z bu kitap \u00e7al\u0131\u015fmas\u0131 ise E\u015f&#8217;ar\u0131lik ve Matur\u0131d\u0131lik mezheplerinin temel ilkelerini a\u00e7\u0131k bir dille sunmakta ve okuyucusunu, \u0130slam inan\u00e7 sisteminin engin bilgi deryas\u0131nda derin d\u00fc\u015f\u00fcncelere sevk etmektedir. Zira eser, E\u015f&#8217;ar\u0131lik ve Matur\u0131d\u0131lik ekollerinin i&#8217;tikad\u0131 ve dini d\u00fc\u015f\u00fcnce zenginli\u011fini detayland\u0131rmaktad\u0131r. Bu sayede, \u0130slam akaidinin derin k\u00f6klerine ve dinamik yap\u0131s\u0131na dair kapsaml\u0131 bir anlay\u0131\u015f\u0131 a\u00e7\u0131\u011fa \u00e7\u0131karmaktad\u0131r.  \u0130slam akaidini ele alan bu kitap, Osmanl\u0131&#8217;n\u0131n Ehl-i S\u00fcnnet inanc\u0131na dayal\u0131 yap\u0131s\u0131n\u0131 da yans\u0131tmaktad\u0131r. \u00d6yle ki Osmanl\u0131 \u0130mparatorlu\u011fu&#8217;nun bu iki mezhep do\u011frultusunda geli\u015ftirdi\u011fi fikirler ve uygulamalar, \u0130slam tarihinin en parlak d\u00f6nemlerinin anla\u015f\u0131lmas\u0131na \u0131\u015f\u0131k tutmakta ve g\u00fcn\u00fcm\u00fcz M\u00fcsl\u00fcmanlar\u0131 i\u00e7in de\u011ferli dersler bar\u0131nd\u0131rmaktad\u0131r. Nihai ba\u011flamda bu kitap, hem akademik \u00e7evreler i\u00e7in bir kaynak hem de genel okuyucu i\u00e7in bir bilgi mercii \u015feklinde siz okurlar\u0131m\u0131za sunulmaktad\u0131r. <\/p>\n","protected":false},"excerpt":{"rendered":"<p>Risale-i \u0130&#8217;tikadiyye, \u0130slam d\u00fcnyas\u0131n\u0131n en k\u00f6kl\u00fc ve sa\u011flam akaid ekol\u00fc olan Ehl-i S\u00fcnnet inanc\u0131n\u0131 ele almaktad\u0131r. E\u015f&#8217;ar\u0131lik ve Matur\u0131d\u0131lik gibi iki b\u00fcy\u00fck akaid mezhebinin \u00f6\u011fretilerini harmanlayan<span class=\"excerpt-hellip\"> [\u2026]<\/span><\/p>\n","protected":false},"featured_media":0,"template":"","meta":{"_monsterinsights_skip_tracking":false,"_monsterinsights_sitenote_active":false,"_monsterinsights_sitenote_note":"","_monsterinsights_sitenote_category":0},"product_brand":[],"product_cat":[13036,12718,12719],"product_tag":[],"class_list":{"0":"post-766831","1":"product","2":"type-product","3":"status-publish","5":"product_cat-arastirma-inceleme-islam","6":"product_cat-din","7":"product_cat-islam","8":"pa_cilt-ciltsiz","9":"pa_tur-kitap","10":"pa_yayinevi-soncag-akademik-kitaplar","11":"pa_yazar-fatih-aksu","13":"first","14":"instock","15":"sale","16":"shipping-taxable","17":"purchasable","18":"product-type-simple"},"_links":{"self":[{"href":"https:\/\/roveyayinevi.com.tr\/index.php\/wp-json\/wp\/v2\/product\/766831","targetHints":{"allow":["GET"]}}],"collection":[{"href":"https:\/\/roveyayinevi.com.tr\/index.php\/wp-json\/wp\/v2\/product"}],"about":[{"href":"https:\/\/roveyayinevi.com.tr\/index.php\/wp-json\/wp\/v2\/types\/product"}],"wp:attachment":[{"href":"https:\/\/roveyayinevi.com.tr\/index.php\/wp-json\/wp\/v2\/media?parent=766831"}],"wp:term":[{"taxonomy":"product_brand","embeddable":true,"href":"https:\/\/roveyayinevi.com.tr\/index.php\/wp-json\/wp\/v2\/product_brand?post=766831"},{"taxonomy":"product_cat","embeddable":true,"href":"https:\/\/roveyayinevi.com.tr\/index.php\/wp-json\/wp\/v2\/product_cat?post=766831"},{"taxonomy":"product_tag","embeddable":true,"href":"https:\/\/roveyayinevi.com.tr\/index.php\/wp-json\/wp\/v2\/product_tag?post=766831"}],"curies":[{"name":"wp","href":"https:\/\/api.w.org\/{rel}","templated":true}]}}