{"id":766830,"date":"2025-08-28T12:27:18","date_gmt":"2025-08-28T09:27:18","guid":{"rendered":"https:\/\/roveyayinevi.com.tr\/index.php\/urun\/ebeveynlik-firtinasinda-sakinlesebilmek\/"},"modified":"2026-04-15T03:32:39","modified_gmt":"2026-04-15T00:32:39","slug":"ebeveynlik-firtinasinda-sakinlesebilmek","status":"publish","type":"product","link":"https:\/\/roveyayinevi.com.tr\/index.php\/urun\/ebeveynlik-firtinasinda-sakinlesebilmek\/","title":{"rendered":"Ebeveynlik F\u0131rt\u0131nas\u0131nda Sakinle\u015febilmek"},"content":{"rendered":"<p>Yery\u00fcz\u00fcnde en y\u00fcksek nitelikli eme\u011fi gerektiren i\u015f, ebeveynliktir \u00e7\u00fcnk\u00fc ebeveynlik, hem ruhsal hem fiziksel hem de zihnen emek vermeyi gerektirir. Ve ebeveyn, \u00f6zellikle ruhsal olarak bebe\u011fi\/\u00e7ocu\u011fu kar\u015f\u0131s\u0131nda \u00e7\u0131r\u0131l\u00e7\u0131plakt\u0131r. Her t\u00fcrl\u00fc \u00f6fkesi, kayg\u0131s\u0131, travmas\u0131 ve tabii sevgisi, bebe\u011fiyle\/\u00e7ocu\u011fuyla ili\u015fkisine oldu\u011fu gibi yans\u0131r. Dolay\u0131s\u0131yla ebeveyn, hem bebe\u011finin\/\u00e7ocu\u011funun zorlu b\u00fcy\u00fcme s\u00fcrecinin hem de uyanan, i\u00e7indeki bebe\u011fin ve \u00e7ocu\u011fun meseleleriyle ba\u015f ba\u015fad\u0131r. Ve bu d\u00f6nemden f\u0131rt\u0131naya yenilmeden, tersine, ebeveyn i\u00e7in anlaml\u0131 kazan\u0131mlarla, bebek\/\u00e7ocuk i\u00e7inse g\u00fcvenli ba\u011flanma ile \u00e7\u0131kma imk\u00e2n\u0131 vard\u0131r. Ebeveynlik F\u0131rt\u0131nas\u0131nda Saknle\u015feblmek Peki bunu nas\u0131l yapaca\u011f\u0131z? Kendimizden ba\u015flayarak. Kendimizi g\u00f6r\u00fcp, duyup anlad\u0131\u011f\u0131m\u0131zda, kendimizin fark\u0131nda oldu\u011fumuzda, bunlar\u0131 her yapabili\u015fimizde bunu bebe\u011fimiz\/\u00e7ocu\u011fumuz i\u00e7in de yapabilir hale gelece\u011fiz. Kendi i\u00e7imizdeki bebe\u011fi anlad\u0131\u011f\u0131m\u0131zda, kuca\u011f\u0131m\u0131zdaki bebe\u011fimizi de anlayabilece\u011fiz. \u0130\u00e7imizdeki \u00e7ocu\u011fu duydu\u011fumuzda, evlad\u0131m\u0131z\u0131 da duyabilece\u011fiz. Bu kitap, kendinizle ve bebe\u011finiz\/\u00e7ocu\u011funuzla ili\u015fki kurabilmeniz i\u00e7in etkin y\u00f6ntemler ve al\u0131\u015ft\u0131rmalar sunuyor. G\u00fcn\u00fcn\u00fcz\u00fcn i\u00e7ine entegre ettik\u00e7e etkilerini deneyimleyece\u011finiz pratiklerin pek \u00e7o\u011funun kayna\u011f\u0131, t\u00fcm d\u00fcnyada ve \u00fclkemizde binlerce kat\u0131l\u0131mc\u0131ya ula\u015fan programlar. Pratikler, \u2018bu kadar k\u0131sa bir uygulama bana nas\u0131l yard\u0131m edebilir ki\u2019 dedirtecek kadar kolay. \u0130\u015fte sevgili ebeveynler, bu kitap \u00e7\u0131kt\u0131\u011f\u0131n\u0131z bu yolda size \u0131\u015f\u0131k tutabilmek, ihtiyac\u0131n\u0131z olan anlay\u0131\u015f\u0131 ve teknikleri size ula\u015ft\u0131rabilmek, omzunuzdaki el, g\u00f6nl\u00fcn\u00fczdeki nefes olabilmek i\u00e7in kaleme al\u0131nd\u0131.<\/p>\n","protected":false},"excerpt":{"rendered":"<p>Yery\u00fcz\u00fcnde en y\u00fcksek nitelikli eme\u011fi gerektiren i\u015f, ebeveynliktir \u00e7\u00fcnk\u00fc ebeveynlik, hem ruhsal hem fiziksel hem de zihnen emek vermeyi gerektirir. Ve ebeveyn, \u00f6zellikle ruhsal olarak bebe\u011fi\/\u00e7ocu\u011fu<span class=\"excerpt-hellip\"> [\u2026]<\/span><\/p>\n","protected":false},"featured_media":0,"template":"","meta":{"_monsterinsights_skip_tracking":false,"_monsterinsights_sitenote_active":false,"_monsterinsights_sitenote_note":"","_monsterinsights_sitenote_category":0},"product_brand":[],"product_cat":[12831,12324],"product_tag":[],"class_list":{"0":"post-766830","1":"product","2":"type-product","3":"status-publish","5":"product_cat-aile-ve-cocuk","6":"product_cat-sosyoloji","7":"pa_cilt-ciltsiz","8":"pa_tur-kitap","9":"pa_yayinevi-hayykitap","10":"pa_yazar-kolektif","12":"first","13":"instock","14":"sale","15":"shipping-taxable","16":"purchasable","17":"product-type-simple"},"_links":{"self":[{"href":"https:\/\/roveyayinevi.com.tr\/index.php\/wp-json\/wp\/v2\/product\/766830","targetHints":{"allow":["GET"]}}],"collection":[{"href":"https:\/\/roveyayinevi.com.tr\/index.php\/wp-json\/wp\/v2\/product"}],"about":[{"href":"https:\/\/roveyayinevi.com.tr\/index.php\/wp-json\/wp\/v2\/types\/product"}],"wp:attachment":[{"href":"https:\/\/roveyayinevi.com.tr\/index.php\/wp-json\/wp\/v2\/media?parent=766830"}],"wp:term":[{"taxonomy":"product_brand","embeddable":true,"href":"https:\/\/roveyayinevi.com.tr\/index.php\/wp-json\/wp\/v2\/product_brand?post=766830"},{"taxonomy":"product_cat","embeddable":true,"href":"https:\/\/roveyayinevi.com.tr\/index.php\/wp-json\/wp\/v2\/product_cat?post=766830"},{"taxonomy":"product_tag","embeddable":true,"href":"https:\/\/roveyayinevi.com.tr\/index.php\/wp-json\/wp\/v2\/product_tag?post=766830"}],"curies":[{"name":"wp","href":"https:\/\/api.w.org\/{rel}","templated":true}]}}