{"id":766828,"date":"2025-08-28T12:26:39","date_gmt":"2025-08-28T09:26:39","guid":{"rendered":"https:\/\/roveyayinevi.com.tr\/index.php\/urun\/hic-ugruna-bir-nefes-ciltli\/"},"modified":"2026-04-15T03:32:39","modified_gmt":"2026-04-15T00:32:39","slug":"hic-ugruna-bir-nefes-ciltli","status":"publish","type":"product","link":"https:\/\/roveyayinevi.com.tr\/index.php\/urun\/hic-ugruna-bir-nefes-ciltli\/","title":{"rendered":"Hi\u00e7 U\u011fruna Bir Nefes (Ciltli)"},"content":{"rendered":"<p>Daha ilk \u015fiirlerinden birinde kendisini \u201cyedid\u00fcvel gezgini\u201d olarak niteleyen Rainer Maria Rilke, her t\u00fcr ba\u011fl\u0131l\u0131\u011f\u0131 reddeden mizac\u0131 uyar\u0131nca gen\u00e7 ya\u015f\u0131nda Paris\u2019e yerle\u015ferek Rodin\u2019in \u00f6zel sekreterli\u011fini yapmaya ba\u015flad\u0131. \u0130lk \u015fiirleriyle aras\u0131na kal\u0131n bir \u00e7izgi \u00e7izen Yeni \u015eiirler ve Malte Laurids Brigge\u2019nin Notlar\u0131 isimli kitaplar\u0131n\u0131 on iki y\u0131ll\u0131k bu Paris ikameti s\u0131ras\u0131nda yaratt\u0131. Varl\u0131\u011f\u0131n \u00f6z\u00fcn\u00fc \u201cseyir halinde olu\u015f\u201dta bulan Rilke, ya\u015fam\u0131 boyunca \u0130svi\u00e7re, \u0130talya, \u0130spanya, Kuzey Afrika, M\u0131s\u0131r vd. pek \u00e7ok yeri dola\u015ft\u0131ktan sonra I. D\u00fcnya Sava\u015f\u0131 patlak verdi\u011finde Fransa\u2019dan ayr\u0131l\u0131p M\u00fcnih\u2019e d\u00f6nd\u00fc; 1919\u2019da ise \u00f6mr\u00fcn\u00fcn son y\u0131llar\u0131n\u0131 ge\u00e7irece\u011fi \u0130svi\u00e7re\u2019ye giderek vizyoner bak\u0131\u015f\u0131n\u0131 ta\u00e7land\u0131ran son iki eseri Duino A\u011f\u0131tlar\u0131 ile Orpheus&#8217;a Soneler\u2019i tamamlad\u0131. \u015eair, 29 Aral\u0131k 1926\u2019da l\u00f6semi y\u00fcz\u00fcnden hayata veda etti\u011finde, Avrupa entelekt\u00fcel \u00e7evrelerince \u00e7ok iyi bilinmesine kar\u015f\u0131n genel okuyucu kitlesi taraf\u0131ndan neredeyse hi\u00e7 tan\u0131nm\u0131yordu. Bug\u00fcnse, \u00f6l\u00fcm\u00fcn\u00fcn \u00fczerinden y\u00fcz y\u0131l ge\u00e7mi\u015f olan bu b\u00fcy\u00fck sanat\u00e7\u0131y\u0131 lay\u0131k\u0131yla tan\u0131madan modern edebiyat\u0131 anlaman\u0131n m\u00fcmk\u00fcn olmad\u0131\u011f\u0131 evrensel bir kural say\u0131lmakta.   Hi\u00e7 U\u011fruna Bir Nefes, Rilke\u2019yi T\u00fcrk\u00e7ede yepyeni bir sesle yank\u0131larken zengin a\u00e7\u0131klama ve yorumlar\u0131yla da okuyucuya benzersiz bir sezi\u015f yolculu\u011fu vaat ediyor. <\/p>\n","protected":false},"excerpt":{"rendered":"<p>Daha ilk \u015fiirlerinden birinde kendisini \u201cyedid\u00fcvel gezgini\u201d olarak niteleyen Rainer Maria Rilke, her t\u00fcr ba\u011fl\u0131l\u0131\u011f\u0131 reddeden mizac\u0131 uyar\u0131nca gen\u00e7 ya\u015f\u0131nda Paris\u2019e yerle\u015ferek Rodin\u2019in \u00f6zel sekreterli\u011fini yapmaya<span class=\"excerpt-hellip\"> [\u2026]<\/span><\/p>\n","protected":false},"featured_media":0,"template":"","meta":{"_monsterinsights_skip_tracking":false,"_monsterinsights_sitenote_active":false,"_monsterinsights_sitenote_note":"","_monsterinsights_sitenote_category":0},"product_brand":[],"product_cat":[12291,12509],"product_tag":[],"class_list":{"0":"post-766828","1":"product","2":"type-product","3":"status-publish","5":"product_cat-edebiyat","6":"product_cat-siir","7":"pa_cilt-ciltli","8":"pa_tur-kitap","9":"pa_yayinevi-everest-yayinlari","10":"pa_yazar-rainer-maria-rilke","12":"first","13":"instock","14":"sale","15":"shipping-taxable","16":"purchasable","17":"product-type-simple"},"_links":{"self":[{"href":"https:\/\/roveyayinevi.com.tr\/index.php\/wp-json\/wp\/v2\/product\/766828","targetHints":{"allow":["GET"]}}],"collection":[{"href":"https:\/\/roveyayinevi.com.tr\/index.php\/wp-json\/wp\/v2\/product"}],"about":[{"href":"https:\/\/roveyayinevi.com.tr\/index.php\/wp-json\/wp\/v2\/types\/product"}],"wp:attachment":[{"href":"https:\/\/roveyayinevi.com.tr\/index.php\/wp-json\/wp\/v2\/media?parent=766828"}],"wp:term":[{"taxonomy":"product_brand","embeddable":true,"href":"https:\/\/roveyayinevi.com.tr\/index.php\/wp-json\/wp\/v2\/product_brand?post=766828"},{"taxonomy":"product_cat","embeddable":true,"href":"https:\/\/roveyayinevi.com.tr\/index.php\/wp-json\/wp\/v2\/product_cat?post=766828"},{"taxonomy":"product_tag","embeddable":true,"href":"https:\/\/roveyayinevi.com.tr\/index.php\/wp-json\/wp\/v2\/product_tag?post=766828"}],"curies":[{"name":"wp","href":"https:\/\/api.w.org\/{rel}","templated":true}]}}