{"id":766827,"date":"2025-08-28T12:26:37","date_gmt":"2025-08-28T09:26:37","guid":{"rendered":"https:\/\/roveyayinevi.com.tr\/index.php\/urun\/hirsizlarin-ve-kaosun-kralicesi-ciltli\/"},"modified":"2026-04-15T03:32:39","modified_gmt":"2026-04-15T00:32:39","slug":"hirsizlarin-ve-kaosun-kralicesi-ciltli","status":"publish","type":"product","link":"https:\/\/roveyayinevi.com.tr\/index.php\/urun\/hirsizlarin-ve-kaosun-kralicesi-ciltli\/","title":{"rendered":"H\u0131rs\u0131zlar\u0131n ve Kaosun Krali\u00e7esi (Ciltli)"},"content":{"rendered":"<p>ULUSLARARASI \u00c7OKSATAN YAZAR K.A. TUCKER, OLA\u011eAN\u00dcST\u00dc \u201cKADER VE ALEV\u201d EVRENININ \u00dc\u00c7\u00dcNC\u00dc ROMANINDA YINE SOLUKSUZ    \u201cNe krali\u00e7e ne kader ne de bir ordu beni senden uzak tutabilir.\u201d   Krall\u0131k kaosun e\u015fi\u011finde. Diyardaki h\u00e2kimiyeti zay\u0131flayan Atticus g\u00fcc\u00fc elinde tutmak i\u00e7in giderek daha umutsuz eylemlere y\u00f6neliyor. Islor\u2019un s\u00fcrg\u00fcndeki kral\u0131 Zander ise \u00fclkesinin kaderi i\u00e7in her \u015feyi g\u00f6ze alarak Ybaris ordusuna ge\u00e7it vermemeye haz\u0131r. Ancak kendi ordusu olmad\u0131\u011f\u0131 i\u00e7in s\u0131ra d\u0131\u015f\u0131 m\u00fcttefiklerden yard\u0131m istemek zorunda.   Ulysede\u2019in duvarlar\u0131n\u0131n ard\u0131ndaki s\u0131rlar ise yeni krali\u00e7esini bekliyor. Romeria, gizli \u015fehrin yollar\u0131n\u0131n onu cevaplara g\u00f6t\u00fcrece\u011fini biliyor. Ama bunlar diyar\u0131 kurtarmaya yetecek mi, yoksa kaderleri \u00e7oktan belirlenmi\u015f mi?   Uluslararas\u0131 \u00e7oksatan yazar K.A. Tucker, b\u00fcy\u00fcleyici \u201cKader ve Alev\u201d serisinin \u00fc\u00e7\u00fcnc\u00fc roman\u0131nda d\u00fcnyay\u0131 alt\u00fcst edecek bir sava\u015f ba\u015flat\u0131yor. Umulmad\u0131k tehditlerin, beklenmedik a\u015fklarla ihanetlerin ve nefes kesici s\u00fcrprizlerin ortaya \u00e7\u0131kaca\u011f\u0131, soluksuz okunacak bir macera ortal\u0131\u011f\u0131 kas\u0131p kavuracak. <\/p>\n","protected":false},"excerpt":{"rendered":"<p>ULUSLARARASI \u00c7OKSATAN YAZAR K.A. TUCKER, OLA\u011eAN\u00dcST\u00dc \u201cKADER VE ALEV\u201d EVRENININ \u00dc\u00c7\u00dcNC\u00dc ROMANINDA YINE SOLUKSUZ \u201cNe krali\u00e7e ne kader ne de bir ordu beni senden uzak tutabilir.\u201d<span class=\"excerpt-hellip\"> [\u2026]<\/span><\/p>\n","protected":false},"featured_media":0,"template":"","meta":{"_monsterinsights_skip_tracking":false,"_monsterinsights_sitenote_active":false,"_monsterinsights_sitenote_note":"","_monsterinsights_sitenote_category":0},"product_brand":[],"product_cat":[12291,12711],"product_tag":[],"class_list":{"0":"post-766827","1":"product","2":"type-product","3":"status-publish","5":"product_cat-edebiyat","6":"product_cat-roman-oyku","7":"pa_cilt-ciltli","8":"pa_tur-kitap","9":"pa_yayinevi-artemis-yayinlari","10":"pa_yazar-k-a-tucker","12":"first","13":"instock","14":"sale","15":"shipping-taxable","16":"purchasable","17":"product-type-simple"},"_links":{"self":[{"href":"https:\/\/roveyayinevi.com.tr\/index.php\/wp-json\/wp\/v2\/product\/766827","targetHints":{"allow":["GET"]}}],"collection":[{"href":"https:\/\/roveyayinevi.com.tr\/index.php\/wp-json\/wp\/v2\/product"}],"about":[{"href":"https:\/\/roveyayinevi.com.tr\/index.php\/wp-json\/wp\/v2\/types\/product"}],"wp:attachment":[{"href":"https:\/\/roveyayinevi.com.tr\/index.php\/wp-json\/wp\/v2\/media?parent=766827"}],"wp:term":[{"taxonomy":"product_brand","embeddable":true,"href":"https:\/\/roveyayinevi.com.tr\/index.php\/wp-json\/wp\/v2\/product_brand?post=766827"},{"taxonomy":"product_cat","embeddable":true,"href":"https:\/\/roveyayinevi.com.tr\/index.php\/wp-json\/wp\/v2\/product_cat?post=766827"},{"taxonomy":"product_tag","embeddable":true,"href":"https:\/\/roveyayinevi.com.tr\/index.php\/wp-json\/wp\/v2\/product_tag?post=766827"}],"curies":[{"name":"wp","href":"https:\/\/api.w.org\/{rel}","templated":true}]}}