{"id":766825,"date":"2025-08-28T12:26:32","date_gmt":"2025-08-28T09:26:32","guid":{"rendered":"https:\/\/roveyayinevi.com.tr\/index.php\/urun\/lutfen-beni-yarim-birak\/"},"modified":"2026-01-30T04:02:43","modified_gmt":"2026-01-30T01:02:43","slug":"lutfen-beni-yarim-birak","status":"publish","type":"product","link":"https:\/\/roveyayinevi.com.tr\/index.php\/urun\/lutfen-beni-yarim-birak\/","title":{"rendered":"L\u00fctfen Beni Yar\u0131m B\u0131rak"},"content":{"rendered":"<p>\u201cBazen onun kokusu geliyor burnuma. \u00d6yle ger\u00e7ek ki! Kokunun ne enteresan bir kodlamas\u0131 var, beynimizde \u00e7ok ilkel zamanlardan kalsa gerek. Ve en ilkel halim hala onda m\u0131 acaba? Bazen o i\u015fe giderken yata\u011f\u0131n \u00fczerine b\u0131rakt\u0131\u011f\u0131 bluzunu koklard\u0131m, \u00f6yle yerle\u015ftirirdim dolaba. Hep sevmi\u015fimdir onun kokusunu, hatta en \u00e7ok kokusunu sevmi\u015fimdir. Hi\u00e7bir \u015fey \u00f6yle g\u00fczel kokamazd\u0131. \u0130lkel d\u00f6nemden medeniyete ge\u00e7i\u015fim pek de i\u00e7 a\u00e7\u0131c\u0131 de\u011fildi. Medeniyet, bir \u00e7e\u015fit sorumluluktan feragat etmek olarak alg\u0131lan\u0131yordu art\u0131k. Ruhsuz robotlar\u0131n y\u00f6netti\u011fi ak\u0131llar i\u00e7inde, odas\u0131na, i\u015f yerine, kendi i\u00e7ine s\u0131k\u0131\u015fm\u0131\u015f insanlarla dolu bir \u00fclkeydi medeniyet. T\u00fcm insanlara \u00e7at\u0131 olan bir medeniyet ama ya\u011fmur herkese ayn\u0131 \u00f6l\u00e7\u00fcde ya\u011fm\u0131yordu, \u00e7ok az insan \u0131slanmadan uyuyabiliyordu. \u015eansl\u0131 az\u0131nl\u0131k m\u0131, becerikli h\u0131rs\u0131zl\u0131k m\u0131 bilmiyorum ama bir \u015fekilde pasta hi\u00e7 e\u015fit da\u011f\u0131t\u0131lm\u0131yordu. Maddi manevi olarak medeniyetten pay\u0131ma d\u00fc\u015feni ben de alm\u0131\u015ft\u0131m. En g\u00fczel resim, ma\u011fara duvarlar\u0131na yap\u0131lan resimlerdi belki de ve en g\u00fczel medeniyette o idi. \u201c   Derin ve Onur\u2019un tutkulu, h\u00fcz\u00fcnl\u00fc ve a\u015fk dolu hikayesinde \u00e7\u0131kt\u0131\u011f\u0131n\u0131z yolculukta, sadece a\u015fk\u0131 sorgulamayacaks\u0131n\u0131z. Bir insan\u0131n kendi i\u00e7 d\u00fcnyas\u0131ndaki varolu\u015fsal sanc\u0131lar\u0131n\u0131 ,h\u0131rslar\u0131n\u0131, egosunu, korkular\u0131n\u0131 ve bir d\u00fcnya a\u011fr\u0131s\u0131n\u0131n hayat\u0131na ve ruhuna nas\u0131l yans\u0131d\u0131\u011f\u0131n\u0131 bulacaks\u0131n\u0131z. A\u015fk ger\u00e7ekten bir hastal\u0131k m\u0131d\u0131r ? <\/p>\n","protected":false},"excerpt":{"rendered":"<p>\u201cBazen onun kokusu geliyor burnuma. \u00d6yle ger\u00e7ek ki! Kokunun ne enteresan bir kodlamas\u0131 var, beynimizde \u00e7ok ilkel zamanlardan kalsa gerek. Ve en ilkel halim hala onda<span class=\"excerpt-hellip\"> [\u2026]<\/span><\/p>\n","protected":false},"featured_media":0,"template":"","meta":{"_monsterinsights_skip_tracking":false,"_monsterinsights_sitenote_active":false,"_monsterinsights_sitenote_note":"","_monsterinsights_sitenote_category":0},"product_brand":[],"product_cat":[12291,12711],"product_tag":[],"class_list":{"0":"post-766825","1":"product","2":"type-product","3":"status-publish","5":"product_cat-edebiyat","6":"product_cat-roman-oyku","7":"pa_cilt-ciltsiz","8":"pa_tur-kitap","9":"pa_yayinevi-vova-yayinlari","10":"pa_yazar-sergul-gultekin","12":"first","13":"instock","14":"sale","15":"shipping-taxable","16":"purchasable","17":"product-type-simple"},"_links":{"self":[{"href":"https:\/\/roveyayinevi.com.tr\/index.php\/wp-json\/wp\/v2\/product\/766825","targetHints":{"allow":["GET"]}}],"collection":[{"href":"https:\/\/roveyayinevi.com.tr\/index.php\/wp-json\/wp\/v2\/product"}],"about":[{"href":"https:\/\/roveyayinevi.com.tr\/index.php\/wp-json\/wp\/v2\/types\/product"}],"wp:attachment":[{"href":"https:\/\/roveyayinevi.com.tr\/index.php\/wp-json\/wp\/v2\/media?parent=766825"}],"wp:term":[{"taxonomy":"product_brand","embeddable":true,"href":"https:\/\/roveyayinevi.com.tr\/index.php\/wp-json\/wp\/v2\/product_brand?post=766825"},{"taxonomy":"product_cat","embeddable":true,"href":"https:\/\/roveyayinevi.com.tr\/index.php\/wp-json\/wp\/v2\/product_cat?post=766825"},{"taxonomy":"product_tag","embeddable":true,"href":"https:\/\/roveyayinevi.com.tr\/index.php\/wp-json\/wp\/v2\/product_tag?post=766825"}],"curies":[{"name":"wp","href":"https:\/\/api.w.org\/{rel}","templated":true}]}}