{"id":766823,"date":"2025-08-28T12:26:28","date_gmt":"2025-08-28T09:26:28","guid":{"rendered":"https:\/\/roveyayinevi.com.tr\/index.php\/urun\/firari-surgun-siirleri-toplu-siirler\/"},"modified":"2026-01-30T04:02:43","modified_gmt":"2026-01-30T01:02:43","slug":"firari-surgun-siirleri-toplu-siirler","status":"publish","type":"product","link":"https:\/\/roveyayinevi.com.tr\/index.php\/urun\/firari-surgun-siirleri-toplu-siirler\/","title":{"rendered":"Firari S\u00fcrg\u00fcn \u015eiirleri &#8211; Toplu \u015eiirler"},"content":{"rendered":"<p>Ka\u00e7 bin y\u0131ll\u0131k f\u0131rt\u0131nalara direnmi\u015fim K\u0131r\u0131lmad\u0131k ne bir organ\u0131m Ne s\u00f6k\u00fclmedik \u00e7ad\u0131r\u0131m kalm\u0131\u015f Ba\u011fr\u0131mda d\u00f6vm\u00fc\u015f\u00fcm demiri Dilimle su vermi\u015fim \u00e7eli\u011fe Aln\u0131ma kaz\u0131nm\u0131\u015f yaz\u0131lar\u0131 silmi\u015fim elimin tersiyle Direnmi\u015fim da\u011flar\u0131n ac\u0131 yeline Gitmi\u015fim da\u011f ta\u015f demeden gitmi\u015fim Ard\u0131ma takm\u0131\u015f\u0131m koca bir t\u00fcmen ordu T\u0131nlamam\u0131\u015f\u0131m hi\u00e7bir \u015feyi Da\u011flara ta\u015flara s\u00f6ylemi\u015fim t\u00fcrk\u00fclerimi Hecelerim konmu\u015f kenger dal\u0131na Aln\u0131mda ferman\u0131n m\u00fchr\u00fc Hecelemeden s\u00f6ylerim Pe\u015fimden s\u00fcr\u00fckledi\u011fim \u00f6yk\u00fcm\u00fc, Saman yolundan iz s\u00fcrerek Galaksilere uzan\u0131r\u0131m her gece G\u00f6rg\u00fc tan\u0131\u011f\u0131y\u0131m kayalardan akan yele Nergisin bahar\u0131 bekleyi\u015fine Kardelenlerin kar\u0131 deli\u015finin tan\u0131\u011f\u0131y\u0131m ben Kaybolan bir kuzunun meleyi\u015finin Kekli\u011fin \u015fakray\u0131\u015f\u0131n\u0131n Kartal\u0131n s\u00fcz\u00fcl\u00fc\u015f\u00fcn\u00fcn tan\u0131\u011f\u0131y\u0131m ben Bir e\u015fk\u0131yan\u0131n s\u0131rr\u0131 gizli durur zulamda Bilmem ka\u00e7 gece uykular\u0131m ellerimde Ayakta \u015fafa\u011f\u0131 beklemi\u015fim \u0130nat bu ya bir \u015fafak vakti Kar\u0131ncan\u0131n ince beline sar\u0131l\u0131p Bir elimde \u00e7i\u011fdem bir elimde nergis Da\u011fdan \u015fehre inmeyi bekledim  <\/p>\n","protected":false},"excerpt":{"rendered":"<p>Ka\u00e7 bin y\u0131ll\u0131k f\u0131rt\u0131nalara direnmi\u015fim K\u0131r\u0131lmad\u0131k ne bir organ\u0131m Ne s\u00f6k\u00fclmedik \u00e7ad\u0131r\u0131m kalm\u0131\u015f Ba\u011fr\u0131mda d\u00f6vm\u00fc\u015f\u00fcm demiri Dilimle su vermi\u015fim \u00e7eli\u011fe Aln\u0131ma kaz\u0131nm\u0131\u015f yaz\u0131lar\u0131 silmi\u015fim elimin tersiyle<span class=\"excerpt-hellip\"> [\u2026]<\/span><\/p>\n","protected":false},"featured_media":0,"template":"","meta":{"_monsterinsights_skip_tracking":false,"_monsterinsights_sitenote_active":false,"_monsterinsights_sitenote_note":"","_monsterinsights_sitenote_category":0},"product_brand":[],"product_cat":[12291,12509],"product_tag":[],"class_list":{"0":"post-766823","1":"product","2":"type-product","3":"status-publish","5":"product_cat-edebiyat","6":"product_cat-siir","7":"pa_cilt-ciltsiz","8":"pa_tur-kitap","9":"pa_yayinevi-vova-yayinlari","10":"pa_yazar-lokman-ogulmus","12":"first","13":"instock","14":"sale","15":"shipping-taxable","16":"purchasable","17":"product-type-simple"},"_links":{"self":[{"href":"https:\/\/roveyayinevi.com.tr\/index.php\/wp-json\/wp\/v2\/product\/766823","targetHints":{"allow":["GET"]}}],"collection":[{"href":"https:\/\/roveyayinevi.com.tr\/index.php\/wp-json\/wp\/v2\/product"}],"about":[{"href":"https:\/\/roveyayinevi.com.tr\/index.php\/wp-json\/wp\/v2\/types\/product"}],"wp:attachment":[{"href":"https:\/\/roveyayinevi.com.tr\/index.php\/wp-json\/wp\/v2\/media?parent=766823"}],"wp:term":[{"taxonomy":"product_brand","embeddable":true,"href":"https:\/\/roveyayinevi.com.tr\/index.php\/wp-json\/wp\/v2\/product_brand?post=766823"},{"taxonomy":"product_cat","embeddable":true,"href":"https:\/\/roveyayinevi.com.tr\/index.php\/wp-json\/wp\/v2\/product_cat?post=766823"},{"taxonomy":"product_tag","embeddable":true,"href":"https:\/\/roveyayinevi.com.tr\/index.php\/wp-json\/wp\/v2\/product_tag?post=766823"}],"curies":[{"name":"wp","href":"https:\/\/api.w.org\/{rel}","templated":true}]}}