{"id":766820,"date":"2025-08-28T12:26:22","date_gmt":"2025-08-28T09:26:22","guid":{"rendered":"https:\/\/roveyayinevi.com.tr\/index.php\/urun\/kara-tren\/"},"modified":"2026-04-15T03:32:39","modified_gmt":"2026-04-15T00:32:39","slug":"kara-tren","status":"publish","type":"product","link":"https:\/\/roveyayinevi.com.tr\/index.php\/urun\/kara-tren\/","title":{"rendered":"Kara Tren"},"content":{"rendered":"<p>\u00d6l\u00fcml\u00fc olmak bunca m\u0131 ac\u0131kl\u0131, korkun\u00e7. Peki olmamak san\u0131s\u0131na kap\u0131l\u0131p geli\u015fig\u00fczel ya\u015fayabilmek mi beceri isteyen kolay i\u015f.   Kara Tren, V\u00fcs\u2019at O. Bener\u2019in otobiyografik unsurlarla bezeli kara \u00f6yk\u00fcler \u00fc\u00e7lemesinin sonuncusu. Siyah-Beyaz ve M\u0131z\u0131kal\u0131 Y\u00fcr\u00fcy\u00fc\u015f ile ba\u015flayan samimi i\u00e7 hesapla\u015fmalar Kara Tren\u2019le tamamlan\u0131yor. Bener\u2019in ayn\u0131 karakterlerin farkl\u0131 \u00f6zelliklerini \u00f6ne \u00e7\u0131kararak, benzer bir dil birli\u011fi i\u00e7inde, \u00fcstelik \u00f6yk\u00fcler aras\u0131nda ba\u011flar da kurarak \u00f6rd\u00fc\u011f\u00fc Kara Tren, bir roman\u0131n par\u00e7alar\u0131 gibi de okunabilir pek\u00e2l\u00e2. Edebiyat\u0131m\u0131z\u0131n bu s\u0131rad\u0131\u015f\u0131 sesi, adeta bir \u201cfinal yaygaras\u0131\u201d kopararak veda ediyor bu \u00fc\u00e7lemede. \u201cV\u00fcs\u2019at O. Bener ya\u015fam\u0131\u015f olduklar\u0131n\u0131 o kadar \u00e7\u0131plak yazm\u0131\u015f ki, insan irkiliyor. Her birisi \u2018son s\u00f6z\u2019 kendinle hesapla\u015fma olan sat\u0131rlar kar\u015f\u0131s\u0131nda zaman zaman donup da kalabiliyor insan. Bir yazar\u0131n t\u00fcm korku ve ku\u015fkular\u0131ndan s\u0131yr\u0131l\u0131p da nas\u0131l yazabilece\u011finin belgesine \u2018Kara Tren\u2019 demi\u015f V. O. Bener.\u201d \u2013C\u00fcneyt Ayral<\/p>\n","protected":false},"excerpt":{"rendered":"<p>\u00d6l\u00fcml\u00fc olmak bunca m\u0131 ac\u0131kl\u0131, korkun\u00e7. Peki olmamak san\u0131s\u0131na kap\u0131l\u0131p geli\u015fig\u00fczel ya\u015fayabilmek mi beceri isteyen kolay i\u015f. Kara Tren, V\u00fcs\u2019at O. Bener\u2019in otobiyografik unsurlarla bezeli kara<span class=\"excerpt-hellip\"> [\u2026]<\/span><\/p>\n","protected":false},"featured_media":0,"template":"","meta":{"_monsterinsights_skip_tracking":false,"_monsterinsights_sitenote_active":false,"_monsterinsights_sitenote_note":"","_monsterinsights_sitenote_category":0},"product_brand":[],"product_cat":[12291,12711],"product_tag":[],"class_list":{"0":"post-766820","1":"product","2":"type-product","3":"status-publish","5":"product_cat-edebiyat","6":"product_cat-roman-oyku","7":"pa_cilt-ciltsiz","8":"pa_tur-kitap","9":"pa_yayinevi-everest-yayinlari","10":"pa_yazar-vusat-o-bener","12":"first","13":"instock","14":"sale","15":"shipping-taxable","16":"purchasable","17":"product-type-simple"},"_links":{"self":[{"href":"https:\/\/roveyayinevi.com.tr\/index.php\/wp-json\/wp\/v2\/product\/766820","targetHints":{"allow":["GET"]}}],"collection":[{"href":"https:\/\/roveyayinevi.com.tr\/index.php\/wp-json\/wp\/v2\/product"}],"about":[{"href":"https:\/\/roveyayinevi.com.tr\/index.php\/wp-json\/wp\/v2\/types\/product"}],"wp:attachment":[{"href":"https:\/\/roveyayinevi.com.tr\/index.php\/wp-json\/wp\/v2\/media?parent=766820"}],"wp:term":[{"taxonomy":"product_brand","embeddable":true,"href":"https:\/\/roveyayinevi.com.tr\/index.php\/wp-json\/wp\/v2\/product_brand?post=766820"},{"taxonomy":"product_cat","embeddable":true,"href":"https:\/\/roveyayinevi.com.tr\/index.php\/wp-json\/wp\/v2\/product_cat?post=766820"},{"taxonomy":"product_tag","embeddable":true,"href":"https:\/\/roveyayinevi.com.tr\/index.php\/wp-json\/wp\/v2\/product_tag?post=766820"}],"curies":[{"name":"wp","href":"https:\/\/api.w.org\/{rel}","templated":true}]}}