{"id":766818,"date":"2025-08-28T12:26:18","date_gmt":"2025-08-28T09:26:18","guid":{"rendered":"https:\/\/roveyayinevi.com.tr\/index.php\/urun\/noel-ruhu\/"},"modified":"2026-04-15T03:32:39","modified_gmt":"2026-04-15T00:32:39","slug":"noel-ruhu","status":"publish","type":"product","link":"https:\/\/roveyayinevi.com.tr\/index.php\/urun\/noel-ruhu\/","title":{"rendered":"Noel Ruhu"},"content":{"rendered":"<p>\u201cPek\u00e2l\u00e2, madem kolay bir hayat\u0131m oldu\u011funu d\u00fc\u015f\u00fcn\u00fcyorsun o zaman yer de\u011fi\u015ftirelim. Ben barda \u00e7al\u0131\u015faca\u011f\u0131m, sen de kilisede benim yerime bakacaks\u0131n.\u201d \u0130ki yak\u0131n dost olan Peter Armstrong ve Hank Colfax, Noel \u00f6ncesinde birbirleriyle yer de\u011fi\u015ftirmeye karar verir. Kendini cemaatine adam\u0131\u015f bir papaz olan Peter, barmen olan Hank\u2019in kendisine g\u00f6re \u00e7ok daha kolay bir i\u015fi oldu\u011funu iddia etmektedir. Peki ama ger\u00e7ekten \u00f6yle midir?\u015ea\u015f\u0131rt\u0131c\u0131 \u015fekilde bir barmenle bir papaz\u0131n g\u00f6revleri \u00e7ok benzerdir. \u0130kisi de insanlar\u0131 farkl\u0131 yollarla mutlu etmektedir. Asl\u0131nda papaz olmak da barmen olmak da beklediklerinden \u00e7ok daha zordur. Ta ki y\u0131llard\u0131r arad\u0131klar\u0131 a\u015fk\u0131 bulana dek\u2026Noel ruhunun s\u0131cakl\u0131\u011f\u0131yla ve payla\u015ft\u0131k\u00e7a \u00e7o\u011falan sevgiyle \u00f6r\u00fclm\u00fc\u015f bu hik\u00e2yenin her sayfas\u0131nda umudun pe\u015fine d\u00fc\u015fmekten kendinizi alamayacaks\u0131n\u0131z.Debbie Macomber, Noel Ruhu\u2019nda a\u015fk\u0131n b\u00fcy\u00fcs\u00fcyle her \u015feyi ba\u015farman\u0131n m\u00fcmk\u00fcn oldu\u011funu bir kez daha g\u00f6zler \u00f6n\u00fcne seriyor.<\/p>\n","protected":false},"excerpt":{"rendered":"<p>\u201cPek\u00e2l\u00e2, madem kolay bir hayat\u0131m oldu\u011funu d\u00fc\u015f\u00fcn\u00fcyorsun o zaman yer de\u011fi\u015ftirelim. Ben barda \u00e7al\u0131\u015faca\u011f\u0131m, sen de kilisede benim yerime bakacaks\u0131n.\u201d \u0130ki yak\u0131n dost olan Peter Armstrong<span class=\"excerpt-hellip\"> [\u2026]<\/span><\/p>\n","protected":false},"featured_media":0,"template":"","meta":{"_monsterinsights_skip_tracking":false,"_monsterinsights_sitenote_active":false,"_monsterinsights_sitenote_note":"","_monsterinsights_sitenote_category":0},"product_brand":[],"product_cat":[12291,50487],"product_tag":[],"class_list":{"0":"post-766818","1":"product","2":"type-product","3":"status-publish","5":"product_cat-edebiyat","6":"product_cat-kurgu","7":"pa_cilt-ciltsiz","8":"pa_tur-kitap","9":"pa_yayinevi-epsilon-yayinlari","10":"pa_yazar-debbie-macomber","12":"first","13":"instock","14":"sale","15":"shipping-taxable","16":"purchasable","17":"product-type-simple"},"_links":{"self":[{"href":"https:\/\/roveyayinevi.com.tr\/index.php\/wp-json\/wp\/v2\/product\/766818","targetHints":{"allow":["GET"]}}],"collection":[{"href":"https:\/\/roveyayinevi.com.tr\/index.php\/wp-json\/wp\/v2\/product"}],"about":[{"href":"https:\/\/roveyayinevi.com.tr\/index.php\/wp-json\/wp\/v2\/types\/product"}],"wp:attachment":[{"href":"https:\/\/roveyayinevi.com.tr\/index.php\/wp-json\/wp\/v2\/media?parent=766818"}],"wp:term":[{"taxonomy":"product_brand","embeddable":true,"href":"https:\/\/roveyayinevi.com.tr\/index.php\/wp-json\/wp\/v2\/product_brand?post=766818"},{"taxonomy":"product_cat","embeddable":true,"href":"https:\/\/roveyayinevi.com.tr\/index.php\/wp-json\/wp\/v2\/product_cat?post=766818"},{"taxonomy":"product_tag","embeddable":true,"href":"https:\/\/roveyayinevi.com.tr\/index.php\/wp-json\/wp\/v2\/product_tag?post=766818"}],"curies":[{"name":"wp","href":"https:\/\/api.w.org\/{rel}","templated":true}]}}