{"id":766817,"date":"2025-08-28T12:26:17","date_gmt":"2025-08-28T09:26:17","guid":{"rendered":"https:\/\/roveyayinevi.com.tr\/index.php\/urun\/al-sat-101\/"},"modified":"2026-04-06T03:33:19","modified_gmt":"2026-04-06T00:33:19","slug":"al-sat-101","status":"publish","type":"product","link":"https:\/\/roveyayinevi.com.tr\/index.php\/urun\/al-sat-101\/","title":{"rendered":"Al Sat 101"},"content":{"rendered":"<p>Finansal ba\u015far\u0131ya ula\u015fman\u0131za yard\u0131mc\u0131 olacak bilgiler ve uygulanabilir tavsiyeler i\u00e7eren kapsaml\u0131 bir g\u00fcnl\u00fck al\u0131m sat\u0131m rehberi. G\u00fcnl\u00fck al\u0131m sat\u0131m d\u00fcnyas\u0131, h\u0131zla de\u011fi\u015fen piyasalarda kazanma f\u0131rsatlar\u0131 sunan dinamik bir aland\u0131r. Ancak, bu heyecan verici d\u00fcnyada ba\u015far\u0131l\u0131 olmak i\u00e7in do\u011fru bilgiye ve stratejilere sahip olman\u0131z gerekir.  Al Sat 101, hem yeni ba\u015flayanlar hem de deneyimli yat\u0131r\u0131mc\u0131lar i\u00e7in vazge\u00e7ilmez bir rehberdir. Bu kitapta, g\u00fcnl\u00fck al\u0131m sat\u0131m\u0131n temel prensiplerinden teknik analiz y\u00f6ntemlerine, risk y\u00f6netiminden piyasa psikolojisine kadar her konuyu derinlemesine ke\u015ffedeceksiniz. \u00d6\u011frenecekleriniz aras\u0131nda: \u2022 G\u00fcnl\u00fck al\u0131m sat\u0131m stratejileri ve nas\u0131l uygulanaca\u011f\u0131 \u2022 Teknik g\u00f6stergelerin etkili kullan\u0131m\u0131 \u2022 Piyasa trendlerini analiz etme becerileri \u2022 Duygusal kontrol ve disiplinin \u00f6nemi \u2022 Kendi al sat plan\u0131n\u0131z\u0131 olu\u015fturma ad\u0131mlar\u0131 Al sat yapmaya haz\u0131r m\u0131s\u0131n\u0131z? \u015eimdi, g\u00fcnl\u00fck al\u0131m sat\u0131m\u0131n inceliklerini ke\u015ffetme zaman\u0131! <\/p>\n","protected":false},"excerpt":{"rendered":"<p>Finansal ba\u015far\u0131ya ula\u015fman\u0131za yard\u0131mc\u0131 olacak bilgiler ve uygulanabilir tavsiyeler i\u00e7eren kapsaml\u0131 bir g\u00fcnl\u00fck al\u0131m sat\u0131m rehberi. G\u00fcnl\u00fck al\u0131m sat\u0131m d\u00fcnyas\u0131, h\u0131zla de\u011fi\u015fen piyasalarda kazanma f\u0131rsatlar\u0131 sunan<span class=\"excerpt-hellip\"> [\u2026]<\/span><\/p>\n","protected":false},"featured_media":0,"template":"","meta":{"_monsterinsights_skip_tracking":false,"_monsterinsights_sitenote_active":false,"_monsterinsights_sitenote_note":"","_monsterinsights_sitenote_category":0},"product_brand":[],"product_cat":[17249,13043],"product_tag":[],"class_list":{"0":"post-766817","1":"product","2":"type-product","3":"status-publish","5":"product_cat-borsa-finans","6":"product_cat-ekonomi","7":"pa_cilt-ciltsiz","8":"pa_tur-kitap","9":"pa_yayinevi-say-yayinlari","10":"pa_yazar-david-borman","12":"first","13":"instock","14":"sale","15":"shipping-taxable","16":"purchasable","17":"product-type-simple"},"_links":{"self":[{"href":"https:\/\/roveyayinevi.com.tr\/index.php\/wp-json\/wp\/v2\/product\/766817","targetHints":{"allow":["GET"]}}],"collection":[{"href":"https:\/\/roveyayinevi.com.tr\/index.php\/wp-json\/wp\/v2\/product"}],"about":[{"href":"https:\/\/roveyayinevi.com.tr\/index.php\/wp-json\/wp\/v2\/types\/product"}],"wp:attachment":[{"href":"https:\/\/roveyayinevi.com.tr\/index.php\/wp-json\/wp\/v2\/media?parent=766817"}],"wp:term":[{"taxonomy":"product_brand","embeddable":true,"href":"https:\/\/roveyayinevi.com.tr\/index.php\/wp-json\/wp\/v2\/product_brand?post=766817"},{"taxonomy":"product_cat","embeddable":true,"href":"https:\/\/roveyayinevi.com.tr\/index.php\/wp-json\/wp\/v2\/product_cat?post=766817"},{"taxonomy":"product_tag","embeddable":true,"href":"https:\/\/roveyayinevi.com.tr\/index.php\/wp-json\/wp\/v2\/product_tag?post=766817"}],"curies":[{"name":"wp","href":"https:\/\/api.w.org\/{rel}","templated":true}]}}