{"id":766816,"date":"2025-08-28T12:26:16","date_gmt":"2025-08-28T09:26:16","guid":{"rendered":"https:\/\/roveyayinevi.com.tr\/index.php\/urun\/mamut-nasil-klonlanir\/"},"modified":"2026-04-15T03:32:39","modified_gmt":"2026-04-15T00:32:39","slug":"mamut-nasil-klonlanir","status":"publish","type":"product","link":"https:\/\/roveyayinevi.com.tr\/index.php\/urun\/mamut-nasil-klonlanir\/","title":{"rendered":"Mamut Nas\u0131l Klonlan\u0131r"},"content":{"rendered":"<p>Mamutlar gibi soyu t\u00fckenmi\u015f t\u00fcrler hayata d\u00f6nd\u00fcr\u00fclebilir mi? Bilim buna evet diyor. Evrimsel biyolog ve \u201cantik DNA\u201d ara\u015ft\u0131rmalar\u0131n\u0131n \u00f6nc\u00fcs\u00fc Shapiro, hangi t\u00fcrlerin geri getirilmesi gerekti\u011fine karar vermekten, genomlar\u0131n\u0131 s\u0131ralamaya ve yeniden canland\u0131r\u0131lan pop\u00fclasyonlar\u0131n vah\u015fi do\u011fada nas\u0131l denetlenebilece\u011fini \u00f6ng\u00f6rmeye kadar, ge\u00e7mi\u015fi yeniden canland\u0131rmak i\u00e7in bug\u00fcn kullan\u0131lan ola\u011fan\u00fcst\u00fc ileri bilimi canl\u0131 bir \u015fekilde ke\u015ffediyor. Shapiro, yokolu\u015fun pratik faydalar\u0131n\u0131 ve etik zorluklar\u0131n\u0131 ele al\u0131yor. Yokolu\u015f ya\u015fam bi\u00e7imimizi de\u011fi\u015ftirir mi? Bu ger\u00e7ekten klonlama m\u0131? Maliyetleri ve riskleri nelerdir? Ve nihai hedef nedir?   \u201cBeth Shapiro &#8230; b\u00fcy\u00fcleyici bir kitap yazm\u0131\u015f.  Neslin t\u00fckenmesiyle ilgili teknik konular\u0131 derinlemesine anlamak isteyen herkes i\u00e7in Mamut Nas\u0131l Klonlan\u0131r merak\u0131n\u0131z\u0131 giderecektir.\u201d \u2013Carl Zimmer, Wall Street Journal   \u201cShapiro, ekolojik etkile\u015fimlerin yeniden canland\u0131r\u0131lmas\u0131n\u0131n soy t\u00fckenmesi ara\u015ft\u0131rmalar\u0131n\u0131n en uygun hedefi oldu\u011funa dair iyi ifade edilmi\u015f bir arg\u00fcman ortaya koyuyor. Okurlar, neslin t\u00fckenmesi ve klonlama ger\u00e7ekleri hakk\u0131nda d\u00fc\u015f\u00fcnmek i\u00e7in gereken bilgileri edinecekler.\u201d \u2013Publishers Weekly   \u201cSoyu t\u00fckenmi\u015f t\u00fcrleri yeniden canland\u0131rmak i\u00e7in ger\u00e7ekten ne gerekti\u011fine dair net bir de\u011ferlendirme. Geriye birka\u00e7 engel kal\u0131yor ve Shapiro bunlar\u0131 biyolojik akla yatk\u0131nl\u0131\u011f\u0131n s\u0131n\u0131rlar\u0131nda parlak bir d\u00fc\u015f\u00fcnce deneyi olarak a\u00e7\u0131k ve e\u011flenceli bir \u015fekilde sunuyor.\u201d \u2013Henry Nicholls, Nature<\/p>\n","protected":false},"excerpt":{"rendered":"<p>Mamutlar gibi soyu t\u00fckenmi\u015f t\u00fcrler hayata d\u00f6nd\u00fcr\u00fclebilir mi? Bilim buna evet diyor. Evrimsel biyolog ve \u201cantik DNA\u201d ara\u015ft\u0131rmalar\u0131n\u0131n \u00f6nc\u00fcs\u00fc Shapiro, hangi t\u00fcrlerin geri getirilmesi gerekti\u011fine karar<span class=\"excerpt-hellip\"> [\u2026]<\/span><\/p>\n","protected":false},"featured_media":0,"template":"","meta":{"_monsterinsights_skip_tracking":false,"_monsterinsights_sitenote_active":false,"_monsterinsights_sitenote_note":"","_monsterinsights_sitenote_category":0},"product_brand":[],"product_cat":[13005,13006],"product_tag":[],"class_list":{"0":"post-766816","1":"product","2":"type-product","3":"status-publish","5":"product_cat-bilim-muhendislik","6":"product_cat-populer-bilim","7":"pa_cilt-ciltsiz","8":"pa_tur-kitap","9":"pa_yayinevi-alfa-yayinlari","10":"pa_yazar-beth-shapiro","12":"first","13":"instock","14":"sale","15":"shipping-taxable","16":"purchasable","17":"product-type-simple"},"_links":{"self":[{"href":"https:\/\/roveyayinevi.com.tr\/index.php\/wp-json\/wp\/v2\/product\/766816","targetHints":{"allow":["GET"]}}],"collection":[{"href":"https:\/\/roveyayinevi.com.tr\/index.php\/wp-json\/wp\/v2\/product"}],"about":[{"href":"https:\/\/roveyayinevi.com.tr\/index.php\/wp-json\/wp\/v2\/types\/product"}],"wp:attachment":[{"href":"https:\/\/roveyayinevi.com.tr\/index.php\/wp-json\/wp\/v2\/media?parent=766816"}],"wp:term":[{"taxonomy":"product_brand","embeddable":true,"href":"https:\/\/roveyayinevi.com.tr\/index.php\/wp-json\/wp\/v2\/product_brand?post=766816"},{"taxonomy":"product_cat","embeddable":true,"href":"https:\/\/roveyayinevi.com.tr\/index.php\/wp-json\/wp\/v2\/product_cat?post=766816"},{"taxonomy":"product_tag","embeddable":true,"href":"https:\/\/roveyayinevi.com.tr\/index.php\/wp-json\/wp\/v2\/product_tag?post=766816"}],"curies":[{"name":"wp","href":"https:\/\/api.w.org\/{rel}","templated":true}]}}