{"id":766815,"date":"2025-08-28T12:26:14","date_gmt":"2025-08-28T09:26:14","guid":{"rendered":"https:\/\/roveyayinevi.com.tr\/index.php\/urun\/akilli-yatirimcinin-finansal-bagimsizlik-rehberi\/"},"modified":"2026-04-15T03:32:39","modified_gmt":"2026-04-15T00:32:39","slug":"akilli-yatirimcinin-finansal-bagimsizlik-rehberi","status":"publish","type":"product","link":"https:\/\/roveyayinevi.com.tr\/index.php\/urun\/akilli-yatirimcinin-finansal-bagimsizlik-rehberi\/","title":{"rendered":"Ak\u0131ll\u0131 Yat\u0131r\u0131mc\u0131n\u0131n Finansal Ba\u011f\u0131ms\u0131zl\u0131k Rehberi"},"content":{"rendered":"<p>AKILLI YATIRIMCININ F\u0130NANSAL BA\u011eIMSIZLIK REHBER\u0130 \u0130stedi\u011finiz hayat\u0131 ya\u015famak, bir ba\u015fkas\u0131n\u0131n zaman \u00e7izelgesine g\u00f6re \u00e7al\u0131\u015fmamak, bir daha para konusunda endi\u015felenmemek ya da ba\u015fka bir hayal\u2026 Finansal \u00f6zg\u00fcrl\u00fc\u011f\u00fcn sizin i\u00e7in anlam\u0131 ne olursa olsun buna ula\u015fman\u0131n yolu yat\u0131r\u0131m yapmaktan ge\u00e7er. Bu \u00f6zl\u00fc ve anla\u015f\u0131l\u0131r kitapta Ben Carlson ve Robin Powell, mant\u0131kl\u0131 tasarruf ve do\u011frudan yat\u0131r\u0131m yoluyla kendinizi finansal \u00f6zg\u00fcrl\u00fc\u011fe giden yola nas\u0131l sokaca\u011f\u0131n\u0131z\u0131 g\u00f6steriyor. Bu kitap \u00e7abucak zengin olmak de\u011fil, yava\u015f ad\u0131mlarla zengin olmak hakk\u0131nda. Uzun vadeli finansal \u00f6zg\u00fcrl\u00fck hedefiyle yat\u0131r\u0131m yaparak zenginlik olu\u015fturmak disiplin, fedak\u00e2rl\u0131k ve zaman gerektirir. Ancak bu m\u00fcmk\u00fcnd\u00fcr ve do\u011fru bilgiyle donat\u0131lm\u0131\u015fsa hemen hemen herkes bunu yapabilir. <\/p>\n","protected":false},"excerpt":{"rendered":"<p>AKILLI YATIRIMCININ F\u0130NANSAL BA\u011eIMSIZLIK REHBER\u0130 \u0130stedi\u011finiz hayat\u0131 ya\u015famak, bir ba\u015fkas\u0131n\u0131n zaman \u00e7izelgesine g\u00f6re \u00e7al\u0131\u015fmamak, bir daha para konusunda endi\u015felenmemek ya da ba\u015fka bir hayal\u2026 Finansal \u00f6zg\u00fcrl\u00fc\u011f\u00fcn<span class=\"excerpt-hellip\"> [\u2026]<\/span><\/p>\n","protected":false},"featured_media":0,"template":"","meta":{"_monsterinsights_skip_tracking":false,"_monsterinsights_sitenote_active":false,"_monsterinsights_sitenote_note":"","_monsterinsights_sitenote_category":0},"product_brand":[],"product_cat":[17249,13043],"product_tag":[],"class_list":{"0":"post-766815","1":"product","2":"type-product","3":"status-publish","5":"product_cat-borsa-finans","6":"product_cat-ekonomi","7":"pa_cilt-ciltsiz","8":"pa_tur-kitap","9":"pa_yayinevi-say-yayinlari","10":"pa_yazar-ben-carlson-robin-powell","12":"first","13":"instock","14":"sale","15":"shipping-taxable","16":"purchasable","17":"product-type-simple"},"_links":{"self":[{"href":"https:\/\/roveyayinevi.com.tr\/index.php\/wp-json\/wp\/v2\/product\/766815","targetHints":{"allow":["GET"]}}],"collection":[{"href":"https:\/\/roveyayinevi.com.tr\/index.php\/wp-json\/wp\/v2\/product"}],"about":[{"href":"https:\/\/roveyayinevi.com.tr\/index.php\/wp-json\/wp\/v2\/types\/product"}],"wp:attachment":[{"href":"https:\/\/roveyayinevi.com.tr\/index.php\/wp-json\/wp\/v2\/media?parent=766815"}],"wp:term":[{"taxonomy":"product_brand","embeddable":true,"href":"https:\/\/roveyayinevi.com.tr\/index.php\/wp-json\/wp\/v2\/product_brand?post=766815"},{"taxonomy":"product_cat","embeddable":true,"href":"https:\/\/roveyayinevi.com.tr\/index.php\/wp-json\/wp\/v2\/product_cat?post=766815"},{"taxonomy":"product_tag","embeddable":true,"href":"https:\/\/roveyayinevi.com.tr\/index.php\/wp-json\/wp\/v2\/product_tag?post=766815"}],"curies":[{"name":"wp","href":"https:\/\/api.w.org\/{rel}","templated":true}]}}