{"id":766812,"date":"2025-08-28T12:26:09","date_gmt":"2025-08-28T09:26:09","guid":{"rendered":"https:\/\/roveyayinevi.com.tr\/index.php\/urun\/halk-uzerinden-kazanc\/"},"modified":"2026-04-15T03:32:39","modified_gmt":"2026-04-15T00:32:39","slug":"halk-uzerinden-kazanc","status":"publish","type":"product","link":"https:\/\/roveyayinevi.com.tr\/index.php\/urun\/halk-uzerinden-kazanc\/","title":{"rendered":"Halk \u00dczerinden Kazan\u00e7"},"content":{"rendered":"<p>\u201c\u00d6n\u00fcm\u00fczdeki y\u0131llarda muazzam ayaklanmalar ya\u015fanabilir. B\u00f6ylesi ayaklanmalar\u0131n sonu\u00e7lar\u0131 hakk\u0131nda ciddi kayg\u0131lar olabilir ve bizi demokratik ve insani bir \u00e7\u00f6z\u00fcme ula\u015ft\u0131raca\u011f\u0131n\u0131 d\u00fc\u015f\u00fcnmek i\u00e7in de pek az sebebimiz var. Bu bizlerin, halk\u0131n, nas\u0131l organize olaca\u011f\u0131m\u0131za, nas\u0131l cevap verece\u011fimize ve nas\u0131l eyleyece\u011fimize ba\u011fl\u0131. Chomsky\u2019nin de dedi\u011fi gibi, e\u011fer daha iyiye do\u011fru de\u011fi\u015fim i\u00e7in hi\u00e7bir ihtimal yokmu\u015f gibi davran\u0131rsan\u0131z daha iyiye do\u011fru de\u011fi\u015fimin imk\u00e2ns\u0131zl\u0131\u011f\u0131n\u0131 garantilersiniz. Se\u00e7im sizindir, se\u00e7im bizimdir.\u201d \u2013ROBERT W. McCHESNEY   \u00c7a\u011f\u0131m\u0131z\u0131n en \u00f6nemli siyasi aktivistlerinden, dilbilimci ve yazar Noam Chomsky\u2019nin, bug\u00fcn d\u00fcnyada demokrasi ad\u0131na neoliberalizme kar\u015f\u0131 m\u00fccadele veren en \u00f6nde gelen entelekt\u00fcel fig\u00fcr oldu\u011funu s\u00f6yleyebiliriz. 1960\u2019larda, Chomsky, Vietnam Sava\u015f\u0131\u2019n\u0131n en dikkat \u00e7eken ABD\u2019li ele\u015ftirmenlerinden biriydi ve genel olarak, ABD\u2019nin demokrasiyi ihlal edi\u015flerinin, insan haklar\u0131n\u0131 hi\u00e7e say\u0131\u015flar\u0131n\u0131n ve zengin az\u0131nl\u0131\u011f\u0131n \u00e7\u0131karlar\u0131n\u0131 g\u00f6zeti\u015finin en keskin ele\u015ftirilerini \u00fcretti. Sonras\u0131nda, ABD haber servislerinin nas\u0131l elitlerin \u00e7\u0131karlar\u0131na hizmet ettiklerini ve yurtta\u015flar\u0131n hayatlar\u0131n\u0131 demokratik bir \u015fekilde ya\u015fama kapasitelerini fiilen nas\u0131l zorla\u015ft\u0131rd\u0131klar\u0131n\u0131 incelemeye ba\u015flad\u0131. 1990\u2019larda, Chomsky, anti-emperyalizmden ele\u015ftirel medya analizine, demokrasiden emek hareketine \u00e7ok \u00e7e\u015fitli ve ba\u011flant\u0131l\u0131 konular hakk\u0131nda yazd\u0131. \u00c7al\u0131\u015fmalar\u0131nda a\u00e7\u0131k\u00e7a g\u00f6sterdi\u011fi gibi, ayn\u0131 anda hem kapitalizmin veya s\u0131n\u0131f ayr\u0131l\u0131\u011f\u0131 olan ba\u015fka herhangi bir toplumun savunuculu\u011funu yap\u0131p hem de bir kat\u0131l\u0131mc\u0131 demokrasi taraftar\u0131 olmak imk\u00e2ns\u0131zd\u0131r. \u201cChomsky k\u00fcresel bir fenomendir&#8230; belki de bug\u00fcn bu gezegende d\u0131\u015f politika alan\u0131nda en \u00e7ok okunan Amerikal\u0131 yazard\u0131r.\u201d \u2013NEW YORK TIMES <\/p>\n","protected":false},"excerpt":{"rendered":"<p>\u201c\u00d6n\u00fcm\u00fczdeki y\u0131llarda muazzam ayaklanmalar ya\u015fanabilir. B\u00f6ylesi ayaklanmalar\u0131n sonu\u00e7lar\u0131 hakk\u0131nda ciddi kayg\u0131lar olabilir ve bizi demokratik ve insani bir \u00e7\u00f6z\u00fcme ula\u015ft\u0131raca\u011f\u0131n\u0131 d\u00fc\u015f\u00fcnmek i\u00e7in de pek az sebebimiz<span class=\"excerpt-hellip\"> [\u2026]<\/span><\/p>\n","protected":false},"featured_media":0,"template":"","meta":{"_monsterinsights_skip_tracking":false,"_monsterinsights_sitenote_active":false,"_monsterinsights_sitenote_note":"","_monsterinsights_sitenote_category":0},"product_brand":[],"product_cat":[13590,12337],"product_tag":[],"class_list":{"0":"post-766812","1":"product","2":"type-product","3":"status-publish","5":"product_cat-arastirma-inceleme-politika-siyaset","6":"product_cat-politika-siyaset","7":"pa_cilt-ciltsiz","8":"pa_tur-kitap","9":"pa_yayinevi-alfa-yayinlari","10":"pa_yazar-noam-chomsky","12":"first","13":"instock","14":"sale","15":"shipping-taxable","16":"purchasable","17":"product-type-simple"},"_links":{"self":[{"href":"https:\/\/roveyayinevi.com.tr\/index.php\/wp-json\/wp\/v2\/product\/766812","targetHints":{"allow":["GET"]}}],"collection":[{"href":"https:\/\/roveyayinevi.com.tr\/index.php\/wp-json\/wp\/v2\/product"}],"about":[{"href":"https:\/\/roveyayinevi.com.tr\/index.php\/wp-json\/wp\/v2\/types\/product"}],"wp:attachment":[{"href":"https:\/\/roveyayinevi.com.tr\/index.php\/wp-json\/wp\/v2\/media?parent=766812"}],"wp:term":[{"taxonomy":"product_brand","embeddable":true,"href":"https:\/\/roveyayinevi.com.tr\/index.php\/wp-json\/wp\/v2\/product_brand?post=766812"},{"taxonomy":"product_cat","embeddable":true,"href":"https:\/\/roveyayinevi.com.tr\/index.php\/wp-json\/wp\/v2\/product_cat?post=766812"},{"taxonomy":"product_tag","embeddable":true,"href":"https:\/\/roveyayinevi.com.tr\/index.php\/wp-json\/wp\/v2\/product_tag?post=766812"}],"curies":[{"name":"wp","href":"https:\/\/api.w.org\/{rel}","templated":true}]}}