{"id":766808,"date":"2025-08-28T12:26:00","date_gmt":"2025-08-28T09:26:00","guid":{"rendered":"https:\/\/roveyayinevi.com.tr\/index.php\/urun\/suyun-nefesi\/"},"modified":"2026-04-15T03:32:39","modified_gmt":"2026-04-15T00:32:39","slug":"suyun-nefesi","status":"publish","type":"product","link":"https:\/\/roveyayinevi.com.tr\/index.php\/urun\/suyun-nefesi\/","title":{"rendered":"Suyun Nefesi"},"content":{"rendered":"<p>Bu kitapta ya\u015fanan derin duygular, travmalar, \u00f6fke y\u00f6netiminde zorluk sonucu ya\u015fanan deneyimler, yas, de\u011fersizlik, yetersizlik, m\u00fckemmeliyet\u00e7ilik kayg\u0131s\u0131, hata yapma korkusu, hay\u0131r diyememe, ki\u015fisel s\u0131n\u0131rlar, onay alma ihtiyac\u0131 temelinde travmaya d\u00f6n\u00fc\u015fen deneyimlere konu i\u00e7eri\u011fine y\u00f6nelik bilgiler sonras\u0131 sunulan hik\u00e2yeler e\u015fli\u011finde tan\u0131kl\u0131k edecek, sunulan psikolojik analizlerle kendi ruh d\u00fcnyan\u0131za aralanan kap\u0131yla ya\u015fad\u0131\u011f\u0131n\u0131z zorlay\u0131c\u0131 deneyimlere farkl\u0131 bir a\u00e7\u0131dan bakabileceksiniz. Bedenimiz yaraland\u0131\u011f\u0131nda diki\u015f at\u0131lmadan yaran\u0131n kapanmas\u0131 m\u00fcmk\u00fcn olmad\u0131\u011f\u0131 gibi auram\u0131z yaraland\u0131\u011f\u0131nda enerjisel s\u0131k\u0131nt\u0131lar, ruhumuz yaraland\u0131\u011f\u0131nda ise psikolojik s\u0131k\u0131nt\u0131lar ba\u015f g\u00f6stermeye ba\u015flar. S\u0131k\u0131nt\u0131lar\u0131n ruhumuzu ele ge\u00e7irmesine izin verdi\u011fimizdeyse mutlu, huzurlu, sevgi dolu, iyi ve \u00f6zg\u00fcr olmak m\u00fcmk\u00fcn de\u011fildir. \u00c7\u00fcnk\u00fc i\u015fgal edilmi\u015f \u00fclkeler de i\u015fgal edilmi\u015f insanlar da \u00f6zg\u00fcr de\u011fildir. Her \u015fey kendi i\u00e7imizde ba\u015flay\u0131p d\u0131\u015far\u0131ya yans\u0131r. Yans\u0131malara yak\u0131ndan bak\u0131p daha iyi olmak ise kendi irademize, iste\u011fimize ve \u00e7abam\u0131za kalm\u0131\u015f. <\/p>\n","protected":false},"excerpt":{"rendered":"<p>Bu kitapta ya\u015fanan derin duygular, travmalar, \u00f6fke y\u00f6netiminde zorluk sonucu ya\u015fanan deneyimler, yas, de\u011fersizlik, yetersizlik, m\u00fckemmeliyet\u00e7ilik kayg\u0131s\u0131, hata yapma korkusu, hay\u0131r diyememe, ki\u015fisel s\u0131n\u0131rlar, onay alma<span class=\"excerpt-hellip\"> [\u2026]<\/span><\/p>\n","protected":false},"featured_media":0,"template":"","meta":{"_monsterinsights_skip_tracking":false,"_monsterinsights_sitenote_active":false,"_monsterinsights_sitenote_note":"","_monsterinsights_sitenote_category":0},"product_brand":[],"product_cat":[12364,12376],"product_tag":[],"class_list":{"0":"post-766808","1":"product","2":"type-product","3":"status-publish","5":"product_cat-genel-konular","6":"product_cat-kisisel-gelisim","7":"pa_cilt-ciltsiz","8":"pa_tur-kitap","9":"pa_yayinevi-kuytu-yayinlari","10":"pa_yazar-halime-gungor","12":"first","13":"instock","14":"sale","15":"shipping-taxable","16":"purchasable","17":"product-type-simple"},"_links":{"self":[{"href":"https:\/\/roveyayinevi.com.tr\/index.php\/wp-json\/wp\/v2\/product\/766808","targetHints":{"allow":["GET"]}}],"collection":[{"href":"https:\/\/roveyayinevi.com.tr\/index.php\/wp-json\/wp\/v2\/product"}],"about":[{"href":"https:\/\/roveyayinevi.com.tr\/index.php\/wp-json\/wp\/v2\/types\/product"}],"wp:attachment":[{"href":"https:\/\/roveyayinevi.com.tr\/index.php\/wp-json\/wp\/v2\/media?parent=766808"}],"wp:term":[{"taxonomy":"product_brand","embeddable":true,"href":"https:\/\/roveyayinevi.com.tr\/index.php\/wp-json\/wp\/v2\/product_brand?post=766808"},{"taxonomy":"product_cat","embeddable":true,"href":"https:\/\/roveyayinevi.com.tr\/index.php\/wp-json\/wp\/v2\/product_cat?post=766808"},{"taxonomy":"product_tag","embeddable":true,"href":"https:\/\/roveyayinevi.com.tr\/index.php\/wp-json\/wp\/v2\/product_tag?post=766808"}],"curies":[{"name":"wp","href":"https:\/\/api.w.org\/{rel}","templated":true}]}}