{"id":766807,"date":"2025-08-28T12:25:59","date_gmt":"2025-08-28T09:25:59","guid":{"rendered":"https:\/\/roveyayinevi.com.tr\/index.php\/urun\/gecmisten-gunumuze-vandan-bahseden-kitaplar\/"},"modified":"2026-04-15T03:32:39","modified_gmt":"2026-04-15T00:32:39","slug":"gecmisten-gunumuze-vandan-bahseden-kitaplar","status":"publish","type":"product","link":"https:\/\/roveyayinevi.com.tr\/index.php\/urun\/gecmisten-gunumuze-vandan-bahseden-kitaplar\/","title":{"rendered":"Ge\u00e7mi\u015ften G\u00fcn\u00fcm\u00fcze Van\u2019dan Bahseden Kitaplar"},"content":{"rendered":"<p>Bu kitapta, Van hakk\u0131nda bilgiler i\u00e7eren yerli ve yabanc\u0131 yazarlar\u0131n 156 kitab\u0131n\u0131 bulacaks\u0131n\u0131z. Benim ula\u015famad\u0131\u011f\u0131m kitaplar\u0131n oldu\u011fu da muhakkakt\u0131r. Bu \u00e7al\u0131\u015fmay\u0131 yaparken ilimizle ilgili bilgiler i\u00e7eren bir\u00e7ok kitab\u0131n da hen\u00fcz T\u00fcrk\u00e7eye terc\u00fcme edilmedi\u011fini fark ettim. Dilerim bu kitaplar da bir an \u00f6nce T\u00fcrk\u00e7e\u2019 ye terc\u00fcme edilir ve okuyucular\u0131n bilgilerine sunulur. Ya\u015fam\u0131m\u0131z\u0131 idame ettirebilmek i\u00e7in hangi i\u015f ile me\u015fgul oluyorsak olal\u0131m, kitaplarla dostlu\u011fumuzu s\u00fcrd\u00fcrelim istiyorum. \u0130limizin, b\u00f6lgemizin, \u00fclkemizin ve insanl\u0131\u011f\u0131n tarihini, k\u00fclt\u00fcrel ge\u00e7mi\u015fini ve edebiyat\u0131n\u0131 \u00f6\u011frenmenin, hayat\u0131m\u0131z\u0131 manen zengin k\u0131laca\u011f\u0131na inan\u0131yorum. Yerel tarihi ve k\u00fclt\u00fcr\u00fc \u00f6\u011frenmemizin ayn\u0131 zamanda d\u00fcnya tarihi ve k\u00fclt\u00fcr\u00fcn\u00fc \u00f6\u011frenmemizin kap\u0131lar\u0131n\u0131 aralad\u0131\u011f\u0131n\u0131 d\u00fc\u015f\u00fcn\u00fcyorum. Gelece\u011fimizi ayd\u0131nl\u0131k k\u0131lmam\u0131z\u0131n yolunun, ge\u00e7mi\u015fimizi ve k\u00fclt\u00fcrel de\u011ferlerimizi bilmekten ge\u00e7ti\u011fine inan\u0131yorum. <\/p>\n","protected":false},"excerpt":{"rendered":"<p>Bu kitapta, Van hakk\u0131nda bilgiler i\u00e7eren yerli ve yabanc\u0131 yazarlar\u0131n 156 kitab\u0131n\u0131 bulacaks\u0131n\u0131z. Benim ula\u015famad\u0131\u011f\u0131m kitaplar\u0131n oldu\u011fu da muhakkakt\u0131r. Bu \u00e7al\u0131\u015fmay\u0131 yaparken ilimizle ilgili bilgiler i\u00e7eren<span class=\"excerpt-hellip\"> [\u2026]<\/span><\/p>\n","protected":false},"featured_media":0,"template":"","meta":{"_monsterinsights_skip_tracking":false,"_monsterinsights_sitenote_active":false,"_monsterinsights_sitenote_note":"","_monsterinsights_sitenote_category":0},"product_brand":[],"product_cat":[52477],"product_tag":[],"class_list":{"0":"post-766807","1":"product","2":"type-product","3":"status-publish","5":"product_cat-arastirma","6":"pa_cilt-ciltsiz","7":"pa_tur-kitap","8":"pa_yayinevi-gulnar-yayinlari","9":"pa_yazar-nedim-ilikci","11":"first","12":"instock","13":"sale","14":"shipping-taxable","15":"purchasable","16":"product-type-simple"},"_links":{"self":[{"href":"https:\/\/roveyayinevi.com.tr\/index.php\/wp-json\/wp\/v2\/product\/766807","targetHints":{"allow":["GET"]}}],"collection":[{"href":"https:\/\/roveyayinevi.com.tr\/index.php\/wp-json\/wp\/v2\/product"}],"about":[{"href":"https:\/\/roveyayinevi.com.tr\/index.php\/wp-json\/wp\/v2\/types\/product"}],"wp:attachment":[{"href":"https:\/\/roveyayinevi.com.tr\/index.php\/wp-json\/wp\/v2\/media?parent=766807"}],"wp:term":[{"taxonomy":"product_brand","embeddable":true,"href":"https:\/\/roveyayinevi.com.tr\/index.php\/wp-json\/wp\/v2\/product_brand?post=766807"},{"taxonomy":"product_cat","embeddable":true,"href":"https:\/\/roveyayinevi.com.tr\/index.php\/wp-json\/wp\/v2\/product_cat?post=766807"},{"taxonomy":"product_tag","embeddable":true,"href":"https:\/\/roveyayinevi.com.tr\/index.php\/wp-json\/wp\/v2\/product_tag?post=766807"}],"curies":[{"name":"wp","href":"https:\/\/api.w.org\/{rel}","templated":true}]}}