{"id":766805,"date":"2025-08-28T12:25:53","date_gmt":"2025-08-28T09:25:53","guid":{"rendered":"https:\/\/roveyayinevi.com.tr\/index.php\/urun\/tiz-ve-ten\/"},"modified":"2026-04-15T03:32:39","modified_gmt":"2026-04-15T00:32:39","slug":"tiz-ve-ten","status":"publish","type":"product","link":"https:\/\/roveyayinevi.com.tr\/index.php\/urun\/tiz-ve-ten\/","title":{"rendered":"Tiz ve Ten"},"content":{"rendered":"<p>\u201c\u2026 yaral\u0131 bir at\u0131m, u\u00e7ar\u0131yd\u0131m eskiden, ge\u00e7ti\u011fim yerlerde kokum kal\u0131rd\u0131 topuklar\u0131mda ihtiyar a\u011fr\u0131lar\u0131m ve kan biriken yar\u0131m bir a\u015fk\u0131 ya\u015famak, eksikli\u011fim oradan \u00e7ekinik ta\u015fral\u0131 gerideli\u011fi y\u00fcksek sesle ka\u00e7malar\u0131m b\u0131rak\u0131p gitme olas\u0131l\u0131\u011f\u0131nla s\u0131\u011fd\u0131r \u00e7\u0131plakl\u0131\u011f\u0131n\u0131 az i\u00e7ime de\u011fip durma teninle, de\u011fdi\u011fin yerde dur, olur. a\u015fk i\u00e7indeki yaray\u0131 aramas\u0131d\u0131r insan\u0131n yaralar\u0131ma dokun\u201d   UMUT \u00c7ET\u0130N, Myrina Yay\u0131nlar\u0131 ve MYART: Myrina Yay\u0131nlar\u0131 Sanat Dergisi edit\u00f6rl\u00fc\u011f\u00fcn\u00fc y\u00fcr\u00fctmektedir. Ba\u015fl\u0131ca Eserleri: Annemden H\u00fcz\u00fcn Genleri (Birinci Bask\u0131: Kum Yay\u0131nlar\u0131, Ocak 2003, \u0130kinci Bask\u0131: Alden Yay\u0131nlar\u0131, 2024, \u015eiir); Tiz ve Ten (Kanguru Yay\u0131nlar\u0131, Nisan 2015, \u015eiir); A\u015fk\u0131n Durumlar\u0131 (Myrina Yay\u0131nlar\u0131, Mart 2021, Anlat\u0131); Pa\u00e7a Rak\u0131s\u0131 (Myrina Yay\u0131nlar\u0131, Mart 2022, \u00d6yk\u00fc); Yollar ve Y\u0131llar (Myrina Yay\u0131nlar\u0131, Mart 2024, An\u0131) <\/p>\n","protected":false},"excerpt":{"rendered":"<p>\u201c\u2026 yaral\u0131 bir at\u0131m, u\u00e7ar\u0131yd\u0131m eskiden, ge\u00e7ti\u011fim yerlerde kokum kal\u0131rd\u0131 topuklar\u0131mda ihtiyar a\u011fr\u0131lar\u0131m ve kan biriken yar\u0131m bir a\u015fk\u0131 ya\u015famak, eksikli\u011fim oradan \u00e7ekinik ta\u015fral\u0131 gerideli\u011fi y\u00fcksek<span class=\"excerpt-hellip\"> [\u2026]<\/span><\/p>\n","protected":false},"featured_media":0,"template":"","meta":{"_monsterinsights_skip_tracking":false,"_monsterinsights_sitenote_active":false,"_monsterinsights_sitenote_note":"","_monsterinsights_sitenote_category":0},"product_brand":[],"product_cat":[12291,12509],"product_tag":[],"class_list":{"0":"post-766805","1":"product","2":"type-product","3":"status-publish","5":"product_cat-edebiyat","6":"product_cat-siir","7":"pa_cilt-ciltsiz","8":"pa_tur-kitap","9":"pa_yayinevi-alden-yayinlari","10":"pa_yazar-umut-cetin","12":"first","13":"instock","14":"sale","15":"shipping-taxable","16":"purchasable","17":"product-type-simple"},"_links":{"self":[{"href":"https:\/\/roveyayinevi.com.tr\/index.php\/wp-json\/wp\/v2\/product\/766805","targetHints":{"allow":["GET"]}}],"collection":[{"href":"https:\/\/roveyayinevi.com.tr\/index.php\/wp-json\/wp\/v2\/product"}],"about":[{"href":"https:\/\/roveyayinevi.com.tr\/index.php\/wp-json\/wp\/v2\/types\/product"}],"wp:attachment":[{"href":"https:\/\/roveyayinevi.com.tr\/index.php\/wp-json\/wp\/v2\/media?parent=766805"}],"wp:term":[{"taxonomy":"product_brand","embeddable":true,"href":"https:\/\/roveyayinevi.com.tr\/index.php\/wp-json\/wp\/v2\/product_brand?post=766805"},{"taxonomy":"product_cat","embeddable":true,"href":"https:\/\/roveyayinevi.com.tr\/index.php\/wp-json\/wp\/v2\/product_cat?post=766805"},{"taxonomy":"product_tag","embeddable":true,"href":"https:\/\/roveyayinevi.com.tr\/index.php\/wp-json\/wp\/v2\/product_tag?post=766805"}],"curies":[{"name":"wp","href":"https:\/\/api.w.org\/{rel}","templated":true}]}}