{"id":766804,"date":"2025-08-28T12:25:51","date_gmt":"2025-08-28T09:25:51","guid":{"rendered":"https:\/\/roveyayinevi.com.tr\/index.php\/urun\/iklimler\/"},"modified":"2026-04-15T03:32:39","modified_gmt":"2026-04-15T00:32:39","slug":"iklimler","status":"publish","type":"product","link":"https:\/\/roveyayinevi.com.tr\/index.php\/urun\/iklimler\/","title":{"rendered":"\u0130klimler"},"content":{"rendered":"<p>Fatin Murat SEFERBEYO\u011eLU, 1968 y\u0131l\u0131nda Adana\u2019da do\u011fdu. \u0130lk, orta ve lise \u00f6\u011frenimini Adana\u2019da tamamlad\u0131ktan sonra 1986 y\u0131l\u0131nda girdi\u011fi Dicle \u00dcniversitesi E\u011fitim Fak\u00fcltesi T\u00fcrk Dili Edebiyat\u0131 B\u00f6l\u00fcm\u00fcnden 1991 y\u0131l\u0131nda mezun oldu. \u00c7orum, Ordu ve Adana\u2019da \u00e7e\u015fitli okullarda y\u00f6neticilik ve T\u00fcrk Dili Edebiyat\u0131 \u00f6\u011fretmenli\u011fi yapt\u0131. Halen Adana\u2019da T\u00fcrk Dili Edebiyat\u0131 \u00f6\u011fretmeni olarak g\u00f6rev yapmaktad\u0131r. Ba\u015fl\u0131ca Eserleri: \u015eiir: Y\u00fcre\u011fimde Gizledi\u011fim, S\u00fcrg\u00fcn Notlar\u0131, \u0130klimler. Roman: Kaybolmu\u015f Hayatlar. \u00d6yk\u00fc: Baba Bak Ben B\u00fcy\u00fcd\u00fcm, Portakall\u0131 Gofret, Zillidede \u00d6yk\u00fcleri. Tiyatro: Hayaller ve Sahneler <\/p>\n","protected":false},"excerpt":{"rendered":"<p>Fatin Murat SEFERBEYO\u011eLU, 1968 y\u0131l\u0131nda Adana\u2019da do\u011fdu. \u0130lk, orta ve lise \u00f6\u011frenimini Adana\u2019da tamamlad\u0131ktan sonra 1986 y\u0131l\u0131nda girdi\u011fi Dicle \u00dcniversitesi E\u011fitim Fak\u00fcltesi T\u00fcrk Dili Edebiyat\u0131 B\u00f6l\u00fcm\u00fcnden<span class=\"excerpt-hellip\"> [\u2026]<\/span><\/p>\n","protected":false},"featured_media":0,"template":"","meta":{"_monsterinsights_skip_tracking":false,"_monsterinsights_sitenote_active":false,"_monsterinsights_sitenote_note":"","_monsterinsights_sitenote_category":0},"product_brand":[],"product_cat":[12291,12509],"product_tag":[],"class_list":{"0":"post-766804","1":"product","2":"type-product","3":"status-publish","5":"product_cat-edebiyat","6":"product_cat-siir","7":"pa_cilt-ciltsiz","8":"pa_tur-kitap","9":"pa_yayinevi-denizkizi-yayinlari","10":"pa_yazar-fatin-murat-seferbeyoglu","12":"first","13":"instock","14":"sale","15":"shipping-taxable","16":"purchasable","17":"product-type-simple"},"_links":{"self":[{"href":"https:\/\/roveyayinevi.com.tr\/index.php\/wp-json\/wp\/v2\/product\/766804","targetHints":{"allow":["GET"]}}],"collection":[{"href":"https:\/\/roveyayinevi.com.tr\/index.php\/wp-json\/wp\/v2\/product"}],"about":[{"href":"https:\/\/roveyayinevi.com.tr\/index.php\/wp-json\/wp\/v2\/types\/product"}],"wp:attachment":[{"href":"https:\/\/roveyayinevi.com.tr\/index.php\/wp-json\/wp\/v2\/media?parent=766804"}],"wp:term":[{"taxonomy":"product_brand","embeddable":true,"href":"https:\/\/roveyayinevi.com.tr\/index.php\/wp-json\/wp\/v2\/product_brand?post=766804"},{"taxonomy":"product_cat","embeddable":true,"href":"https:\/\/roveyayinevi.com.tr\/index.php\/wp-json\/wp\/v2\/product_cat?post=766804"},{"taxonomy":"product_tag","embeddable":true,"href":"https:\/\/roveyayinevi.com.tr\/index.php\/wp-json\/wp\/v2\/product_tag?post=766804"}],"curies":[{"name":"wp","href":"https:\/\/api.w.org\/{rel}","templated":true}]}}