{"id":766802,"date":"2025-08-28T12:25:46","date_gmt":"2025-08-28T09:25:46","guid":{"rendered":"https:\/\/roveyayinevi.com.tr\/index.php\/urun\/buyukannem-beni-seviyor-ciltli-2-hikaye-bir-arada\/"},"modified":"2026-04-11T14:35:47","modified_gmt":"2026-04-11T11:35:47","slug":"buyukannem-beni-seviyor-ciltli-2-hikaye-bir-arada","status":"publish","type":"product","link":"https:\/\/roveyayinevi.com.tr\/index.php\/urun\/buyukannem-beni-seviyor-ciltli-2-hikaye-bir-arada\/","title":{"rendered":"B\u00fcy\u00fckannem Beni Seviyor (Ciltli &#8211; 2 Hikaye Bir Arada)"},"content":{"rendered":"<p>\u00c7ocuklar ile b\u00fcy\u00fckanne ve b\u00fcy\u00fckbabalar\u0131 aras\u0131ndaki sevgi dolu ba\u011f\u0131 ke\u015ffeden bu tatl\u0131 kitap, sevimli bir z\u00fcrafa, fil ve gergedan ile birlikte okuyucular\u0131n\u0131 maceraya davet ediyor. B\u00fcy\u00fckanne ve b\u00fcy\u00fckbabalar\u0131n s\u0131cak s\u00f6zleri, miniklerin sevgi ve g\u00fcven ihtiya\u00e7lar\u0131n\u0131 kar\u015f\u0131layarak huzurlu bir ya\u015fam s\u00fcrmelerine yard\u0131mc\u0131 oluyor.   Okumas\u0131 e\u011flenceli olan bu iki tarafl\u0131 kitap, \u00e7ocuklar ve ebeveynler aras\u0131ndaki ba\u011f\u0131 g\u00fc\u00e7lendirirken, dile getirilmesi zor olan sevgi s\u00f6zlerini peki\u015ftiriyor. Reng\u00e2renk \u00e7izimleriyle en ne\u015feli sabahlara ve en huzurlu uyku anlar\u0131na e\u015flik edecek bu kitap, aileniz i\u00e7in e\u015fsiz bir hazine niteli\u011finde. <\/p>\n","protected":false},"excerpt":{"rendered":"<p>\u00c7ocuklar ile b\u00fcy\u00fckanne ve b\u00fcy\u00fckbabalar\u0131 aras\u0131ndaki sevgi dolu ba\u011f\u0131 ke\u015ffeden bu tatl\u0131 kitap, sevimli bir z\u00fcrafa, fil ve gergedan ile birlikte okuyucular\u0131n\u0131 maceraya davet ediyor. B\u00fcy\u00fckanne<span class=\"excerpt-hellip\"> [\u2026]<\/span><\/p>\n","protected":false},"featured_media":0,"template":"","meta":{"_monsterinsights_skip_tracking":false,"_monsterinsights_sitenote_active":false,"_monsterinsights_sitenote_note":"","_monsterinsights_sitenote_category":0},"product_brand":[],"product_cat":[12274,12284],"product_tag":[],"class_list":{"0":"post-766802","1":"product","2":"type-product","3":"status-publish","5":"product_cat-cocuk-ve-genclik-kitaplari","6":"product_cat-hikayeler","7":"pa_cilt-ciltli","8":"pa_tur-kitap","9":"pa_yayinevi-buyulu-fener-yayinlari","10":"pa_yazar-elena-ulyeva","12":"first","13":"instock","14":"sale","15":"shipping-taxable","16":"purchasable","17":"product-type-simple"},"_links":{"self":[{"href":"https:\/\/roveyayinevi.com.tr\/index.php\/wp-json\/wp\/v2\/product\/766802","targetHints":{"allow":["GET"]}}],"collection":[{"href":"https:\/\/roveyayinevi.com.tr\/index.php\/wp-json\/wp\/v2\/product"}],"about":[{"href":"https:\/\/roveyayinevi.com.tr\/index.php\/wp-json\/wp\/v2\/types\/product"}],"wp:attachment":[{"href":"https:\/\/roveyayinevi.com.tr\/index.php\/wp-json\/wp\/v2\/media?parent=766802"}],"wp:term":[{"taxonomy":"product_brand","embeddable":true,"href":"https:\/\/roveyayinevi.com.tr\/index.php\/wp-json\/wp\/v2\/product_brand?post=766802"},{"taxonomy":"product_cat","embeddable":true,"href":"https:\/\/roveyayinevi.com.tr\/index.php\/wp-json\/wp\/v2\/product_cat?post=766802"},{"taxonomy":"product_tag","embeddable":true,"href":"https:\/\/roveyayinevi.com.tr\/index.php\/wp-json\/wp\/v2\/product_tag?post=766802"}],"curies":[{"name":"wp","href":"https:\/\/api.w.org\/{rel}","templated":true}]}}