{"id":766795,"date":"2025-08-28T12:25:32","date_gmt":"2025-08-28T09:25:32","guid":{"rendered":"https:\/\/roveyayinevi.com.tr\/index.php\/urun\/derimizin-olaganustu-yasami\/"},"modified":"2025-12-30T11:33:18","modified_gmt":"2025-12-30T08:33:18","slug":"derimizin-olaganustu-yasami","status":"publish","type":"product","link":"https:\/\/roveyayinevi.com.tr\/index.php\/urun\/derimizin-olaganustu-yasami\/","title":{"rendered":"Derimizin Ola\u011fan\u00fcst\u00fc Ya\u015fam\u0131"},"content":{"rendered":"<p>En s\u0131rad\u0131\u015f\u0131 organ\u0131m\u0131z\u0131 ba\u015ftan a\u015fa\u011f\u0131 inceleyen bu \u00e7al\u0131\u015fma, deriye yaz\u0131lm\u0131\u015f bir a\u015fk mektubu. Kitapta deriyi bir prizma olarak kullanarak farkl\u0131 zaman ve mek\u00e2nlara bir bak\u0131\u015f ataca\u011f\u0131z; antik tarihten bilimin gelece\u011fine, Papua Yeni Gine\u2019de timsaha tapan insanlar\u0131n zarif d\u00f6vmelerinden Miami Plaj\u0131\u2019ndaki g\u00fcne\u015fperestlerin derilerindeki de\u011fi\u015fimlere uzanaca\u011f\u0131z.   \u00d6nce deriyi fiziksel a\u00e7\u0131dan katman katman inceleyece\u011fiz. Ard\u0131ndan beslenmemizin cildimizi etkileyip etkilemedi\u011fi, cildimizi nelerin ya\u015fland\u0131rd\u0131\u011f\u0131 ve g\u00fcne\u015f \u0131\u015f\u0131\u011f\u0131n\u0131n ne kadar\u0131n\u0131n fazla oldu\u011fu gibi sorular\u0131, ger\u00e7ek ile efsaneyi birbirinden ay\u0131rarak ele alaca\u011f\u0131z. Bu sorulardan yola \u00e7\u0131karak, dokunma kaynakl\u0131 ac\u0131 ve keyiften, stresin cilt \u00fczerindeki etkilerine kadar, deriyle zihni birbirine ba\u011flayan merak uyand\u0131r\u0131c\u0131 konular\u0131 inceleyece\u011fiz.   Deri ile zihin yak\u0131n arkada\u015ft\u0131r ve ba\u015fka hi\u00e7bir organ psikolojik a\u00e7\u0131dan bu denli \u00f6nem ta\u015f\u0131maz. Derimizin ba\u015fkalar\u0131 taraf\u0131ndan nas\u0131l alg\u0131land\u0131\u011f\u0131 \u2013veya buna ili\u015fkin kendi fikrimiz\u2013 zihinsel sa\u011fl\u0131\u011f\u0131m\u0131z\u0131 etkileyebilir. D\u0131\u015f y\u00fczeyimize yapt\u0131\u011f\u0131m\u0131z yolculu\u011fun son k\u0131sm\u0131nda, deriyi toplumsal ba\u011flamda ele alaca\u011f\u0131z. Deri bizi birle\u015ftirir: \u0130nsan, ba\u015fkalar\u0131yla ileti\u015fim kurmak i\u00e7in deriyi kal\u0131c\u0131 olarak i\u015faretleyen ve d\u00f6vme yapan tek canl\u0131d\u0131r. \u00d6te yandan, deri bizi ay\u0131r\u0131r: Deri rengi ve \u201ckirletici\u201d cilt hastal\u0131klar\u0131 toplumlar\u0131 b\u00f6lerek, insanl\u0131k tarihinin gidi\u015fat\u0131n\u0131 de\u011fi\u015ftirmi\u015ftir. Sonu\u00e7 olarak, insan derisi fiziksel varl\u0131\u011f\u0131n\u0131n \u00e7ok \u00f6tesindeki etkileriyle felsefe, din ve dil \u00fczerinde iz b\u0131rakm\u0131\u015ft\u0131r.   \u2014 Monty Lyman     <\/p>\n","protected":false},"excerpt":{"rendered":"<p>En s\u0131rad\u0131\u015f\u0131 organ\u0131m\u0131z\u0131 ba\u015ftan a\u015fa\u011f\u0131 inceleyen bu \u00e7al\u0131\u015fma, deriye yaz\u0131lm\u0131\u015f bir a\u015fk mektubu. Kitapta deriyi bir prizma olarak kullanarak farkl\u0131 zaman ve mek\u00e2nlara bir bak\u0131\u015f ataca\u011f\u0131z;<span class=\"excerpt-hellip\"> [\u2026]<\/span><\/p>\n","protected":false},"featured_media":0,"template":"","meta":{"_monsterinsights_skip_tracking":false,"_monsterinsights_sitenote_active":false,"_monsterinsights_sitenote_note":"","_monsterinsights_sitenote_category":0},"product_brand":[],"product_cat":[13005],"product_tag":[],"class_list":{"0":"post-766795","1":"product","2":"type-product","3":"status-publish","5":"product_cat-bilim-muhendislik","6":"pa_cilt-ciltsiz","7":"pa_tur-kitap","8":"pa_yayinevi-metis-yayinlari","9":"pa_yazar-monty-lyman","11":"first","12":"instock","13":"sale","14":"shipping-taxable","15":"purchasable","16":"product-type-simple"},"_links":{"self":[{"href":"https:\/\/roveyayinevi.com.tr\/index.php\/wp-json\/wp\/v2\/product\/766795","targetHints":{"allow":["GET"]}}],"collection":[{"href":"https:\/\/roveyayinevi.com.tr\/index.php\/wp-json\/wp\/v2\/product"}],"about":[{"href":"https:\/\/roveyayinevi.com.tr\/index.php\/wp-json\/wp\/v2\/types\/product"}],"wp:attachment":[{"href":"https:\/\/roveyayinevi.com.tr\/index.php\/wp-json\/wp\/v2\/media?parent=766795"}],"wp:term":[{"taxonomy":"product_brand","embeddable":true,"href":"https:\/\/roveyayinevi.com.tr\/index.php\/wp-json\/wp\/v2\/product_brand?post=766795"},{"taxonomy":"product_cat","embeddable":true,"href":"https:\/\/roveyayinevi.com.tr\/index.php\/wp-json\/wp\/v2\/product_cat?post=766795"},{"taxonomy":"product_tag","embeddable":true,"href":"https:\/\/roveyayinevi.com.tr\/index.php\/wp-json\/wp\/v2\/product_tag?post=766795"}],"curies":[{"name":"wp","href":"https:\/\/api.w.org\/{rel}","templated":true}]}}