{"id":766794,"date":"2025-08-28T12:25:31","date_gmt":"2025-08-28T09:25:31","guid":{"rendered":"https:\/\/roveyayinevi.com.tr\/index.php\/urun\/obur-yazilar\/"},"modified":"2026-04-15T03:32:38","modified_gmt":"2026-04-15T00:32:38","slug":"obur-yazilar","status":"publish","type":"product","link":"https:\/\/roveyayinevi.com.tr\/index.php\/urun\/obur-yazilar\/","title":{"rendered":"Obur Yaz\u0131lar"},"content":{"rendered":"<p>Yemek k\u00fclt\u00fcr\u00fc ve \u015farap uzman\u0131 Levon Ba\u011f\u0131\u015f, T\u00fcrkiye\u2019deki yeme-i\u00e7me k\u00fclt\u00fcr\u00fcn\u00fcn \u015fekillenmesinde \u00f6nemli bir rol oynam\u0131\u015f, samimi ve derinlikli yaz\u0131lar\u0131yla geni\u015f bir takip\u00e7i kitlesi edinmi\u015ftir. Bu kitap, Ba\u011f\u0131\u015f\u2019\u0131n Agos gazetesindeki \u201cObur\u201d ba\u015fl\u0131kl\u0131 k\u00f6\u015fesinde 2013-2020 y\u0131llar\u0131 aras\u0131nda kaleme ald\u0131\u011f\u0131 yaz\u0131lardan olu\u015fan bir se\u00e7kidir. Ba\u011f\u0131\u015f, yeme-i\u00e7me \u00fczerine yazd\u0131\u011f\u0131 yaz\u0131larda yaln\u0131zca tarifler veya ele\u015ftiriler sunmaz. Her bir yaz\u0131s\u0131nda, yemek k\u00fclt\u00fcr\u00fcne dair derin bilgi ve deneyimlerini, adeta sohbet eder gibi okuyucuya aktar\u0131r. Ba\u011f\u0131\u015f\u2019\u0131n \u201cobur\u201d yaz\u0131lar\u0131, gazetelerin eski f\u0131kra yazarlar\u0131n\u0131 and\u0131ran bir \u00fcsluba sahiptir. Bu nedenle Obur Yaz\u0131lar, sadece yeme-i\u00e7me merakl\u0131lar\u0131 i\u00e7in de\u011fil, ayn\u0131 zamanda ya\u015fam\u0131 daha lezzetli hale getirmek isteyen herkes i\u00e7in b\u00fcy\u00fck bir hazine niteli\u011fi ta\u015f\u0131r.Bu kitapla sadece T\u00fcrkiye\u2019nin yeme-i\u00e7me k\u00fclt\u00fcr\u00fcndeki d\u00f6n\u00fc\u015f\u00fcm\u00fc de\u011fil, ayn\u0131 zamanda bu k\u00fclt\u00fcr\u00fcn ard\u0131ndaki insanlar\u0131 ve hik\u00e2yeleri de ke\u015ffedeceksiniz. Obur Yaz\u0131lar, k\u00fclt\u00fcrlerin \u00f6tesinde bir lezzet yolculu\u011funa \u00e7\u0131kmak isteyen herkes i\u00e7in vazge\u00e7ilmez bir ba\u015fvuru kayna\u011f\u0131. <\/p>\n","protected":false},"excerpt":{"rendered":"<p>Yemek k\u00fclt\u00fcr\u00fc ve \u015farap uzman\u0131 Levon Ba\u011f\u0131\u015f, T\u00fcrkiye\u2019deki yeme-i\u00e7me k\u00fclt\u00fcr\u00fcn\u00fcn \u015fekillenmesinde \u00f6nemli bir rol oynam\u0131\u015f, samimi ve derinlikli yaz\u0131lar\u0131yla geni\u015f bir takip\u00e7i kitlesi edinmi\u015ftir. Bu kitap,<span class=\"excerpt-hellip\"> [\u2026]<\/span><\/p>\n","protected":false},"featured_media":0,"template":"","meta":{"_monsterinsights_skip_tracking":false,"_monsterinsights_sitenote_active":false,"_monsterinsights_sitenote_note":"","_monsterinsights_sitenote_category":0},"product_brand":[],"product_cat":[12457],"product_tag":[],"class_list":{"0":"post-766794","1":"product","2":"type-product","3":"status-publish","5":"product_cat-yemek-kitaplari","6":"pa_cilt-ciltsiz","7":"pa_tur-kitap","8":"pa_yayinevi-aras-yayinlari","9":"pa_yazar-levon-bagis","11":"first","12":"instock","13":"sale","14":"shipping-taxable","15":"purchasable","16":"product-type-simple"},"_links":{"self":[{"href":"https:\/\/roveyayinevi.com.tr\/index.php\/wp-json\/wp\/v2\/product\/766794","targetHints":{"allow":["GET"]}}],"collection":[{"href":"https:\/\/roveyayinevi.com.tr\/index.php\/wp-json\/wp\/v2\/product"}],"about":[{"href":"https:\/\/roveyayinevi.com.tr\/index.php\/wp-json\/wp\/v2\/types\/product"}],"wp:attachment":[{"href":"https:\/\/roveyayinevi.com.tr\/index.php\/wp-json\/wp\/v2\/media?parent=766794"}],"wp:term":[{"taxonomy":"product_brand","embeddable":true,"href":"https:\/\/roveyayinevi.com.tr\/index.php\/wp-json\/wp\/v2\/product_brand?post=766794"},{"taxonomy":"product_cat","embeddable":true,"href":"https:\/\/roveyayinevi.com.tr\/index.php\/wp-json\/wp\/v2\/product_cat?post=766794"},{"taxonomy":"product_tag","embeddable":true,"href":"https:\/\/roveyayinevi.com.tr\/index.php\/wp-json\/wp\/v2\/product_tag?post=766794"}],"curies":[{"name":"wp","href":"https:\/\/api.w.org\/{rel}","templated":true}]}}