{"id":766788,"date":"2025-08-28T12:25:16","date_gmt":"2025-08-28T09:25:16","guid":{"rendered":"https:\/\/roveyayinevi.com.tr\/index.php\/urun\/olu-kirlangiclar\/"},"modified":"2026-04-15T03:32:38","modified_gmt":"2026-04-15T00:32:38","slug":"olu-kirlangiclar","status":"publish","type":"product","link":"https:\/\/roveyayinevi.com.tr\/index.php\/urun\/olu-kirlangiclar\/","title":{"rendered":"\u00d6l\u00fc K\u0131rlang\u0131\u00e7lar"},"content":{"rendered":"<p>\u0130lham ve \u00f6\u011freti\/fikir s\u00f6z konusu oldu\u011funda filozoflar ile \u015fairleri \u00f6zlenen de\u011ferlerin sivri u\u00e7lar\u0131nda dola\u015ft\u0131rabiliriz. De\u011ferler kal\u0131t\u0131m\u0131 b\u00f6ylesi bir \u00f6zg\u00fcn damar\u0131n te\u015fvik\u00e7isi olabilir. Kimilerinin miza\u00e7 ve zihniyetini kendimize aktard\u0131\u011f\u0131m\u0131zda benze\u015ftirdi\u011fimizi de fark ederiz. Buna izin veren, dilin zaman dizinine ba\u011fl\u0131 i\u015flevidir. \u00c7\u00fcnk\u00fc okunacak her metin, bilin\u00e7 kar\u015f\u0131la\u015ft\u0131rmas\u0131n\u0131 gerek\u00e7e g\u00f6sterir. Dolay\u0131s\u0131yla dili, karar\u0131 d\u00f6n\u00fc\u015ft\u00fcrm\u00fc\u015f ve karara varm\u0131\u015f olarak g\u00f6r\u00fcr\u00fcz.\u00d6l\u00fc K\u0131rlang\u0131\u00e7lar Cesare Pavese, Han Yong Un, Fernando Pessoa, Furu\u011f Ferruhzad, Sylvia Plath, Octavio Paz, Pablo Neruda,T. S. Eliot, Charles Baudela\u0131re, Rainer Maria Rilke, Mahmut Dervi\u015f, Louise Gl\u00fcck, Mayakovski, Muhammed \u0130kbal, Friedrich Nietzsche, Matsuo Ba\u015fo, Rabindranath Tagore, Goethe, E. E. Cummings ve Konstantinos Kavafis gibi k\u0131rka yak\u0131n \u015fairin miza\u00e7 ve zihniyet ke\u015ffinden do\u011fdu.<\/p>\n","protected":false},"excerpt":{"rendered":"<p>\u0130lham ve \u00f6\u011freti\/fikir s\u00f6z konusu oldu\u011funda filozoflar ile \u015fairleri \u00f6zlenen de\u011ferlerin sivri u\u00e7lar\u0131nda dola\u015ft\u0131rabiliriz. De\u011ferler kal\u0131t\u0131m\u0131 b\u00f6ylesi bir \u00f6zg\u00fcn damar\u0131n te\u015fvik\u00e7isi olabilir. Kimilerinin miza\u00e7 ve zihniyetini<span class=\"excerpt-hellip\"> [\u2026]<\/span><\/p>\n","protected":false},"featured_media":0,"template":"","meta":{"_monsterinsights_skip_tracking":false,"_monsterinsights_sitenote_active":false,"_monsterinsights_sitenote_note":"","_monsterinsights_sitenote_category":0},"product_brand":[],"product_cat":[12291,12509],"product_tag":[],"class_list":{"0":"post-766788","1":"product","2":"type-product","3":"status-publish","5":"product_cat-edebiyat","6":"product_cat-siir","7":"pa_cilt-ciltsiz","8":"pa_tur-kitap","9":"pa_yayinevi-otuken-nesriyat","10":"pa_yazar-nazim-payam","12":"first","13":"instock","14":"sale","15":"shipping-taxable","16":"purchasable","17":"product-type-simple"},"_links":{"self":[{"href":"https:\/\/roveyayinevi.com.tr\/index.php\/wp-json\/wp\/v2\/product\/766788","targetHints":{"allow":["GET"]}}],"collection":[{"href":"https:\/\/roveyayinevi.com.tr\/index.php\/wp-json\/wp\/v2\/product"}],"about":[{"href":"https:\/\/roveyayinevi.com.tr\/index.php\/wp-json\/wp\/v2\/types\/product"}],"wp:attachment":[{"href":"https:\/\/roveyayinevi.com.tr\/index.php\/wp-json\/wp\/v2\/media?parent=766788"}],"wp:term":[{"taxonomy":"product_brand","embeddable":true,"href":"https:\/\/roveyayinevi.com.tr\/index.php\/wp-json\/wp\/v2\/product_brand?post=766788"},{"taxonomy":"product_cat","embeddable":true,"href":"https:\/\/roveyayinevi.com.tr\/index.php\/wp-json\/wp\/v2\/product_cat?post=766788"},{"taxonomy":"product_tag","embeddable":true,"href":"https:\/\/roveyayinevi.com.tr\/index.php\/wp-json\/wp\/v2\/product_tag?post=766788"}],"curies":[{"name":"wp","href":"https:\/\/api.w.org\/{rel}","templated":true}]}}