{"id":766786,"date":"2025-08-28T12:25:13","date_gmt":"2025-08-28T09:25:13","guid":{"rendered":"https:\/\/roveyayinevi.com.tr\/index.php\/urun\/kompost-yapma-sanati\/"},"modified":"2026-04-15T03:32:38","modified_gmt":"2026-04-15T00:32:38","slug":"kompost-yapma-sanati","status":"publish","type":"product","link":"https:\/\/roveyayinevi.com.tr\/index.php\/urun\/kompost-yapma-sanati\/","title":{"rendered":"Kompost Yapma Sanat\u0131"},"content":{"rendered":"<p>Ya\u015fl\u0131 D\u00fcnya\u2019m\u0131z, insano\u011flunun yery\u00fcz\u00fcnde olu\u015fturdu\u011fu ya\u015fam d\u00fczeniyle her ge\u00e7en g\u00fcn biraz daha yoruluyor. Kendi ya\u015fant\u0131m\u0131zda yapaca\u011f\u0131m\u0131z k\u00fc\u00e7\u00fck de\u011fi\u015fikliklerle D\u00fcnya\u2019ya yard\u0131mc\u0131 olmam\u0131z ve onu de\u011fi\u015ftirmemiz m\u00fcmk\u00fcn. Bir Aya\u011f\u0131m Do\u011fada serisinin ilk kitab\u0131 Kompost Yapma Sanat\u0131 sadece tek bir \u015fey yaparak D\u00fcnya\u2019y\u0131 de\u011fi\u015ftirebilece\u011fimizin motivasyonunu \u00e7ocuklara vermek i\u00e7in haz\u0131rland\u0131. D\u00fcnya i\u00e7in iyi \u015feyler yapmak, do\u011fan\u0131n ve yery\u00fcz\u00fcn\u00fcn i\u015fleyi\u015fini anlamakla m\u00fcmk\u00fcn. Kompost Yapma Sanat\u0131 kitab\u0131m\u0131z bu anlay\u0131\u015fla toprak, toprak ekosistemi, solucanlar, kompost, kompost t\u00fcrleri, kompost yap\u0131m\u0131 vb. konular\u0131 \u00f6rneklerle a\u00e7\u0131kl\u0131yor. Kompost Yapma Sanat\u0131 ile \u00e7ocuklar hem do\u011fayla ilgili fark\u0131ndal\u0131k sahibi olacaklar hem de kendi kompostlar\u0131n\u0131 yapabilecek bilgiyi edinecekler. Do\u011fadaki canl\u0131lar do\u011faya hi\u00e7 \u00e7\u00f6p b\u0131rakm\u0131yor.  Bizler de do\u011fal at\u0131klar\u0131m\u0131z\u0131 kompost yaparak d\u00f6n\u00fc\u015ft\u00fcrebiliriz.<\/p>\n","protected":false},"excerpt":{"rendered":"<p>Ya\u015fl\u0131 D\u00fcnya\u2019m\u0131z, insano\u011flunun yery\u00fcz\u00fcnde olu\u015fturdu\u011fu ya\u015fam d\u00fczeniyle her ge\u00e7en g\u00fcn biraz daha yoruluyor. Kendi ya\u015fant\u0131m\u0131zda yapaca\u011f\u0131m\u0131z k\u00fc\u00e7\u00fck de\u011fi\u015fikliklerle D\u00fcnya\u2019ya yard\u0131mc\u0131 olmam\u0131z ve onu de\u011fi\u015ftirmemiz m\u00fcmk\u00fcn. Bir<span class=\"excerpt-hellip\"> [\u2026]<\/span><\/p>\n","protected":false},"featured_media":0,"template":"","meta":{"_monsterinsights_skip_tracking":false,"_monsterinsights_sitenote_active":false,"_monsterinsights_sitenote_note":"","_monsterinsights_sitenote_category":0},"product_brand":[],"product_cat":[138976,12364],"product_tag":[],"class_list":{"0":"post-766786","1":"product","2":"type-product","3":"status-publish","5":"product_cat-ev-ve-pratik-bilgiler-genel-konular","6":"product_cat-genel-konular","7":"pa_cilt-ciltsiz","8":"pa_tur-kitap","9":"pa_yayinevi-erdem-cocuk","10":"pa_yazar-sima-ozkan","12":"first","13":"instock","14":"sale","15":"shipping-taxable","16":"purchasable","17":"product-type-simple"},"_links":{"self":[{"href":"https:\/\/roveyayinevi.com.tr\/index.php\/wp-json\/wp\/v2\/product\/766786","targetHints":{"allow":["GET"]}}],"collection":[{"href":"https:\/\/roveyayinevi.com.tr\/index.php\/wp-json\/wp\/v2\/product"}],"about":[{"href":"https:\/\/roveyayinevi.com.tr\/index.php\/wp-json\/wp\/v2\/types\/product"}],"wp:attachment":[{"href":"https:\/\/roveyayinevi.com.tr\/index.php\/wp-json\/wp\/v2\/media?parent=766786"}],"wp:term":[{"taxonomy":"product_brand","embeddable":true,"href":"https:\/\/roveyayinevi.com.tr\/index.php\/wp-json\/wp\/v2\/product_brand?post=766786"},{"taxonomy":"product_cat","embeddable":true,"href":"https:\/\/roveyayinevi.com.tr\/index.php\/wp-json\/wp\/v2\/product_cat?post=766786"},{"taxonomy":"product_tag","embeddable":true,"href":"https:\/\/roveyayinevi.com.tr\/index.php\/wp-json\/wp\/v2\/product_tag?post=766786"}],"curies":[{"name":"wp","href":"https:\/\/api.w.org\/{rel}","templated":true}]}}