{"id":766785,"date":"2025-08-28T12:25:10","date_gmt":"2025-08-28T09:25:10","guid":{"rendered":"https:\/\/roveyayinevi.com.tr\/index.php\/urun\/ari-zarife\/"},"modified":"2026-04-15T03:32:38","modified_gmt":"2026-04-15T00:32:38","slug":"ari-zarife","status":"publish","type":"product","link":"https:\/\/roveyayinevi.com.tr\/index.php\/urun\/ari-zarife\/","title":{"rendered":"Ar\u0131 Zarife"},"content":{"rendered":"<p>T\u00fcm i\u015f\u00e7i ar\u0131lar\u0131n g\u00f6revi bal yapmakt\u0131r. Fakat Ar\u0131 Zarife bal yapamaz. Gerekli her \u015feyi yapar: Portakal a\u011fa\u00e7lar\u0131na u\u00e7ar, diliyle \u00e7i\u00e7ekleri yalar, bal \u00f6zlerini kovana ta\u015f\u0131r. Ne kadar \u00e7aba g\u00f6sterse de bal \u00fcretemez. G\u00fcn\u00fcn birinde Ar\u0131 Zarife bala benzemeyen ba\u015fka bir \u015fey \u00fcretmeye ba\u015flar. Bunun \u00fczerine kovandakiler \u00e7ok sinirlenir ve onun kovandan ayr\u0131lmas\u0131 gerekti\u011fini d\u00fc\u015f\u00fcn\u00fcrler.  Ar\u0131 Zarife nas\u0131l biz \u00e7\u00f6z\u00fcm bulacak acaba? Farkl\u0131l\u0131\u011f\u0131n olumsuz bir \u015fey olmad\u0131\u011f\u0131 ve lezzetli bir \u015f\u00f6lene d\u00f6n\u00fc\u015febilece\u011fi ile ilgili \u015firin bir masal.<\/p>\n","protected":false},"excerpt":{"rendered":"<p>T\u00fcm i\u015f\u00e7i ar\u0131lar\u0131n g\u00f6revi bal yapmakt\u0131r. Fakat Ar\u0131 Zarife bal yapamaz. Gerekli her \u015feyi yapar: Portakal a\u011fa\u00e7lar\u0131na u\u00e7ar, diliyle \u00e7i\u00e7ekleri yalar, bal \u00f6zlerini kovana ta\u015f\u0131r. Ne<span class=\"excerpt-hellip\"> [\u2026]<\/span><\/p>\n","protected":false},"featured_media":0,"template":"","meta":{"_monsterinsights_skip_tracking":false,"_monsterinsights_sitenote_active":false,"_monsterinsights_sitenote_note":"","_monsterinsights_sitenote_category":0},"product_brand":[],"product_cat":[12274,12523],"product_tag":[],"class_list":{"0":"post-766785","1":"product","2":"type-product","3":"status-publish","5":"product_cat-cocuk-ve-genclik-kitaplari","6":"product_cat-masallar","7":"pa_cilt-ciltsiz","8":"pa_tur-kitap","9":"pa_yayinevi-erdem-cocuk","10":"pa_yazar-katia-canton","12":"first","13":"instock","14":"sale","15":"shipping-taxable","16":"purchasable","17":"product-type-simple"},"_links":{"self":[{"href":"https:\/\/roveyayinevi.com.tr\/index.php\/wp-json\/wp\/v2\/product\/766785","targetHints":{"allow":["GET"]}}],"collection":[{"href":"https:\/\/roveyayinevi.com.tr\/index.php\/wp-json\/wp\/v2\/product"}],"about":[{"href":"https:\/\/roveyayinevi.com.tr\/index.php\/wp-json\/wp\/v2\/types\/product"}],"wp:attachment":[{"href":"https:\/\/roveyayinevi.com.tr\/index.php\/wp-json\/wp\/v2\/media?parent=766785"}],"wp:term":[{"taxonomy":"product_brand","embeddable":true,"href":"https:\/\/roveyayinevi.com.tr\/index.php\/wp-json\/wp\/v2\/product_brand?post=766785"},{"taxonomy":"product_cat","embeddable":true,"href":"https:\/\/roveyayinevi.com.tr\/index.php\/wp-json\/wp\/v2\/product_cat?post=766785"},{"taxonomy":"product_tag","embeddable":true,"href":"https:\/\/roveyayinevi.com.tr\/index.php\/wp-json\/wp\/v2\/product_tag?post=766785"}],"curies":[{"name":"wp","href":"https:\/\/api.w.org\/{rel}","templated":true}]}}