{"id":766784,"date":"2025-08-28T12:25:07","date_gmt":"2025-08-28T09:25:07","guid":{"rendered":"https:\/\/roveyayinevi.com.tr\/index.php\/urun\/gec-gelen-sohret-bez-cilt\/"},"modified":"2026-04-15T03:32:38","modified_gmt":"2026-04-15T00:32:38","slug":"gec-gelen-sohret-bez-cilt","status":"publish","type":"product","link":"https:\/\/roveyayinevi.com.tr\/index.php\/urun\/gec-gelen-sohret-bez-cilt\/","title":{"rendered":"Ge\u00e7 Gelen \u015e\u00f6hret (Bez Cilt)"},"content":{"rendered":"<p>Viyana. 19. y\u00fczy\u0131l sonu. Bohem hayat sahnesinde ge\u00e7en trajikomik bir edebiyat maceras\u0131&#8230;Eduard Saxberger orta ya\u015flar\u0131n\u0131n sonunda kendi halinde bir memurdur. Bir g\u00fcn gen\u00e7 ve hevesli bir \u015fair kap\u0131s\u0131n\u0131 \u00e7al\u0131nca hayat\u0131 ray\u0131ndan \u00e7\u0131kar. Zira Saxberger yirmili ya\u015flar\u0131nda Gezintiler adl\u0131 bir \u015fiir kitab\u0131 yay\u0131mlam\u0131\u015f, sonra yazmay\u0131 b\u0131rak\u0131p hayat gailesine kap\u0131lm\u0131\u015f, onca y\u0131l sonra Viyana\u2019n\u0131n ate\u015fli edebiyat grubu \u201cCo\u015fku\u201d taraf\u0131ndan yeniden ke\u015ffedilmi\u015f ve bu ayk\u0131r\u0131 yazarlar toplulu\u011fu taraf\u0131ndan k\u0131ymeti bilinmemi\u015f bir \u00fcstat mertebesine y\u00fckseltilmi\u015ftir.Peki, Saxberger\u2019in edebiyat sahnesine geri d\u00f6n\u00fc\u015f\u00fc nas\u0131l olacakt\u0131r? Ondan bir harekete \u00f6nc\u00fcl\u00fck etmesini isteyen bu hevesli gen\u00e7lere yepyeni eserlerle el verebilecek midir? Y\u0131llard\u0131r al\u0131\u015ft\u0131\u011f\u0131 tekd\u00fcze memuriyet ve meyhane hayat\u0131 ile yeni dahil oldu\u011fu heyecanl\u0131 ve bohem kafe hayat\u0131 aras\u0131nda kendini, y\u0131llar\u0131n\u0131 ve \u00e7evresini sorgulayan ge\u00e7kin \u015fair nelere tan\u0131k olacak ve nas\u0131l bir d\u00f6n\u00fc\u015f\u00fcm ge\u00e7irecektir?Modernist Viyana edebiyat\u0131n\u0131n \u00f6nde gelen yazarlar\u0131ndan Arthur Schnitzler\u2019in min\u00f6r ba\u015fyap\u0131t\u0131 Ge\u00e7 Gelen \u015e\u00f6hret\u2019i Bilgin \u00d6lek\u2019in \u00f6zenli \u00e7evirisiyle sunuyoruz.<\/p>\n","protected":false},"excerpt":{"rendered":"<p>Viyana. 19. y\u00fczy\u0131l sonu. Bohem hayat sahnesinde ge\u00e7en trajikomik bir edebiyat maceras\u0131&#8230;Eduard Saxberger orta ya\u015flar\u0131n\u0131n sonunda kendi halinde bir memurdur. Bir g\u00fcn gen\u00e7 ve hevesli bir<span class=\"excerpt-hellip\"> [\u2026]<\/span><\/p>\n","protected":false},"featured_media":0,"template":"","meta":{"_monsterinsights_skip_tracking":false,"_monsterinsights_sitenote_active":false,"_monsterinsights_sitenote_note":"","_monsterinsights_sitenote_category":0},"product_brand":[],"product_cat":[12291,12711],"product_tag":[],"class_list":{"0":"post-766784","1":"product","2":"type-product","3":"status-publish","5":"product_cat-edebiyat","6":"product_cat-roman-oyku","7":"pa_cilt-ciltli","8":"pa_tur-kitap","9":"pa_yayinevi-koridor-yayincilik","10":"pa_yazar-arthur-schnitzler","12":"first","13":"instock","14":"sale","15":"shipping-taxable","16":"purchasable","17":"product-type-simple"},"_links":{"self":[{"href":"https:\/\/roveyayinevi.com.tr\/index.php\/wp-json\/wp\/v2\/product\/766784","targetHints":{"allow":["GET"]}}],"collection":[{"href":"https:\/\/roveyayinevi.com.tr\/index.php\/wp-json\/wp\/v2\/product"}],"about":[{"href":"https:\/\/roveyayinevi.com.tr\/index.php\/wp-json\/wp\/v2\/types\/product"}],"wp:attachment":[{"href":"https:\/\/roveyayinevi.com.tr\/index.php\/wp-json\/wp\/v2\/media?parent=766784"}],"wp:term":[{"taxonomy":"product_brand","embeddable":true,"href":"https:\/\/roveyayinevi.com.tr\/index.php\/wp-json\/wp\/v2\/product_brand?post=766784"},{"taxonomy":"product_cat","embeddable":true,"href":"https:\/\/roveyayinevi.com.tr\/index.php\/wp-json\/wp\/v2\/product_cat?post=766784"},{"taxonomy":"product_tag","embeddable":true,"href":"https:\/\/roveyayinevi.com.tr\/index.php\/wp-json\/wp\/v2\/product_tag?post=766784"}],"curies":[{"name":"wp","href":"https:\/\/api.w.org\/{rel}","templated":true}]}}