{"id":766779,"date":"2025-08-28T12:24:56","date_gmt":"2025-08-28T09:24:56","guid":{"rendered":"https:\/\/roveyayinevi.com.tr\/index.php\/urun\/amerikan-is-dunyasini-anlamak\/"},"modified":"2026-04-15T03:32:38","modified_gmt":"2026-04-15T00:32:38","slug":"amerikan-is-dunyasini-anlamak","status":"publish","type":"product","link":"https:\/\/roveyayinevi.com.tr\/index.php\/urun\/amerikan-is-dunyasini-anlamak\/","title":{"rendered":"Amerikan \u0130\u015f D\u00fcnyas\u0131n\u0131 Anlamak"},"content":{"rendered":"<p>Bu kitap, bilgi y\u00f6netimi ve ileti\u015fim devrimini yaratan \u015firketlerin baz\u0131lar\u0131n\u0131n ve onlar\u0131 yaratanlar\u0131n inan\u0131lmaz \u00f6yk\u00fclerini kapsamaktad\u0131r. Son elli altm\u0131\u015f y\u0131lda ger\u00e7ekle\u015fen ve b\u00fct\u00fcn d\u00fcnyada ya\u015fam \u015feklini ve sosyal ili\u015fkileri radikal \u015fekilde de\u011fi\u015ftiren devrim, Airbnb, Alphabet- Google, Amazon, Apple, Berkshire- Hathaway, Best Buy, BlackRock, Bloomberg, Dell, EBay, Hunt Oil, Intel, LinkedIn, Meta-Facebook, Microsoft, Netflix, Nike, Nvidia, Oracle, PayPal, Starbucks, Tesla, Uber, UnitedHealth Group, Wal-Mart a\u00e7\u0131s\u0131ndan anlat\u0131lmaktad\u0131r. Ayn\u0131 zamanda bu uzun \u00f6yk\u00fc, bu \u015firketlerin kurucular\u0131, Howard Schultz (Starbucks), Richard M. Schulze (Best Buy), Brian Chesky, Nathan Blecharrczyk, Joe Gebba (Airbnb), Warren Buffett, Charlie Munger (Berkshire Hathaway), Michael Bloomberg, Thomas Secunda, Duncan MacMillan, Charles Zegar (Bloomberg), Jeff Bezos (Amazon), Bill Gates, Paul Allen (Microsoft), Steve Jobs, Stephen Wozniak (Apple), Mark Zuckerberg, Eduard Luiz Saverin, Andrew McCollum, Dustin Moskovitz, Christopher Hughes (Meta \u2013 Facebook), Elon Musk (Tesla, SpaceX, Neuralink), Lawrence Edward Page, Sergey Mikhailovich Brin (Alphabet -Google), Marc Bernays Randolph, Wilmot Reed Hastings (Netflix), Lawrence Joseph Ellison, Robert Nimrod Miner, Edward Oates (Oracle), Michael Saul Dell (Dell), Robert Norton Noyce, Gordon Earle Mooore, Andrew Stephen Grove (Intel), Laurence Douglas Fink (BlackRock), Sam Walton, Jim Walton, Alice Walton, Robson Walton (Walmart), Philip Hampson Knight, William Jay Bowerman (Nike), Haroldson Lafayete Hunt, Caroline Rose Hunt, Ray Lee Hunt (Hunt oil), Richard T. Burke (UnitedHealth), Reid Garrett Hoffman (LinkIn), Pierre Morad Omidyar (eBay), Kenneth Alan Howery, Max Levchin, Peter Andreas Thiel (Paypal), Jensen Huang, Chris Malachowsky, Curtis Priem (Nvidia), Garrett Camp, Travis Cordell Kalanick (Uber)\u2018in de ya\u015fam \u00f6yk\u00fcs\u00fcd\u00fcr. <\/p>\n","protected":false},"excerpt":{"rendered":"<p>Bu kitap, bilgi y\u00f6netimi ve ileti\u015fim devrimini yaratan \u015firketlerin baz\u0131lar\u0131n\u0131n ve onlar\u0131 yaratanlar\u0131n inan\u0131lmaz \u00f6yk\u00fclerini kapsamaktad\u0131r. Son elli altm\u0131\u015f y\u0131lda ger\u00e7ekle\u015fen ve b\u00fct\u00fcn d\u00fcnyada ya\u015fam \u015feklini<span class=\"excerpt-hellip\"> [\u2026]<\/span><\/p>\n","protected":false},"featured_media":0,"template":"","meta":{"_monsterinsights_skip_tracking":false,"_monsterinsights_sitenote_active":false,"_monsterinsights_sitenote_note":"","_monsterinsights_sitenote_category":0},"product_brand":[],"product_cat":[13043,17647],"product_tag":[],"class_list":{"0":"post-766779","1":"product","2":"type-product","3":"status-publish","5":"product_cat-ekonomi","6":"product_cat-is-dunyasi","7":"pa_cilt-ciltsiz","8":"pa_tur-kitap","9":"pa_yayinevi-soncag-akademik-kitaplar","10":"pa_yazar-guran-tatlioglu","12":"first","13":"instock","14":"sale","15":"shipping-taxable","16":"purchasable","17":"product-type-simple"},"_links":{"self":[{"href":"https:\/\/roveyayinevi.com.tr\/index.php\/wp-json\/wp\/v2\/product\/766779","targetHints":{"allow":["GET"]}}],"collection":[{"href":"https:\/\/roveyayinevi.com.tr\/index.php\/wp-json\/wp\/v2\/product"}],"about":[{"href":"https:\/\/roveyayinevi.com.tr\/index.php\/wp-json\/wp\/v2\/types\/product"}],"wp:attachment":[{"href":"https:\/\/roveyayinevi.com.tr\/index.php\/wp-json\/wp\/v2\/media?parent=766779"}],"wp:term":[{"taxonomy":"product_brand","embeddable":true,"href":"https:\/\/roveyayinevi.com.tr\/index.php\/wp-json\/wp\/v2\/product_brand?post=766779"},{"taxonomy":"product_cat","embeddable":true,"href":"https:\/\/roveyayinevi.com.tr\/index.php\/wp-json\/wp\/v2\/product_cat?post=766779"},{"taxonomy":"product_tag","embeddable":true,"href":"https:\/\/roveyayinevi.com.tr\/index.php\/wp-json\/wp\/v2\/product_tag?post=766779"}],"curies":[{"name":"wp","href":"https:\/\/api.w.org\/{rel}","templated":true}]}}