{"id":766778,"date":"2025-08-28T12:24:53","date_gmt":"2025-08-28T09:24:53","guid":{"rendered":"https:\/\/roveyayinevi.com.tr\/index.php\/urun\/goosebumps-6-gelmis-gecmis-en-korkunc-kitap\/"},"modified":"2026-04-15T03:32:38","modified_gmt":"2026-04-15T00:32:38","slug":"goosebumps-6-gelmis-gecmis-en-korkunc-kitap","status":"publish","type":"product","link":"https:\/\/roveyayinevi.com.tr\/index.php\/urun\/goosebumps-6-gelmis-gecmis-en-korkunc-kitap\/","title":{"rendered":"Goosebumps 6 -Gelmi\u015f Ge\u00e7mi\u015f En Korkun\u00e7 Kitap"},"content":{"rendered":"<p>KORKMAN GEREKEN TEK SEY&#8230;HER SEY. \u0130kiz karde\u015fler Betty ile Billy, Wayward Orman\u0131\u2019ndaki tenha bir evde oturan amcalar\u0131 Wendell\u2019\u0131 ziyarete geldi. S\u0131k\u0131c\u0131 olaca\u011f\u0131n\u0131 d\u00fc\u015f\u00fcnd\u00fckleri bu misafirlik, h\u0131zla ger\u00e7ek bir k\u00e2busa d\u00f6n\u00fc\u015ft\u00fc. Wendell, d\u00fcnyan\u0131n en korkun\u00e7 kitab\u0131na sahip ve birisi onun pe\u015finde. Karde\u015fler, kitab\u0131 g\u00fcvende tutmak i\u00e7in tehlikelerle dolu orman\u0131n derinliklerine dalmak zorunda. Burada, di\u011fer deh\u015fet verici \u015feylerin yan\u0131 s\u0131ra insan ba\u015fl\u0131 yarasalardan, yamyam kargalardan ve dev b\u00f6ceklerden ka\u00e7arak hayatta kalmay\u0131 ba\u015farabilecekler mi? \u2018E\u011fer kitap buradan d\u0131\u015far\u0131 \u00e7\u0131karsa&#8230;\u2019 dedi sesini tekrar f\u0131s\u0131lt\u0131ya indirerek, \u2018&#8230; Kitab\u0131n sayfalar\u0131 a\u00e7\u0131l\u0131rsa&#8230; D\u00fcnyaya k\u00f6t\u00fcl\u00fck sa\u00e7\u0131l\u0131r. Kimse g\u00fcvende olmaz.\u2019 \u00dcrperdi. \u2018Kimsenin hayat\u0131 asla eskisi gibi olmaz.\u2019 Sessizlik. Uzun bir sessizlik. Kimse konu\u015fmad\u0131. F\u0131s\u0131ldayarak s\u00f6yledi\u011fi s\u00f6zc\u00fckler kafamda yank\u0131lan\u0131yordu. Sesindeki korkuyu duyuyordum.\u201d <\/p>\n","protected":false},"excerpt":{"rendered":"<p>KORKMAN GEREKEN TEK SEY&#8230;HER SEY. \u0130kiz karde\u015fler Betty ile Billy, Wayward Orman\u0131\u2019ndaki tenha bir evde oturan amcalar\u0131 Wendell\u2019\u0131 ziyarete geldi. S\u0131k\u0131c\u0131 olaca\u011f\u0131n\u0131 d\u00fc\u015f\u00fcnd\u00fckleri bu misafirlik, h\u0131zla<span class=\"excerpt-hellip\"> [\u2026]<\/span><\/p>\n","protected":false},"featured_media":0,"template":"","meta":{"_monsterinsights_skip_tracking":false,"_monsterinsights_sitenote_active":false,"_monsterinsights_sitenote_note":"","_monsterinsights_sitenote_category":0},"product_brand":[],"product_cat":[12274,12284],"product_tag":[],"class_list":{"0":"post-766778","1":"product","2":"type-product","3":"status-publish","5":"product_cat-cocuk-ve-genclik-kitaplari","6":"product_cat-hikayeler","7":"pa_cilt-ciltsiz","8":"pa_tur-kitap","9":"pa_yayinevi-x-libris","10":"pa_yazar-r-l-stine","12":"first","13":"instock","14":"sale","15":"shipping-taxable","16":"purchasable","17":"product-type-simple"},"_links":{"self":[{"href":"https:\/\/roveyayinevi.com.tr\/index.php\/wp-json\/wp\/v2\/product\/766778","targetHints":{"allow":["GET"]}}],"collection":[{"href":"https:\/\/roveyayinevi.com.tr\/index.php\/wp-json\/wp\/v2\/product"}],"about":[{"href":"https:\/\/roveyayinevi.com.tr\/index.php\/wp-json\/wp\/v2\/types\/product"}],"wp:attachment":[{"href":"https:\/\/roveyayinevi.com.tr\/index.php\/wp-json\/wp\/v2\/media?parent=766778"}],"wp:term":[{"taxonomy":"product_brand","embeddable":true,"href":"https:\/\/roveyayinevi.com.tr\/index.php\/wp-json\/wp\/v2\/product_brand?post=766778"},{"taxonomy":"product_cat","embeddable":true,"href":"https:\/\/roveyayinevi.com.tr\/index.php\/wp-json\/wp\/v2\/product_cat?post=766778"},{"taxonomy":"product_tag","embeddable":true,"href":"https:\/\/roveyayinevi.com.tr\/index.php\/wp-json\/wp\/v2\/product_tag?post=766778"}],"curies":[{"name":"wp","href":"https:\/\/api.w.org\/{rel}","templated":true}]}}