{"id":766777,"date":"2025-08-28T12:24:52","date_gmt":"2025-08-28T09:24:52","guid":{"rendered":"https:\/\/roveyayinevi.com.tr\/index.php\/urun\/sanat-eserinin-kokeni\/"},"modified":"2025-10-05T23:24:55","modified_gmt":"2025-10-05T20:24:55","slug":"sanat-eserinin-kokeni","status":"publish","type":"product","link":"https:\/\/roveyayinevi.com.tr\/index.php\/urun\/sanat-eserinin-kokeni\/","title":{"rendered":"Sanat Eserinin K\u00f6keni"},"content":{"rendered":"<p>Sanat Eserinin K\u00f6keni, Heidegger\u2019in ilk defa 13 Kas\u0131m 1935\u2019te Freiburg\u2019ta sundu\u011fu bir konu\u015fmaya dayan\u0131yor. Heidegger bu konu\u015fmay\u0131 1936\u2019da Z\u00fcrich\u2019te tekrar etmi\u015ftir. Elinizdeki \u00e7eviriye esas al\u0131nan Toplu Eserlerdeki versiyon ise bu konu\u015fmaya dayanan \u00fc\u00e7 metinden ve ilave iki a\u00e7\u0131klamadan meydana geliyor. \u0130lk \u00fc\u00e7 metin 17 Kas\u0131m, 24 Kas\u0131m ve 4 Aral\u0131k 1936\u2019da Frankfurt\u2019ta sunulmu\u015f ve 1950\u2019de Holzwege [Patikalar] isimli derleme kitab\u0131nda Sanat Eserinin K\u00f6keni ba\u015fl\u0131\u011f\u0131yla yay\u0131mlanm\u0131\u015ft\u0131r. D\u00f6rd\u00fcnc\u00fc metin olan Son S\u00f6z daha sonra yaz\u0131lm\u0131\u015ft\u0131r. Be\u015finci ve son metin olan Ek ise 1956\u2019da kaleme al\u0131nm\u0131\u015f ve 1960\u2019ta yay\u0131mlanan g\u00f6zden ge\u00e7irilmi\u015f ve geli\u015ftirilmi\u015f edisyonunda yer alm\u0131\u015ft\u0131r. Kendi ifadesiyle sanat eserinin \u201cnereden ve ne sayesinde ne ise o oldu\u011funu ve nas\u0131l oldu\u011funu\u201d ele alan Heidegger, konunun t\u00fcm ayr\u0131nt\u0131lar\u0131na ili\u015fkin kendine \u00f6zg\u00fc bir patika a\u00e7\u0131yor.<\/p>\n","protected":false},"excerpt":{"rendered":"<p>Sanat Eserinin K\u00f6keni, Heidegger\u2019in ilk defa 13 Kas\u0131m 1935\u2019te Freiburg\u2019ta sundu\u011fu bir konu\u015fmaya dayan\u0131yor. Heidegger bu konu\u015fmay\u0131 1936\u2019da Z\u00fcrich\u2019te tekrar etmi\u015ftir. Elinizdeki \u00e7eviriye esas al\u0131nan Toplu<span class=\"excerpt-hellip\"> [\u2026]<\/span><\/p>\n","protected":false},"featured_media":0,"template":"","meta":{"_monsterinsights_skip_tracking":false,"_monsterinsights_sitenote_active":false,"_monsterinsights_sitenote_note":"","_monsterinsights_sitenote_category":0},"product_brand":[],"product_cat":[12388,14717],"product_tag":[],"class_list":{"0":"post-766777","1":"product","2":"type-product","3":"status-publish","5":"product_cat-felsefe","6":"product_cat-felsefe-tarihi","7":"pa_cilt-ciltsiz","8":"pa_tur-kitap","9":"pa_yayinevi-alfa-yayinlari","10":"pa_yazar-martin-heidegger","12":"first","13":"instock","14":"sale","15":"shipping-taxable","16":"purchasable","17":"product-type-simple"},"_links":{"self":[{"href":"https:\/\/roveyayinevi.com.tr\/index.php\/wp-json\/wp\/v2\/product\/766777","targetHints":{"allow":["GET"]}}],"collection":[{"href":"https:\/\/roveyayinevi.com.tr\/index.php\/wp-json\/wp\/v2\/product"}],"about":[{"href":"https:\/\/roveyayinevi.com.tr\/index.php\/wp-json\/wp\/v2\/types\/product"}],"wp:attachment":[{"href":"https:\/\/roveyayinevi.com.tr\/index.php\/wp-json\/wp\/v2\/media?parent=766777"}],"wp:term":[{"taxonomy":"product_brand","embeddable":true,"href":"https:\/\/roveyayinevi.com.tr\/index.php\/wp-json\/wp\/v2\/product_brand?post=766777"},{"taxonomy":"product_cat","embeddable":true,"href":"https:\/\/roveyayinevi.com.tr\/index.php\/wp-json\/wp\/v2\/product_cat?post=766777"},{"taxonomy":"product_tag","embeddable":true,"href":"https:\/\/roveyayinevi.com.tr\/index.php\/wp-json\/wp\/v2\/product_tag?post=766777"}],"curies":[{"name":"wp","href":"https:\/\/api.w.org\/{rel}","templated":true}]}}