{"id":766776,"date":"2025-08-28T12:24:51","date_gmt":"2025-08-28T09:24:51","guid":{"rendered":"https:\/\/roveyayinevi.com.tr\/index.php\/urun\/filistinde-abluka-isgal-soykirim\/"},"modified":"2026-04-15T03:32:38","modified_gmt":"2026-04-15T00:32:38","slug":"filistinde-abluka-isgal-soykirim","status":"publish","type":"product","link":"https:\/\/roveyayinevi.com.tr\/index.php\/urun\/filistinde-abluka-isgal-soykirim\/","title":{"rendered":"Filistin\u2019de Abluka, \u0130\u015fgal, Soyk\u0131r\u0131m"},"content":{"rendered":"<p>Her biri alan\u0131nda yetkin yerli ve yabanc\u0131 uzmanlar ile akademisyen- lerin analizlerinden olu\u015fan \u201cFilistin\u2019de Abluka, \u0130\u015fgal, Soyk\u0131r\u0131m\u201d, Filistin topraklar\u0131ndaki yak\u0131c\u0131 trajediye ku\u015fat\u0131c\u0131 bir perspektifle bakarak, daha ba\u015f\u0131nda \u0131rk ayr\u0131mc\u0131l\u0131\u011f\u0131na dayal\u0131 bir i\u015fgal devleti olarak tasarlanan, tarihi boyunca g\u00fcvenlik t\u00fcketip \u015fiddet \u00fcreten \u0130srail devletinin do\u011fas\u0131n\u0131 b\u00fct\u00fcn ve\u00e7heleriyle serimliyor. Uluslarara- s\u0131 ili\u015fkiler literat\u00fcr\u00fcnde yer edindi\u011fi \u015fekliyle \u201cFilistin sorunu\u201d tan\u0131m\u0131n\u0131n esasen \u201c\u0130srail sorunu\u201d olarak yeniden kurgulanmas\u0131 gere\u011fini ortaya koyan analizlerin di\u011fer bir oda\u011f\u0131 ise II. D\u00fcnya Sava\u015f\u0131\u2019n\u0131n ard\u0131ndan ikinci bir soyk\u0131r\u0131ma mahal vermemek \u00fczere \u015fekillendirilen uluslararas\u0131 sistemin somut ve ilkesel dayanaklar\u0131- n\u0131n temelinden sars\u0131lm\u0131\u015f olmas\u0131. Kitapta yer alan analizler, do\u011fru- lar\u0131n ve hakikatlerin cesaretle dile getirilebilmi\u015f olmas\u0131 y\u00f6n\u00fcyle de ayr\u0131 bir de\u011fer ta\u015f\u0131yor. <\/p>\n","protected":false},"excerpt":{"rendered":"<p>Her biri alan\u0131nda yetkin yerli ve yabanc\u0131 uzmanlar ile akademisyen- lerin analizlerinden olu\u015fan \u201cFilistin\u2019de Abluka, \u0130\u015fgal, Soyk\u0131r\u0131m\u201d, Filistin topraklar\u0131ndaki yak\u0131c\u0131 trajediye ku\u015fat\u0131c\u0131 bir perspektifle bakarak, daha<span class=\"excerpt-hellip\"> [\u2026]<\/span><\/p>\n","protected":false},"featured_media":0,"template":"","meta":{"_monsterinsights_skip_tracking":false,"_monsterinsights_sitenote_active":false,"_monsterinsights_sitenote_note":"","_monsterinsights_sitenote_category":0},"product_brand":[],"product_cat":[12304],"product_tag":[],"class_list":{"0":"post-766776","1":"product","2":"type-product","3":"status-publish","5":"product_cat-tarih","6":"pa_cilt-ciltsiz","7":"pa_tur-kitap","8":"pa_yayinevi-anadolu-ajansi-yayinevi","9":"pa_yazar-kolektif","11":"first","12":"instock","13":"sale","14":"shipping-taxable","15":"purchasable","16":"product-type-simple"},"_links":{"self":[{"href":"https:\/\/roveyayinevi.com.tr\/index.php\/wp-json\/wp\/v2\/product\/766776","targetHints":{"allow":["GET"]}}],"collection":[{"href":"https:\/\/roveyayinevi.com.tr\/index.php\/wp-json\/wp\/v2\/product"}],"about":[{"href":"https:\/\/roveyayinevi.com.tr\/index.php\/wp-json\/wp\/v2\/types\/product"}],"wp:attachment":[{"href":"https:\/\/roveyayinevi.com.tr\/index.php\/wp-json\/wp\/v2\/media?parent=766776"}],"wp:term":[{"taxonomy":"product_brand","embeddable":true,"href":"https:\/\/roveyayinevi.com.tr\/index.php\/wp-json\/wp\/v2\/product_brand?post=766776"},{"taxonomy":"product_cat","embeddable":true,"href":"https:\/\/roveyayinevi.com.tr\/index.php\/wp-json\/wp\/v2\/product_cat?post=766776"},{"taxonomy":"product_tag","embeddable":true,"href":"https:\/\/roveyayinevi.com.tr\/index.php\/wp-json\/wp\/v2\/product_tag?post=766776"}],"curies":[{"name":"wp","href":"https:\/\/api.w.org\/{rel}","templated":true}]}}