{"id":766775,"date":"2025-08-28T12:24:49","date_gmt":"2025-08-28T09:24:49","guid":{"rendered":"https:\/\/roveyayinevi.com.tr\/index.php\/urun\/tarihin-izinde-borsalar\/"},"modified":"2026-04-15T03:32:38","modified_gmt":"2026-04-15T00:32:38","slug":"tarihin-izinde-borsalar","status":"publish","type":"product","link":"https:\/\/roveyayinevi.com.tr\/index.php\/urun\/tarihin-izinde-borsalar\/","title":{"rendered":"Tarihin \u0130zinde Borsalar"},"content":{"rendered":"<p>\u0130\u00e7indekiler :     \u00b7         B\u00d6L\u00dcM 1 (7-14. Y\u00fczy\u0131l) Do\u011fu\u2019nun Egzotik Pazarlar\u0131   \u00b7         B\u00d6L\u00dcM 2 (13 ve 14. Y\u00fczy\u0131l) Lyon: Fuarlardan Para Piyasalar\u0131na   \u00b7         B\u00d6L\u00dcM 3 (15. Y\u00fczy\u0131l) Bruge: Kapitalizmin Be\u015fi\u011fi   \u00b7         B\u00d6L\u00dcM 4 (16. Y\u00fczy\u0131l) Anvers: D\u00fcnya\u2019n\u0131n Ticaret Ba\u015fkenti   \u00b7         B\u00d6L\u00dcM 5 (17. Y\u00fczy\u0131l) Amsterdam: D\u00fcnyan\u0131n \u0130lk Menkul K\u0131ymetler Borsas\u0131   \u00b7         B\u00d6L\u00dcM 6 (18. ve 19. Y\u00fczy\u0131l) Londra: \u0130lk K\u00fcresel Menkul K\u0131ymetler Borsas\u0131 <\/p>\n","protected":false},"excerpt":{"rendered":"<p>\u0130\u00e7indekiler : \u00b7 B\u00d6L\u00dcM 1 (7-14. Y\u00fczy\u0131l) Do\u011fu\u2019nun Egzotik Pazarlar\u0131 \u00b7 B\u00d6L\u00dcM 2 (13 ve 14. Y\u00fczy\u0131l) Lyon: Fuarlardan Para Piyasalar\u0131na \u00b7 B\u00d6L\u00dcM 3 (15. Y\u00fczy\u0131l)<span class=\"excerpt-hellip\"> [\u2026]<\/span><\/p>\n","protected":false},"featured_media":0,"template":"","meta":{"_monsterinsights_skip_tracking":false,"_monsterinsights_sitenote_active":false,"_monsterinsights_sitenote_note":"","_monsterinsights_sitenote_category":0},"product_brand":[],"product_cat":[13043],"product_tag":[],"class_list":{"0":"post-766775","1":"product","2":"type-product","3":"status-publish","5":"product_cat-ekonomi","6":"pa_cilt-ciltsiz","7":"pa_tur-kitap","8":"pa_yayinevi-gazi-kitabevi","9":"pa_yazar-mehmet-baha-karan","11":"first","12":"instock","13":"sale","14":"shipping-taxable","15":"purchasable","16":"product-type-simple"},"_links":{"self":[{"href":"https:\/\/roveyayinevi.com.tr\/index.php\/wp-json\/wp\/v2\/product\/766775","targetHints":{"allow":["GET"]}}],"collection":[{"href":"https:\/\/roveyayinevi.com.tr\/index.php\/wp-json\/wp\/v2\/product"}],"about":[{"href":"https:\/\/roveyayinevi.com.tr\/index.php\/wp-json\/wp\/v2\/types\/product"}],"wp:attachment":[{"href":"https:\/\/roveyayinevi.com.tr\/index.php\/wp-json\/wp\/v2\/media?parent=766775"}],"wp:term":[{"taxonomy":"product_brand","embeddable":true,"href":"https:\/\/roveyayinevi.com.tr\/index.php\/wp-json\/wp\/v2\/product_brand?post=766775"},{"taxonomy":"product_cat","embeddable":true,"href":"https:\/\/roveyayinevi.com.tr\/index.php\/wp-json\/wp\/v2\/product_cat?post=766775"},{"taxonomy":"product_tag","embeddable":true,"href":"https:\/\/roveyayinevi.com.tr\/index.php\/wp-json\/wp\/v2\/product_tag?post=766775"}],"curies":[{"name":"wp","href":"https:\/\/api.w.org\/{rel}","templated":true}]}}