{"id":766772,"date":"2025-08-28T12:24:42","date_gmt":"2025-08-28T09:24:42","guid":{"rendered":"https:\/\/roveyayinevi.com.tr\/index.php\/urun\/bir-delinin-guncesi-ve-fayton\/"},"modified":"2026-04-15T03:32:38","modified_gmt":"2026-04-15T00:32:38","slug":"bir-delinin-guncesi-ve-fayton","status":"publish","type":"product","link":"https:\/\/roveyayinevi.com.tr\/index.php\/urun\/bir-delinin-guncesi-ve-fayton\/","title":{"rendered":"Bir Delinin G\u00fcncesi ve Fayton"},"content":{"rendered":"<p>&#8220;K\u00fc\u00e7\u00fck insan&#8221;\u0131 bir edebiyat kahraman\u0131na d\u00f6n\u00fc\u015ft\u00fcren Gogol\u2019\u00fcn iki \u00f6nemli \u00f6yk\u00fcs\u00fcn\u00fc bir araya getiren bu derlemenin ilk \u00f6yk\u00fcs\u00fc Bir Delinin G\u00fcncesi toplumsal adaletsizlik nedeniyle akl\u0131n\u0131 yitiren ana karakter Aksenti \u0130vanovi\u00e7 Popri\u015f\u00e7in\u2019in g\u00fcnl\u00fc\u011f\u00fcd\u00fcr. Yava\u015f yava\u015f delili\u011fe s\u00fcr\u00fcklenen ve sonunda \u0130spanya kral\u0131 oldu\u011funu fark edip ger\u00e7eklikten iyice koparak kendisini ak\u0131l hastanesinde bulan Peterburg\u2019lu memur Popri\u015f\u00e7in\u2019in sanr\u0131lar\u0131yla dolu \u00f6yk\u00fcs\u00fcn\u00fc anlat\u0131r.   K\u0131sa \u00f6yk\u00fc t\u00fcr\u00fcn\u00fcn en yetkin \u00f6rneklerinden biri olan Fayton&#8217;da ise olaylar bir s\u00fcvari alay\u0131 b\u00f6lgeye ta\u015f\u0131nana kadar her \u015feyin s\u0131k\u0131c\u0131, i\u00e7 karart\u0131c\u0131 ve s\u0131k\u0131c\u0131 oldu\u011fu B. kasabas\u0131nda ba\u015flar. Alay kasabaya yerle\u015ftikten sonra b\u00f6lge canl\u0131, hareketli ve renkli bir hal al\u0131r; kom\u015fu toprak sahipleri subaylarla sosyalle\u015fmek, \u00e7e\u015fitli toplant\u0131 ve partilere kat\u0131lmak i\u00e7in s\u0131k s\u0131k kasabaya gelirler. Fayton da bu g\u00f6steri\u015f budalas\u0131 toplulu\u011fun i\u00e7inde ba\u015fk\u00f6\u015feyi al\u0131r. <\/p>\n","protected":false},"excerpt":{"rendered":"<p>&#8220;K\u00fc\u00e7\u00fck insan&#8221;\u0131 bir edebiyat kahraman\u0131na d\u00f6n\u00fc\u015ft\u00fcren Gogol\u2019\u00fcn iki \u00f6nemli \u00f6yk\u00fcs\u00fcn\u00fc bir araya getiren bu derlemenin ilk \u00f6yk\u00fcs\u00fc Bir Delinin G\u00fcncesi toplumsal adaletsizlik nedeniyle akl\u0131n\u0131 yitiren ana<span class=\"excerpt-hellip\"> [\u2026]<\/span><\/p>\n","protected":false},"featured_media":0,"template":"","meta":{"_monsterinsights_skip_tracking":false,"_monsterinsights_sitenote_active":false,"_monsterinsights_sitenote_note":"","_monsterinsights_sitenote_category":0},"product_brand":[],"product_cat":[12291,18202],"product_tag":[],"class_list":{"0":"post-766772","1":"product","2":"type-product","3":"status-publish","5":"product_cat-edebiyat","6":"product_cat-hikaye","7":"pa_cilt-ciltsiz","8":"pa_tur-kitap","9":"pa_yayinevi-can-yayinlari","10":"pa_yazar-nikolay-gogol","12":"first","13":"instock","14":"sale","15":"shipping-taxable","16":"purchasable","17":"product-type-simple"},"_links":{"self":[{"href":"https:\/\/roveyayinevi.com.tr\/index.php\/wp-json\/wp\/v2\/product\/766772","targetHints":{"allow":["GET"]}}],"collection":[{"href":"https:\/\/roveyayinevi.com.tr\/index.php\/wp-json\/wp\/v2\/product"}],"about":[{"href":"https:\/\/roveyayinevi.com.tr\/index.php\/wp-json\/wp\/v2\/types\/product"}],"wp:attachment":[{"href":"https:\/\/roveyayinevi.com.tr\/index.php\/wp-json\/wp\/v2\/media?parent=766772"}],"wp:term":[{"taxonomy":"product_brand","embeddable":true,"href":"https:\/\/roveyayinevi.com.tr\/index.php\/wp-json\/wp\/v2\/product_brand?post=766772"},{"taxonomy":"product_cat","embeddable":true,"href":"https:\/\/roveyayinevi.com.tr\/index.php\/wp-json\/wp\/v2\/product_cat?post=766772"},{"taxonomy":"product_tag","embeddable":true,"href":"https:\/\/roveyayinevi.com.tr\/index.php\/wp-json\/wp\/v2\/product_tag?post=766772"}],"curies":[{"name":"wp","href":"https:\/\/api.w.org\/{rel}","templated":true}]}}