{"id":766770,"date":"2025-08-28T12:24:38","date_gmt":"2025-08-28T09:24:38","guid":{"rendered":"https:\/\/roveyayinevi.com.tr\/index.php\/urun\/ficciones\/"},"modified":"2026-04-15T03:32:38","modified_gmt":"2026-04-15T00:32:38","slug":"ficciones","status":"publish","type":"product","link":"https:\/\/roveyayinevi.com.tr\/index.php\/urun\/ficciones\/","title":{"rendered":"Ficciones"},"content":{"rendered":"<p>\u201cElinizdeki kitab\u0131 olu\u015fturan yedi metin fazla a\u00e7\u0131klama gerektirmiyor. Yedincisi \u2013yani \u2018\u00c7atallanan Yollar Bah\u00e7esi\u2019\u2013 bir polisiye; okurlar bana kal\u0131rsa, amac\u0131n\u0131 bilseler de, anlamayacaklar\u0131 bir su\u00e7un hem icras\u0131na hem b\u00fct\u00fcn \u00f6n haz\u0131rl\u0131klar\u0131na tan\u0131k olacaklar. Di\u011ferleriyse fantastik metinler; i\u00e7lerinden biri \u2013\u2018Babil Piyangosu\u2019\u2013 sembolizm a\u00e7\u0131s\u0131ndan pek masum say\u0131lmaz. Babil K\u00fct\u00fcphanesi\u2019ne dair bir metin kaleme alan ilk yazar ben de\u011filim; tarihine ve tarih\u00f6ncesine dair ilgin\u00e7likler Sur dergisinin 59. say\u0131s\u0131n\u0131n Leucipo\u2019dan Lasswitz\u2019e, Lewis Caroll\u2019dan Aristoteles\u2019e birbirinden farkl\u0131 isimlerin ge\u00e7ti\u011fi sayfalar\u0131nda incelenebilir. \u2018Dairesel Harabeler\u2019de her \u015fey ger\u00e7ekd\u0131\u015f\u0131d\u0131r; \u2018Quijote\u2019nin Yazar\u0131 Pierre Menard\u2019da roman\u0131n ba\u015fkahraman\u0131n\u0131n kaderi bask\u0131n \u00e7\u0131kar. Kendisine atfetti\u011fim yaz\u0131n listesi a\u015f\u0131r\u0131 e\u011flenceli olmayabilir, geli\u015fig\u00fczel de de\u011fildir; zihinsel tarihinin bir diyagram\u0131d\u0131r.\u201d   Kurgu dilini herkesten \u00e7ok o yeniledi.  J.M. Coetzee<\/p>\n","protected":false},"excerpt":{"rendered":"<p>\u201cElinizdeki kitab\u0131 olu\u015fturan yedi metin fazla a\u00e7\u0131klama gerektirmiyor. Yedincisi \u2013yani \u2018\u00c7atallanan Yollar Bah\u00e7esi\u2019\u2013 bir polisiye; okurlar bana kal\u0131rsa, amac\u0131n\u0131 bilseler de, anlamayacaklar\u0131 bir su\u00e7un hem icras\u0131na<span class=\"excerpt-hellip\"> [\u2026]<\/span><\/p>\n","protected":false},"featured_media":0,"template":"","meta":{"_monsterinsights_skip_tracking":false,"_monsterinsights_sitenote_active":false,"_monsterinsights_sitenote_note":"","_monsterinsights_sitenote_category":0},"product_brand":[],"product_cat":[12291,12711],"product_tag":[],"class_list":{"0":"post-766770","1":"product","2":"type-product","3":"status-publish","5":"product_cat-edebiyat","6":"product_cat-roman-oyku","7":"pa_cilt-ciltsiz","8":"pa_tur-kitap","9":"pa_yayinevi-can-yayinlari","10":"pa_yazar-jorge-luis-borges","12":"first","13":"instock","14":"sale","15":"shipping-taxable","16":"purchasable","17":"product-type-simple"},"_links":{"self":[{"href":"https:\/\/roveyayinevi.com.tr\/index.php\/wp-json\/wp\/v2\/product\/766770","targetHints":{"allow":["GET"]}}],"collection":[{"href":"https:\/\/roveyayinevi.com.tr\/index.php\/wp-json\/wp\/v2\/product"}],"about":[{"href":"https:\/\/roveyayinevi.com.tr\/index.php\/wp-json\/wp\/v2\/types\/product"}],"wp:attachment":[{"href":"https:\/\/roveyayinevi.com.tr\/index.php\/wp-json\/wp\/v2\/media?parent=766770"}],"wp:term":[{"taxonomy":"product_brand","embeddable":true,"href":"https:\/\/roveyayinevi.com.tr\/index.php\/wp-json\/wp\/v2\/product_brand?post=766770"},{"taxonomy":"product_cat","embeddable":true,"href":"https:\/\/roveyayinevi.com.tr\/index.php\/wp-json\/wp\/v2\/product_cat?post=766770"},{"taxonomy":"product_tag","embeddable":true,"href":"https:\/\/roveyayinevi.com.tr\/index.php\/wp-json\/wp\/v2\/product_tag?post=766770"}],"curies":[{"name":"wp","href":"https:\/\/api.w.org\/{rel}","templated":true}]}}