{"id":766767,"date":"2025-08-28T12:24:32","date_gmt":"2025-08-28T09:24:32","guid":{"rendered":"https:\/\/roveyayinevi.com.tr\/index.php\/urun\/koloni-paradoksu\/"},"modified":"2026-04-15T03:32:38","modified_gmt":"2026-04-15T00:32:38","slug":"koloni-paradoksu","status":"publish","type":"product","link":"https:\/\/roveyayinevi.com.tr\/index.php\/urun\/koloni-paradoksu\/","title":{"rendered":"Koloni Paradoksu"},"content":{"rendered":"<p>Yirmi ikinci y\u00fczy\u0131l\u0131n e\u015fi\u011finde, o tarihe kadar ger\u00e7ekle\u015ftirilen en zor insanl\u0131 uzay misyonu ba\u015flat\u0131lm\u0131\u015ft\u0131. Farkl\u0131 \u00fclkelerin uzay ajanslar\u0131 taraf\u0131ndan g\u00f6revlendirilen sekiz uzay insan\u0131, D\u00fcnya ve Mars aras\u0131ndaki y\u00f6r\u00fcngede bulunan Eros adl\u0131 asteroitte kurulacak ilk uzay kolonisinin \u00f6nc\u00fcleri olarak yola \u00e7\u0131kt\u0131. Yerk\u00fcrede b\u00fcy\u00fck bir heyecanla takip edilen proje ekibi, daha yolculu\u011fun ilk anlar\u0131ndan itibaren kendilerini beklenmeyen ve ak\u0131l d\u0131\u015f\u0131 tehlikelerin ortas\u0131nda buldu. T\u00fcrl\u00fc badirelerle kapana k\u0131s\u0131ld\u0131klar\u0131 u\u00e7suz bucaks\u0131z uzay bo\u015flu\u011funda art\u0131k onlar\u0131 bekleyen en b\u00fcy\u00fck tehlike bizzat kendileriydi\u2026 Son ana kadar d\u00fc\u015fmeyen temposu, bilimsel ger\u00e7eklerle harmanlanm\u0131\u015f s\u0131n\u0131rlar\u0131 zorlayan kurgusu ve \u00d6zgen Bi\u00e7gin\u2019in s\u00fcr\u00fckleyici anlat\u0131m\u0131yla KOLON\u0130 PARADOKSU, okuru uzay\u0131n enginli\u011finde destans\u0131 bir maceraya davet ediyor. <\/p>\n","protected":false},"excerpt":{"rendered":"<p>Yirmi ikinci y\u00fczy\u0131l\u0131n e\u015fi\u011finde, o tarihe kadar ger\u00e7ekle\u015ftirilen en zor insanl\u0131 uzay misyonu ba\u015flat\u0131lm\u0131\u015ft\u0131. Farkl\u0131 \u00fclkelerin uzay ajanslar\u0131 taraf\u0131ndan g\u00f6revlendirilen sekiz uzay insan\u0131, D\u00fcnya ve Mars<span class=\"excerpt-hellip\"> [\u2026]<\/span><\/p>\n","protected":false},"featured_media":0,"template":"","meta":{"_monsterinsights_skip_tracking":false,"_monsterinsights_sitenote_active":false,"_monsterinsights_sitenote_note":"","_monsterinsights_sitenote_category":0},"product_brand":[],"product_cat":[12540,12291],"product_tag":[],"class_list":{"0":"post-766767","1":"product","2":"type-product","3":"status-publish","5":"product_cat-bilim-kurgu","6":"product_cat-edebiyat","7":"pa_cilt-ciltsiz","8":"pa_tur-kitap","9":"pa_yayinevi-eksik-parca-yayinlari","10":"pa_yazar-ozgen-bicgin","12":"first","13":"instock","14":"sale","15":"shipping-taxable","16":"purchasable","17":"product-type-simple"},"_links":{"self":[{"href":"https:\/\/roveyayinevi.com.tr\/index.php\/wp-json\/wp\/v2\/product\/766767","targetHints":{"allow":["GET"]}}],"collection":[{"href":"https:\/\/roveyayinevi.com.tr\/index.php\/wp-json\/wp\/v2\/product"}],"about":[{"href":"https:\/\/roveyayinevi.com.tr\/index.php\/wp-json\/wp\/v2\/types\/product"}],"wp:attachment":[{"href":"https:\/\/roveyayinevi.com.tr\/index.php\/wp-json\/wp\/v2\/media?parent=766767"}],"wp:term":[{"taxonomy":"product_brand","embeddable":true,"href":"https:\/\/roveyayinevi.com.tr\/index.php\/wp-json\/wp\/v2\/product_brand?post=766767"},{"taxonomy":"product_cat","embeddable":true,"href":"https:\/\/roveyayinevi.com.tr\/index.php\/wp-json\/wp\/v2\/product_cat?post=766767"},{"taxonomy":"product_tag","embeddable":true,"href":"https:\/\/roveyayinevi.com.tr\/index.php\/wp-json\/wp\/v2\/product_tag?post=766767"}],"curies":[{"name":"wp","href":"https:\/\/api.w.org\/{rel}","templated":true}]}}