{"id":766766,"date":"2025-08-28T12:24:30","date_gmt":"2025-08-28T09:24:30","guid":{"rendered":"https:\/\/roveyayinevi.com.tr\/index.php\/urun\/ozgun-halk-anayasasi-ve-devlet-modeli\/"},"modified":"2026-04-15T03:32:38","modified_gmt":"2026-04-15T00:32:38","slug":"ozgun-halk-anayasasi-ve-devlet-modeli","status":"publish","type":"product","link":"https:\/\/roveyayinevi.com.tr\/index.php\/urun\/ozgun-halk-anayasasi-ve-devlet-modeli\/","title":{"rendered":"\u00d6zg\u00fcn Halk Anayasas\u0131 ve Devlet Modeli"},"content":{"rendered":"<p>\u00b7     Demokratik bir \u00fclkede parlamento olmaz. \u00b7     Bir tek y\u00fcksek yarg\u0131 \u00fcyesini bile atamak ne ba\u015fbakan\u0131n ne cumhurba\u015fkan\u0131n ne de meclisin haddi de\u011fildir. \u00b7     \u00d6zg\u00fcn Devlet Modelinde; temsili demokrasinin \u00fcr\u00fcn\u00fc olan milletvekili, bakan, ba\u015fbakan ve cumhurba\u015fkan\u0131 gibi makamlara yer yoktur. \u00b7     Biz art\u0131k hayat\u0131m\u0131zda ne bir ba\u015fbakan ne de cumhurba\u015fkan\u0131 g\u00f6rmek istemiyoruz. \u00b7     Vatanda\u015flar\u0131m\u0131z\u0131 kamplara b\u00f6len, onlar\u0131 kutupla\u015ft\u0131ran, ayr\u0131\u015ft\u0131ran, \u00f6tekile\u015ftiren hatta birbirine d\u00fc\u015fman eden siyasi partiler demokratik siyasi hayat\u0131m\u0131z\u0131n vazge\u00e7ilemez unsuru olamaz. \u00b7     Egemenlik ne milletvekillerine ne de parlamentoya emanet edilemeyecek kadar de\u011ferli ve kutsal bir hakt\u0131r. \u00b7     Ne tek adam rejimine dayal\u0131 Cumhurba\u015fkanl\u0131\u011f\u0131 H\u00fck\u00fcmet Sistemi\u2019yle ne de ba\u015fbakan oligar\u015fisine dayal\u0131 Parlamenter Sistem\u2019le \u00f6zlemini duydu\u011fumuz demokratik T\u00fcrkiye\u2019ye kavu\u015fmam\u0131z m\u00fcmk\u00fcn olamaz. <\/p>\n","protected":false},"excerpt":{"rendered":"<p>\u00b7 Demokratik bir \u00fclkede parlamento olmaz. \u00b7 Bir tek y\u00fcksek yarg\u0131 \u00fcyesini bile atamak ne ba\u015fbakan\u0131n ne cumhurba\u015fkan\u0131n ne de meclisin haddi de\u011fildir. \u00b7 \u00d6zg\u00fcn Devlet<span class=\"excerpt-hellip\"> [\u2026]<\/span><\/p>\n","protected":false},"featured_media":0,"template":"","meta":{"_monsterinsights_skip_tracking":false,"_monsterinsights_sitenote_active":false,"_monsterinsights_sitenote_note":"","_monsterinsights_sitenote_category":0},"product_brand":[],"product_cat":[15350,17602],"product_tag":[],"class_list":{"0":"post-766766","1":"product","2":"type-product","3":"status-publish","5":"product_cat-hukuk","6":"product_cat-hukuk-uzerine","7":"pa_cilt-ciltsiz","8":"pa_tur-kitap","9":"pa_yayinevi-kitap-muptelasi-yayinlari","10":"pa_yazar-sabahattin-celik","12":"first","13":"instock","14":"sale","15":"shipping-taxable","16":"purchasable","17":"product-type-simple"},"_links":{"self":[{"href":"https:\/\/roveyayinevi.com.tr\/index.php\/wp-json\/wp\/v2\/product\/766766","targetHints":{"allow":["GET"]}}],"collection":[{"href":"https:\/\/roveyayinevi.com.tr\/index.php\/wp-json\/wp\/v2\/product"}],"about":[{"href":"https:\/\/roveyayinevi.com.tr\/index.php\/wp-json\/wp\/v2\/types\/product"}],"wp:attachment":[{"href":"https:\/\/roveyayinevi.com.tr\/index.php\/wp-json\/wp\/v2\/media?parent=766766"}],"wp:term":[{"taxonomy":"product_brand","embeddable":true,"href":"https:\/\/roveyayinevi.com.tr\/index.php\/wp-json\/wp\/v2\/product_brand?post=766766"},{"taxonomy":"product_cat","embeddable":true,"href":"https:\/\/roveyayinevi.com.tr\/index.php\/wp-json\/wp\/v2\/product_cat?post=766766"},{"taxonomy":"product_tag","embeddable":true,"href":"https:\/\/roveyayinevi.com.tr\/index.php\/wp-json\/wp\/v2\/product_tag?post=766766"}],"curies":[{"name":"wp","href":"https:\/\/api.w.org\/{rel}","templated":true}]}}