{"id":766765,"date":"2025-08-28T12:24:28","date_gmt":"2025-08-28T09:24:28","guid":{"rendered":"https:\/\/roveyayinevi.com.tr\/index.php\/urun\/national-geographic-kids-vahsi-doganin-super-kahramanlari\/"},"modified":"2026-04-15T03:32:38","modified_gmt":"2026-04-15T00:32:38","slug":"national-geographic-kids-vahsi-doganin-super-kahramanlari","status":"publish","type":"product","link":"https:\/\/roveyayinevi.com.tr\/index.php\/urun\/national-geographic-kids-vahsi-doganin-super-kahramanlari\/","title":{"rendered":"National Geographic Kids &#8211; Vah\u015fi Do\u011fan\u0131n S\u00fcper Kahramanlar\u0131"},"content":{"rendered":"<p>S\u00fcper h\u0131z, epik g\u00fc\u00e7 ve gezegenimizin en harika hayvanlar\u0131n\u0131n ak\u0131l almaz yetenekleriyle b\u00fcy\u00fclenmeye haz\u0131r olun! A\u011f\u0131r y\u00fckler kald\u0131rmaktan inan\u0131lmaz y\u00fcksekliklere z\u0131plamaya kadar s\u00fcper g\u00fc\u00e7ler sadece filmlerde de\u011fil; ger\u00e7ekte de var! Bu yeni Seviye 2 okuma kitab\u0131, ger\u00e7ek olamayacak kadar inan\u0131lmaz g\u00f6r\u00fcnen yeteneklere sahip bir\u00e7ok b\u00fcy\u00fcleyici hayvan\u0131 ve onlar\u0131n \u015fa\u015f\u0131rt\u0131c\u0131 \u00f6zelliklerini tan\u0131t\u0131yor. Kendi a\u011f\u0131rl\u0131\u011f\u0131n\u0131n 50 kat\u0131n\u0131 ta\u015f\u0131yabilen yaprak kesici kar\u0131ncalar\u0131, kamufle olabilmek i\u00e7in derisinin dokusunu de\u011fi\u015ftirebilen ya\u011fmur kurba\u011fas\u0131n\u0131 ve d\u00fc\u015fmanlar\u0131na sald\u0131rmak i\u00e7in deniz \u015fakay\u0131klar\u0131 ta\u015f\u0131yan pompom yengecini \u00f6\u011frenin. National Geographic Okuma serisinin uzmanlar taraf\u0131ndan onaylanan bilgi dolu metinleri, parlak g\u00f6rselleri ve e\u011flenceli okuma yakla\u015f\u0131m\u0131, \u00e7ocuklar, ebeveynler ve e\u011fitimciler aras\u0131nda ba\u015far\u0131l\u0131 birform\u00fcl olarak kendini kan\u0131tlam\u0131\u015ft\u0131r. Bu heyecan verici Seviye 2 okuma kitab\u0131, kendi ba\u015f\u0131na okumaya haz\u0131r \u00e7ocuklar i\u00e7in eri\u015filebilir ancak kapsaml\u0131 bilgiler sunuyor. Yar\u0131n\u0131n bilim insanlar\u0131n\u0131 ve ka\u015fiflerini te\u015fvik etmek i\u00e7in m\u00fckemmel bir se\u00e7im! <\/p>\n","protected":false},"excerpt":{"rendered":"<p>S\u00fcper h\u0131z, epik g\u00fc\u00e7 ve gezegenimizin en harika hayvanlar\u0131n\u0131n ak\u0131l almaz yetenekleriyle b\u00fcy\u00fclenmeye haz\u0131r olun! A\u011f\u0131r y\u00fckler kald\u0131rmaktan inan\u0131lmaz y\u00fcksekliklere z\u0131plamaya kadar s\u00fcper g\u00fc\u00e7ler sadece filmlerde<span class=\"excerpt-hellip\"> [\u2026]<\/span><\/p>\n","protected":false},"featured_media":0,"template":"","meta":{"_monsterinsights_skip_tracking":false,"_monsterinsights_sitenote_active":false,"_monsterinsights_sitenote_note":"","_monsterinsights_sitenote_category":0},"product_brand":[],"product_cat":[13829,12274],"product_tag":[],"class_list":{"0":"post-766765","1":"product","2":"type-product","3":"status-publish","5":"product_cat-bilimsel-kitaplar","6":"product_cat-cocuk-ve-genclik-kitaplari","7":"pa_cilt-ciltsiz","8":"pa_tur-kitap","9":"pa_yayinevi-beta-kids","10":"pa_yazar-andrea-silen","12":"first","13":"instock","14":"sale","15":"shipping-taxable","16":"purchasable","17":"product-type-simple"},"_links":{"self":[{"href":"https:\/\/roveyayinevi.com.tr\/index.php\/wp-json\/wp\/v2\/product\/766765","targetHints":{"allow":["GET"]}}],"collection":[{"href":"https:\/\/roveyayinevi.com.tr\/index.php\/wp-json\/wp\/v2\/product"}],"about":[{"href":"https:\/\/roveyayinevi.com.tr\/index.php\/wp-json\/wp\/v2\/types\/product"}],"wp:attachment":[{"href":"https:\/\/roveyayinevi.com.tr\/index.php\/wp-json\/wp\/v2\/media?parent=766765"}],"wp:term":[{"taxonomy":"product_brand","embeddable":true,"href":"https:\/\/roveyayinevi.com.tr\/index.php\/wp-json\/wp\/v2\/product_brand?post=766765"},{"taxonomy":"product_cat","embeddable":true,"href":"https:\/\/roveyayinevi.com.tr\/index.php\/wp-json\/wp\/v2\/product_cat?post=766765"},{"taxonomy":"product_tag","embeddable":true,"href":"https:\/\/roveyayinevi.com.tr\/index.php\/wp-json\/wp\/v2\/product_tag?post=766765"}],"curies":[{"name":"wp","href":"https:\/\/api.w.org\/{rel}","templated":true}]}}