{"id":766764,"date":"2025-08-28T12:24:26","date_gmt":"2025-08-28T09:24:26","guid":{"rendered":"https:\/\/roveyayinevi.com.tr\/index.php\/urun\/national-geographic-kids-uzay-hakkinda-1000-gercek\/"},"modified":"2026-04-15T03:32:38","modified_gmt":"2026-04-15T00:32:38","slug":"national-geographic-kids-uzay-hakkinda-1000-gercek","status":"publish","type":"product","link":"https:\/\/roveyayinevi.com.tr\/index.php\/urun\/national-geographic-kids-uzay-hakkinda-1000-gercek\/","title":{"rendered":"National Geographic Kids &#8211; Uzay Hakk\u0131nda 1000 Ger\u00e7ek"},"content":{"rendered":"<p>UZAYA YOLCULUK: DI\u015e UZAYIN HAR\u0130KALARIYLA TANI\u015eIN! B\u0130N \u0130NANILMAZ GER\u00c7EK S\u0130Z\u0130 BEKL\u0130YOR!   Sat\u00fcrn\u2019\u00fcn uydular\u0131ndan birinin hafif ve i\u00e7i bo\u015f oldu\u011funu ve suyun \u00fcst\u00fcnde y\u00fczebilece\u011fini biliyor muydunuz? Ya da bilinen en b\u00fcy\u00fck y\u0131ld\u0131z\u0131n g\u00fcne\u015fimizden tam 3,69 milyar kat daha b\u00fcy\u00fck oldu\u011funu? Peki ya J\u00fcpiter\u2019in bulutlar\u0131nda elmaslar\u0131n s\u00fcz\u00fcld\u00fc\u011f\u00fcn\u00fc?   Milyarlarca \u0131\u015f\u0131k y\u0131l\u0131 uzakl\u0131ktaki parlayan y\u0131ld\u0131zlardan, s\u00fcper k\u00fctleli patlayan s\u00fcpernovalara ve bilinmeze do\u011fru giden roketlere kadar uzay\u0131n b\u00fcy\u00fcleyici ger\u00e7eklerini ke\u015ffedin. Bu kapsaml\u0131 kitap, inan\u0131lmaz evrenimizi b\u00fcy\u00fcleyici bir turla tan\u0131t\u0131yor ve uzay ara\u015ft\u0131rmalar\u0131ndan, g\u00fcne\u015f sistemimize, galaksimize ve \u00f6tesine kadar \u00e7e\u015fitli konularda ilgin\u00e7 ger\u00e7eklerle dolu.   E\u011flence ve ke\u015fif dolu bir evren sizi bekliyor!   Seri Hakk\u0131nda: 1000 Ger\u00e7ek serisinin her kitab\u0131, \u00e7ocuklar\u0131n ilgisini \u00e7eken tek bir konuya odaklan\u0131r. Bilgiler kolayca okunabilir ve anla\u015f\u0131labilir \u015fekilde sunulur, renkli foto\u011fraflar ve \u00e7izimlerle desteklenir. E\u011flenceli ger\u00e7ek format\u0131 ve canl\u0131 tasar\u0131m\u0131, \u00e7ocuklar\u0131 e\u011flendirirken \u00f6\u011frenmelerine yard\u0131mc\u0131 olur. Bu kitaplar, belirli bir konu hakk\u0131nda her \u015feyi bilmek isteyen ve bilgilerini \u00e7evresindekilerle payla\u015fmaktan ho\u015flanan \u00e7ocuklar i\u00e7in m\u00fckemmel birer ba\u015fvuru kayna\u011f\u0131d\u0131r. <\/p>\n","protected":false},"excerpt":{"rendered":"<p>UZAYA YOLCULUK: DI\u015e UZAYIN HAR\u0130KALARIYLA TANI\u015eIN! B\u0130N \u0130NANILMAZ GER\u00c7EK S\u0130Z\u0130 BEKL\u0130YOR! Sat\u00fcrn\u2019\u00fcn uydular\u0131ndan birinin hafif ve i\u00e7i bo\u015f oldu\u011funu ve suyun \u00fcst\u00fcnde y\u00fczebilece\u011fini biliyor muydunuz? Ya<span class=\"excerpt-hellip\"> [\u2026]<\/span><\/p>\n","protected":false},"featured_media":0,"template":"","meta":{"_monsterinsights_skip_tracking":false,"_monsterinsights_sitenote_active":false,"_monsterinsights_sitenote_note":"","_monsterinsights_sitenote_category":0},"product_brand":[],"product_cat":[13829,12274],"product_tag":[],"class_list":{"0":"post-766764","1":"product","2":"type-product","3":"status-publish","5":"product_cat-bilimsel-kitaplar","6":"product_cat-cocuk-ve-genclik-kitaplari","7":"pa_cilt-ciltsiz","8":"pa_tur-kitap","9":"pa_yayinevi-beta-kids","10":"pa_yazar-dean-regas","12":"first","13":"instock","14":"sale","15":"shipping-taxable","16":"purchasable","17":"product-type-simple"},"_links":{"self":[{"href":"https:\/\/roveyayinevi.com.tr\/index.php\/wp-json\/wp\/v2\/product\/766764","targetHints":{"allow":["GET"]}}],"collection":[{"href":"https:\/\/roveyayinevi.com.tr\/index.php\/wp-json\/wp\/v2\/product"}],"about":[{"href":"https:\/\/roveyayinevi.com.tr\/index.php\/wp-json\/wp\/v2\/types\/product"}],"wp:attachment":[{"href":"https:\/\/roveyayinevi.com.tr\/index.php\/wp-json\/wp\/v2\/media?parent=766764"}],"wp:term":[{"taxonomy":"product_brand","embeddable":true,"href":"https:\/\/roveyayinevi.com.tr\/index.php\/wp-json\/wp\/v2\/product_brand?post=766764"},{"taxonomy":"product_cat","embeddable":true,"href":"https:\/\/roveyayinevi.com.tr\/index.php\/wp-json\/wp\/v2\/product_cat?post=766764"},{"taxonomy":"product_tag","embeddable":true,"href":"https:\/\/roveyayinevi.com.tr\/index.php\/wp-json\/wp\/v2\/product_tag?post=766764"}],"curies":[{"name":"wp","href":"https:\/\/api.w.org\/{rel}","templated":true}]}}