{"id":766763,"date":"2025-08-28T12:24:24","date_gmt":"2025-08-28T09:24:24","guid":{"rendered":"https:\/\/roveyayinevi.com.tr\/index.php\/urun\/national-geographic-kids-oyna-pisicik\/"},"modified":"2026-04-15T03:32:38","modified_gmt":"2026-04-15T00:32:38","slug":"national-geographic-kids-oyna-pisicik","status":"publish","type":"product","link":"https:\/\/roveyayinevi.com.tr\/index.php\/urun\/national-geographic-kids-oyna-pisicik\/","title":{"rendered":"National Geographic Kids &#8211; Oyna Pisicik!"},"content":{"rendered":"<p>Z\u0131pla! K\u00fc\u00e7\u00fck bir yavru kedinin g\u00fcn\u00fcn\u00fc takip ederek bu sevimli yavru kediler hakk\u0131nda her \u015feyi \u00f6\u011frenin. Kelime a\u011fac\u0131 ve aktivite gibi metin \u00f6zellikleri sayesinde, \u00e7ocuklar kelimeleri kavram gruplar\u0131 i\u00e7inde ke\u015ffedecek ve bu da kelimeler aras\u0131ndaki ba\u011flant\u0131lar\u0131 kurmalar\u0131na ve d\u00fcnyay\u0131 daha iyi anlamalar\u0131na yard\u0131mc\u0131 olacak. Okul \u00d6ncesi seviyesi, hen\u00fcz okula ba\u015flamam\u0131\u015f \u00e7ocuklar i\u00e7in haz\u0131rlanm\u0131\u015ft\u0131r. Bir b\u00fcy\u00fckleri yard\u0131m\u0131yla yeni kelimeleri kolayl\u0131kla \u00f6\u011frenirken renkli National Geographic g\u00f6rselleri onlar\u0131n ilgilerini kitap \u00fczerinde tutmalar\u0131n\u0131 sa\u011flayacak.<\/p>\n","protected":false},"excerpt":{"rendered":"<p>Z\u0131pla! K\u00fc\u00e7\u00fck bir yavru kedinin g\u00fcn\u00fcn\u00fc takip ederek bu sevimli yavru kediler hakk\u0131nda her \u015feyi \u00f6\u011frenin. Kelime a\u011fac\u0131 ve aktivite gibi metin \u00f6zellikleri sayesinde, \u00e7ocuklar kelimeleri<span class=\"excerpt-hellip\"> [\u2026]<\/span><\/p>\n","protected":false},"featured_media":0,"template":"","meta":{"_monsterinsights_skip_tracking":false,"_monsterinsights_sitenote_active":false,"_monsterinsights_sitenote_note":"","_monsterinsights_sitenote_category":0},"product_brand":[],"product_cat":[13829,12274],"product_tag":[],"class_list":{"0":"post-766763","1":"product","2":"type-product","3":"status-publish","5":"product_cat-bilimsel-kitaplar","6":"product_cat-cocuk-ve-genclik-kitaplari","7":"pa_cilt-ciltsiz","8":"pa_tur-kitap","9":"pa_yayinevi-beta-kids","10":"pa_yazar-shira-evans","12":"first","13":"instock","14":"sale","15":"shipping-taxable","16":"purchasable","17":"product-type-simple"},"_links":{"self":[{"href":"https:\/\/roveyayinevi.com.tr\/index.php\/wp-json\/wp\/v2\/product\/766763","targetHints":{"allow":["GET"]}}],"collection":[{"href":"https:\/\/roveyayinevi.com.tr\/index.php\/wp-json\/wp\/v2\/product"}],"about":[{"href":"https:\/\/roveyayinevi.com.tr\/index.php\/wp-json\/wp\/v2\/types\/product"}],"wp:attachment":[{"href":"https:\/\/roveyayinevi.com.tr\/index.php\/wp-json\/wp\/v2\/media?parent=766763"}],"wp:term":[{"taxonomy":"product_brand","embeddable":true,"href":"https:\/\/roveyayinevi.com.tr\/index.php\/wp-json\/wp\/v2\/product_brand?post=766763"},{"taxonomy":"product_cat","embeddable":true,"href":"https:\/\/roveyayinevi.com.tr\/index.php\/wp-json\/wp\/v2\/product_cat?post=766763"},{"taxonomy":"product_tag","embeddable":true,"href":"https:\/\/roveyayinevi.com.tr\/index.php\/wp-json\/wp\/v2\/product_tag?post=766763"}],"curies":[{"name":"wp","href":"https:\/\/api.w.org\/{rel}","templated":true}]}}