{"id":766762,"date":"2025-08-28T12:24:22","date_gmt":"2025-08-28T09:24:22","guid":{"rendered":"https:\/\/roveyayinevi.com.tr\/index.php\/urun\/national-geographic-kids-spider-man-bocekler-disari\/"},"modified":"2026-04-15T03:32:37","modified_gmt":"2026-04-15T00:32:37","slug":"national-geographic-kids-spider-man-bocekler-disari","status":"publish","type":"product","link":"https:\/\/roveyayinevi.com.tr\/index.php\/urun\/national-geographic-kids-spider-man-bocekler-disari\/","title":{"rendered":"National Geographic Kids &#8211; Spider-Man B\u00f6cekler D\u0131\u015far\u0131!"},"content":{"rendered":"<p>Spider Man ve s\u00fcper g\u00fc\u00e7l\u00fc arkada\u015flar\u0131na kat\u0131larak d\u00fcnyan\u0131n en haval\u0131 b\u00f6ceklerini, \u00f6r\u00fcmceklerini ve daha fazlas\u0131n\u0131 ke\u015ffetmeye haz\u0131r m\u0131s\u0131n\u0131z? Bu e\u011flenceli Seviye 1 okuma kitab\u0131nda hem bilgi dolu hem de e\u011flenceli bir macera sizi bekliyor. Renkli foto\u011fraflar, Marvel \u00e7izgi romanlar\u0131ndan ikonik karakter ill\u00fcstrasyonlar\u0131 ve sevilen Avengers kahramanlar\u0131n\u0131n komik yorumlar\u0131yla \u00f6\u011frenmek hi\u00e7 bu kadar e\u011flenceli olmam\u0131\u015ft\u0131. Avengers kahramanlar\u0131 \u015fehirdeki tek s\u00fcper g\u00fc\u00e7l\u00fc mucizeler de\u011fil: S\u00fcper g\u00fc\u00e7ten inan\u0131lmaz kamuflaja kadar b\u00f6cek d\u00fcnyas\u0131 harika yeteneklerle dolu. Bu kitapta y\u00fcksek z\u0131playan \u00f6r\u00fcmcekler, dayan\u0131kl\u0131 z\u0131rhlara sahip b\u00f6cekler ve hatta&#8230; s\u00fcper k\u00f6t\u00fc kokan b\u00f6ceklerle tan\u0131\u015facak ve onlar\u0131 sevdi\u011finiz Marvel kahramanlar\u0131yla birlikte ke\u015ffedeceksiniz! <\/p>\n","protected":false},"excerpt":{"rendered":"<p>Spider Man ve s\u00fcper g\u00fc\u00e7l\u00fc arkada\u015flar\u0131na kat\u0131larak d\u00fcnyan\u0131n en haval\u0131 b\u00f6ceklerini, \u00f6r\u00fcmceklerini ve daha fazlas\u0131n\u0131 ke\u015ffetmeye haz\u0131r m\u0131s\u0131n\u0131z? Bu e\u011flenceli Seviye 1 okuma kitab\u0131nda hem bilgi<span class=\"excerpt-hellip\"> [\u2026]<\/span><\/p>\n","protected":false},"featured_media":0,"template":"","meta":{"_monsterinsights_skip_tracking":false,"_monsterinsights_sitenote_active":false,"_monsterinsights_sitenote_note":"","_monsterinsights_sitenote_category":0},"product_brand":[],"product_cat":[13829,12274],"product_tag":[],"class_list":{"0":"post-766762","1":"product","2":"type-product","3":"status-publish","5":"product_cat-bilimsel-kitaplar","6":"product_cat-cocuk-ve-genclik-kitaplari","7":"pa_cilt-ciltsiz","8":"pa_tur-kitap","9":"pa_yayinevi-beta-kids","10":"pa_yazar-daka-hermon","12":"first","13":"instock","14":"sale","15":"shipping-taxable","16":"purchasable","17":"product-type-simple"},"_links":{"self":[{"href":"https:\/\/roveyayinevi.com.tr\/index.php\/wp-json\/wp\/v2\/product\/766762","targetHints":{"allow":["GET"]}}],"collection":[{"href":"https:\/\/roveyayinevi.com.tr\/index.php\/wp-json\/wp\/v2\/product"}],"about":[{"href":"https:\/\/roveyayinevi.com.tr\/index.php\/wp-json\/wp\/v2\/types\/product"}],"wp:attachment":[{"href":"https:\/\/roveyayinevi.com.tr\/index.php\/wp-json\/wp\/v2\/media?parent=766762"}],"wp:term":[{"taxonomy":"product_brand","embeddable":true,"href":"https:\/\/roveyayinevi.com.tr\/index.php\/wp-json\/wp\/v2\/product_brand?post=766762"},{"taxonomy":"product_cat","embeddable":true,"href":"https:\/\/roveyayinevi.com.tr\/index.php\/wp-json\/wp\/v2\/product_cat?post=766762"},{"taxonomy":"product_tag","embeddable":true,"href":"https:\/\/roveyayinevi.com.tr\/index.php\/wp-json\/wp\/v2\/product_tag?post=766762"}],"curies":[{"name":"wp","href":"https:\/\/api.w.org\/{rel}","templated":true}]}}