{"id":766761,"date":"2025-08-28T12:24:19","date_gmt":"2025-08-28T09:24:19","guid":{"rendered":"https:\/\/roveyayinevi.com.tr\/index.php\/urun\/gicikgiller-apartmani-5-ciltli\/"},"modified":"2026-04-15T03:32:37","modified_gmt":"2026-04-15T00:32:37","slug":"gicikgiller-apartmani-5-ciltli","status":"publish","type":"product","link":"https:\/\/roveyayinevi.com.tr\/index.php\/urun\/gicikgiller-apartmani-5-ciltli\/","title":{"rendered":"G\u0131c\u0131kgiller Apartman\u0131 5 (Ciltli)"},"content":{"rendered":"<p>Merhaba,  Benim ad\u0131m Yusuf Emre.  \u00c7ok \u00f6nemli bir karar ald\u0131m. G\u00dc\u00c7L\u00dc OLACA\u011eIM.  E\u011fer g\u00fc\u00e7l\u00fc olursam, insanlara daha \u00e7ok faydam olur.  Nas\u0131l m\u0131 g\u00fc\u00e7l\u00fc olaca\u011f\u0131m?  Elbette ki kendimi yeti\u015ftirerek, vaktimi do\u011fru harcayarak, bol bol kitap okuyarak.  Ve en \u00e7ok da patates k\u0131zartmas\u0131 yiyerek g\u00fc\u00e7l\u00fc olaca\u011f\u0131m. G\u00fclme l\u00fctfen!  D\u00fcnyan\u0131n iyi kalpli insanlara ihtiyac\u0131 var. \u0130yi kalpli insanlar \u00e7ok \u00e7ok g\u00fc\u00e7l\u00fc olmal\u0131lar bence.  \u015eu an elinde tuttu\u011fun bu kitap, seni hem g\u00fclmekten bay\u0131ltacak hem de d\u00fc\u015f\u00fcnd\u00fcrecek.  Bana kat\u0131lmak istersen hemen sayfalar\u0131 aralay\u0131p okumaya ba\u015flamal\u0131s\u0131n. <\/p>\n","protected":false},"excerpt":{"rendered":"<p>Merhaba, Benim ad\u0131m Yusuf Emre. \u00c7ok \u00f6nemli bir karar ald\u0131m. G\u00dc\u00c7L\u00dc OLACA\u011eIM. E\u011fer g\u00fc\u00e7l\u00fc olursam, insanlara daha \u00e7ok faydam olur. Nas\u0131l m\u0131 g\u00fc\u00e7l\u00fc olaca\u011f\u0131m? Elbette ki<span class=\"excerpt-hellip\"> [\u2026]<\/span><\/p>\n","protected":false},"featured_media":0,"template":"","meta":{"_monsterinsights_skip_tracking":false,"_monsterinsights_sitenote_active":false,"_monsterinsights_sitenote_note":"","_monsterinsights_sitenote_category":0},"product_brand":[],"product_cat":[12274,12284],"product_tag":[],"class_list":{"0":"post-766761","1":"product","2":"type-product","3":"status-publish","5":"product_cat-cocuk-ve-genclik-kitaplari","6":"product_cat-hikayeler","7":"pa_cilt-ciltli","8":"pa_tur-kitap","9":"pa_yayinevi-nesil-genc","10":"pa_yazar-yusuf-asal","12":"first","13":"instock","14":"sale","15":"shipping-taxable","16":"purchasable","17":"product-type-simple"},"_links":{"self":[{"href":"https:\/\/roveyayinevi.com.tr\/index.php\/wp-json\/wp\/v2\/product\/766761","targetHints":{"allow":["GET"]}}],"collection":[{"href":"https:\/\/roveyayinevi.com.tr\/index.php\/wp-json\/wp\/v2\/product"}],"about":[{"href":"https:\/\/roveyayinevi.com.tr\/index.php\/wp-json\/wp\/v2\/types\/product"}],"wp:attachment":[{"href":"https:\/\/roveyayinevi.com.tr\/index.php\/wp-json\/wp\/v2\/media?parent=766761"}],"wp:term":[{"taxonomy":"product_brand","embeddable":true,"href":"https:\/\/roveyayinevi.com.tr\/index.php\/wp-json\/wp\/v2\/product_brand?post=766761"},{"taxonomy":"product_cat","embeddable":true,"href":"https:\/\/roveyayinevi.com.tr\/index.php\/wp-json\/wp\/v2\/product_cat?post=766761"},{"taxonomy":"product_tag","embeddable":true,"href":"https:\/\/roveyayinevi.com.tr\/index.php\/wp-json\/wp\/v2\/product_tag?post=766761"}],"curies":[{"name":"wp","href":"https:\/\/api.w.org\/{rel}","templated":true}]}}