{"id":766760,"date":"2025-08-28T12:24:18","date_gmt":"2025-08-28T09:24:18","guid":{"rendered":"https:\/\/roveyayinevi.com.tr\/index.php\/urun\/gicikgiller-apartmani-2-ciltli\/"},"modified":"2026-04-15T03:32:37","modified_gmt":"2026-04-15T00:32:37","slug":"gicikgiller-apartmani-2-ciltli","status":"publish","type":"product","link":"https:\/\/roveyayinevi.com.tr\/index.php\/urun\/gicikgiller-apartmani-2-ciltli\/","title":{"rendered":"G\u0131c\u0131kgiller Apartman\u0131 2 (Ciltli)"},"content":{"rendered":"<p>Merhaba! Ben Yusuf Emre. \u00c7ok gizli ve \u00f6nemli bir g\u00f6revim var. Acilen \u0130NSANLIK kelimesini kurtarmam laz\u0131m. Bunu tek ba\u015f\u0131ma yapamam ama seninle ba\u015farabiliriz. \u0130yi insanlar g\u00fcn ge\u00e7tik\u00e7e azal\u0131yor. \u0130nsanlar robotla\u015fm\u0131\u015f. Kimse kimseyi dinlemiyor, sevmiyor, g\u00fcvenmiyor ve merhamet etmiyor. Bu da beni \u00e7ok \u00fcz\u00fcyor.  S\u00fcper kahramanlara ihtiyac\u0131 var d\u00fcnyan\u0131n. Elinde tuttu\u011fun bu kitap seni hem g\u00fclmekten bay\u0131ltacak hem de d\u00fc\u015f\u00fcnd\u00fcrecek. Bana kat\u0131lmak ister misin?<\/p>\n","protected":false},"excerpt":{"rendered":"<p>Merhaba! Ben Yusuf Emre. \u00c7ok gizli ve \u00f6nemli bir g\u00f6revim var. Acilen \u0130NSANLIK kelimesini kurtarmam laz\u0131m. Bunu tek ba\u015f\u0131ma yapamam ama seninle ba\u015farabiliriz. \u0130yi insanlar g\u00fcn<span class=\"excerpt-hellip\"> [\u2026]<\/span><\/p>\n","protected":false},"featured_media":0,"template":"","meta":{"_monsterinsights_skip_tracking":false,"_monsterinsights_sitenote_active":false,"_monsterinsights_sitenote_note":"","_monsterinsights_sitenote_category":0},"product_brand":[],"product_cat":[12274,12284],"product_tag":[],"class_list":{"0":"post-766760","1":"product","2":"type-product","3":"status-publish","5":"product_cat-cocuk-ve-genclik-kitaplari","6":"product_cat-hikayeler","7":"pa_cilt-ciltli","8":"pa_tur-kitap","9":"pa_yayinevi-nesil-genc","10":"pa_yazar-yusuf-asal","12":"first","13":"instock","14":"sale","15":"shipping-taxable","16":"purchasable","17":"product-type-simple"},"_links":{"self":[{"href":"https:\/\/roveyayinevi.com.tr\/index.php\/wp-json\/wp\/v2\/product\/766760","targetHints":{"allow":["GET"]}}],"collection":[{"href":"https:\/\/roveyayinevi.com.tr\/index.php\/wp-json\/wp\/v2\/product"}],"about":[{"href":"https:\/\/roveyayinevi.com.tr\/index.php\/wp-json\/wp\/v2\/types\/product"}],"wp:attachment":[{"href":"https:\/\/roveyayinevi.com.tr\/index.php\/wp-json\/wp\/v2\/media?parent=766760"}],"wp:term":[{"taxonomy":"product_brand","embeddable":true,"href":"https:\/\/roveyayinevi.com.tr\/index.php\/wp-json\/wp\/v2\/product_brand?post=766760"},{"taxonomy":"product_cat","embeddable":true,"href":"https:\/\/roveyayinevi.com.tr\/index.php\/wp-json\/wp\/v2\/product_cat?post=766760"},{"taxonomy":"product_tag","embeddable":true,"href":"https:\/\/roveyayinevi.com.tr\/index.php\/wp-json\/wp\/v2\/product_tag?post=766760"}],"curies":[{"name":"wp","href":"https:\/\/api.w.org\/{rel}","templated":true}]}}