{"id":766757,"date":"2025-08-28T12:24:13","date_gmt":"2025-08-28T09:24:13","guid":{"rendered":"https:\/\/roveyayinevi.com.tr\/index.php\/urun\/cocuklarda-narsisizm\/"},"modified":"2026-04-15T03:32:37","modified_gmt":"2026-04-15T00:32:37","slug":"cocuklarda-narsisizm","status":"publish","type":"product","link":"https:\/\/roveyayinevi.com.tr\/index.php\/urun\/cocuklarda-narsisizm\/","title":{"rendered":"\u00c7ocuklarda Narsisizm"},"content":{"rendered":"<p>G\u00fcn\u00fcm\u00fcz\u00fcn &#8220;her \u015fey benimle ilgili&#8221; k\u00fclt\u00fcr\u00fcnde, empatidolu, duyarl\u0131 bireyler yeti\u015ftirmek zor. Ebeveynler do\u011frubilgiyle donat\u0131ld\u0131\u011f\u0131nda, \u00e7ocuklar\u0131n\u0131 zararl\u0131 etkilerdenkoruyabilirler. \u00c7ocuklarda Narsisizm, narsisistik davran\u0131\u015flar\u0131n \u00e7ocuklardanas\u0131l geli\u015febilece\u011fini a\u00e7\u0131klarken, ailelere bu e\u011filimleri dahaderinle\u015fmeden \u00f6nlemenin yollar\u0131n\u0131 g\u00f6steriyor. Sonara\u015ft\u0131rma ve teorilere dayanarak, narsisistik geli\u015fimi te\u015fvikeden d\u00f6rt ebeveyn tipini ve buna yol a\u00e7abilecek erkenuyar\u0131 i\u015faretlerini belirliyor. Narsisizmin \u00e7o\u011fu zaman \u00e7ocuklukta ba\u015flad\u0131\u011f\u0131n\u0131 vurgulayanDr. Mary Ann Little, empati ve \u015fefkatle b\u00fcy\u00fcyen \u00e7ocuklaryeti\u015ftirmek i\u00e7in \u00f6nemli ipu\u00e7lar\u0131 sunuyor.<\/p>\n","protected":false},"excerpt":{"rendered":"<p>G\u00fcn\u00fcm\u00fcz\u00fcn &#8220;her \u015fey benimle ilgili&#8221; k\u00fclt\u00fcr\u00fcnde, empatidolu, duyarl\u0131 bireyler yeti\u015ftirmek zor. Ebeveynler do\u011frubilgiyle donat\u0131ld\u0131\u011f\u0131nda, \u00e7ocuklar\u0131n\u0131 zararl\u0131 etkilerdenkoruyabilirler. \u00c7ocuklarda Narsisizm, narsisistik davran\u0131\u015flar\u0131n \u00e7ocuklardanas\u0131l geli\u015febilece\u011fini a\u00e7\u0131klarken, ailelere bu<span class=\"excerpt-hellip\"> [\u2026]<\/span><\/p>\n","protected":false},"featured_media":0,"template":"","meta":{"_monsterinsights_skip_tracking":false,"_monsterinsights_sitenote_active":false,"_monsterinsights_sitenote_note":"","_monsterinsights_sitenote_category":0},"product_brand":[],"product_cat":[12831,12324],"product_tag":[],"class_list":{"0":"post-766757","1":"product","2":"type-product","3":"status-publish","5":"product_cat-aile-ve-cocuk","6":"product_cat-sosyoloji","7":"pa_cilt-ciltsiz","8":"pa_tur-kitap","9":"pa_yayinevi-serenad-yayinevi","10":"pa_yazar-mary-ann-little","12":"first","13":"instock","14":"sale","15":"shipping-taxable","16":"purchasable","17":"product-type-simple"},"_links":{"self":[{"href":"https:\/\/roveyayinevi.com.tr\/index.php\/wp-json\/wp\/v2\/product\/766757","targetHints":{"allow":["GET"]}}],"collection":[{"href":"https:\/\/roveyayinevi.com.tr\/index.php\/wp-json\/wp\/v2\/product"}],"about":[{"href":"https:\/\/roveyayinevi.com.tr\/index.php\/wp-json\/wp\/v2\/types\/product"}],"wp:attachment":[{"href":"https:\/\/roveyayinevi.com.tr\/index.php\/wp-json\/wp\/v2\/media?parent=766757"}],"wp:term":[{"taxonomy":"product_brand","embeddable":true,"href":"https:\/\/roveyayinevi.com.tr\/index.php\/wp-json\/wp\/v2\/product_brand?post=766757"},{"taxonomy":"product_cat","embeddable":true,"href":"https:\/\/roveyayinevi.com.tr\/index.php\/wp-json\/wp\/v2\/product_cat?post=766757"},{"taxonomy":"product_tag","embeddable":true,"href":"https:\/\/roveyayinevi.com.tr\/index.php\/wp-json\/wp\/v2\/product_tag?post=766757"}],"curies":[{"name":"wp","href":"https:\/\/api.w.org\/{rel}","templated":true}]}}