{"id":766754,"date":"2025-08-28T12:24:05","date_gmt":"2025-08-28T09:24:05","guid":{"rendered":"https:\/\/roveyayinevi.com.tr\/index.php\/urun\/kilavuz-cubuklari\/"},"modified":"2026-04-15T03:32:37","modified_gmt":"2026-04-15T00:32:37","slug":"kilavuz-cubuklari","status":"publish","type":"product","link":"https:\/\/roveyayinevi.com.tr\/index.php\/urun\/kilavuz-cubuklari\/","title":{"rendered":"K\u0131lavuz \u00c7ubuklar\u0131"},"content":{"rendered":"<p>Elinizdeki cilt Josephine Bacon\u2019un yay\u0131mlanm\u0131\u015f \u00fc\u00e7 \u015fiir kitab\u0131n\u0131 bir araya getiriyor. Her kitap kendi \u00f6ns\u00f6z\u00fcn\u00fc i\u00e7erdi\u011finden bu \u00fc\u00e7 kitab\u0131n\u0131 bile\u015fimi olan bu T\u00fcrk\u00e7e bask\u0131ya ayr\u0131ca bir \u00f6ns\u00f6z yazmay\u0131 gerekli g\u00f6rmedik. Bunun yerine \u015faire y\u00f6neltti\u011fimiz \u00fc\u00e7 k\u00fc\u00e7\u00fck soruyu ve yan\u0131tlar\u0131n\u0131 payla\u015fmakla yetinece\u011fiz.   \u015eiirlerde ge\u00e7en kimi s\u00f6zc\u00fckler i\u00e7in a\u00e7\u0131klay\u0131c\u0131 notlar haz\u0131rlayarak kitab\u0131n son sayfalar\u0131na yerle\u015ftirdik. Bunlar\u0131n da, \u015fairin ve \u015fiirlerinin T\u00fcrk\u00e7e okurunca daha iyi anla\u015f\u0131lmas\u0131na yard\u0131mc\u0131 olaca\u011f\u0131n\u0131 umuyoruz. <\/p>\n","protected":false},"excerpt":{"rendered":"<p>Elinizdeki cilt Josephine Bacon\u2019un yay\u0131mlanm\u0131\u015f \u00fc\u00e7 \u015fiir kitab\u0131n\u0131 bir araya getiriyor. Her kitap kendi \u00f6ns\u00f6z\u00fcn\u00fc i\u00e7erdi\u011finden bu \u00fc\u00e7 kitab\u0131n\u0131 bile\u015fimi olan bu T\u00fcrk\u00e7e bask\u0131ya ayr\u0131ca bir<span class=\"excerpt-hellip\"> [\u2026]<\/span><\/p>\n","protected":false},"featured_media":0,"template":"","meta":{"_monsterinsights_skip_tracking":false,"_monsterinsights_sitenote_active":false,"_monsterinsights_sitenote_note":"","_monsterinsights_sitenote_category":0},"product_brand":[],"product_cat":[12291,12509],"product_tag":[],"class_list":{"0":"post-766754","1":"product","2":"type-product","3":"status-publish","5":"product_cat-edebiyat","6":"product_cat-siir","7":"pa_cilt-ciltsiz","8":"pa_tur-kitap","9":"pa_yayinevi-ayrinti-yayinlari","10":"pa_yazar-josephine-bacon","12":"first","13":"instock","14":"sale","15":"shipping-taxable","16":"purchasable","17":"product-type-simple"},"_links":{"self":[{"href":"https:\/\/roveyayinevi.com.tr\/index.php\/wp-json\/wp\/v2\/product\/766754","targetHints":{"allow":["GET"]}}],"collection":[{"href":"https:\/\/roveyayinevi.com.tr\/index.php\/wp-json\/wp\/v2\/product"}],"about":[{"href":"https:\/\/roveyayinevi.com.tr\/index.php\/wp-json\/wp\/v2\/types\/product"}],"wp:attachment":[{"href":"https:\/\/roveyayinevi.com.tr\/index.php\/wp-json\/wp\/v2\/media?parent=766754"}],"wp:term":[{"taxonomy":"product_brand","embeddable":true,"href":"https:\/\/roveyayinevi.com.tr\/index.php\/wp-json\/wp\/v2\/product_brand?post=766754"},{"taxonomy":"product_cat","embeddable":true,"href":"https:\/\/roveyayinevi.com.tr\/index.php\/wp-json\/wp\/v2\/product_cat?post=766754"},{"taxonomy":"product_tag","embeddable":true,"href":"https:\/\/roveyayinevi.com.tr\/index.php\/wp-json\/wp\/v2\/product_tag?post=766754"}],"curies":[{"name":"wp","href":"https:\/\/api.w.org\/{rel}","templated":true}]}}